{"id":103536,"date":"2014-12-17T05:07:50","date_gmt":"2014-12-17T05:07:50","guid":{"rendered":"https:\/\/www.animamacau.org\/our-services\/adoption\/hamsters\/"},"modified":"2020-08-25T08:29:50","modified_gmt":"2020-08-25T08:29:50","slug":"hamsters","status":"publish","type":"page","link":"https:\/\/www.animamacau.org\/pt-pt\/our-services\/adoption\/hamsters\/","title":{"rendered":"Hamsters"},"content":{"rendered":"<div class=\"wpb-content-wrapper\">[vc_row css=&#8221;.vc_custom_1419959288282{margin-top: 40px !important;}&#8221; row_type=&#8221;row&#8221; type=&#8221;grid&#8221; text_align=&#8221;left&#8221;][vc_column width=&#8221;1\/1&#8243;][vc_column_text css=&#8221;.vc_custom_1419959830014{padding-bottom: 40px !important;}&#8221;]\n<h4 style=\"text-align: center\">Obrigado por fazer a op\u00e7\u00e3o de adoptar, em vez de comprar!<br \/>\n<em>Ir\u00e1 ter um amigo para o resto da vida, com todo o amor incondicional que um animal de estima\u00e7\u00e3o pode dar, independentemente da sua ra\u00e7a.<\/em><\/h4>\n[\/vc_column_text][vc_text_separator title=&#8221;HAMSTERS PARA ADOP\u00c7\u00c3O&#8221; title_align=&#8221;separator_align_center&#8221; border=&#8221;no&#8221; el_class=&#8221;titulo_adoption&#8221;][vc_separator type=&#8221;transparent&#8221; up=&#8221;20&#8243; down=&#8221;30&#8243;]<div class='projects_holder_outer v4'><div class='projects_holder clearfix v4 hover_text'>\n<article class='mix hamsters-pt-pt '><div class='image_holder'><span class='image'><img loading=\"lazy\" decoding=\"async\" width=\"475\" height=\"475\" src=\"https:\/\/www.animamacau.org\/wp-content\/uploads\/2020\/08\/H066-Rose.jpg\" class=\"attachment-full size-full wp-post-image\" alt=\"\" srcset=\"https:\/\/www.animamacau.org\/wp-content\/uploads\/2020\/08\/H066-Rose.jpg 475w, https:\/\/www.animamacau.org\/wp-content\/uploads\/2020\/08\/H066-Rose-150x150.jpg 150w, https:\/\/www.animamacau.org\/wp-content\/uploads\/2020\/08\/H066-Rose-300x300.jpg 300w\" sizes=\"auto, (max-width: 475px) 100vw, 475px\" \/><\/span><div class='hover_feature_holder'><span class=\"hover_feature_holder_icons\"><span class=\"hover_feature_holder_icons_outer\"><span class=\"hover_feature_holder_icons_inner\"><a class='preview' target='_self' href='https:\/\/www.animamacau.org\/pt-pt\/adoption\/h066-rose\/'><i class='fa fa-link fa-2x'><\/i><\/a><\/span><\/span><\/span><div class=\"hover_feature_holder_title\"><div class=\"hover_feature_holder_title_inner\"><h4 class=\"portfolio_title\"><a href=\"https:\/\/www.animamacau.org\/pt-pt\/adoption\/h066-rose\/\" target=\"_self\">H066-Rose<\/a><\/h4><span class=\"project_category\">Hamsters<\/span><\/div><\/div><\/div><\/div><\/article>\n<article class='mix hamsters-pt-pt '><div class='image_holder'><span class='image'><img loading=\"lazy\" decoding=\"async\" width=\"475\" height=\"475\" src=\"https:\/\/www.animamacau.org\/wp-content\/uploads\/2020\/08\/H058-Rambutan.jpg\" class=\"attachment-full size-full wp-post-image\" alt=\"\" srcset=\"https:\/\/www.animamacau.org\/wp-content\/uploads\/2020\/08\/H058-Rambutan.jpg 475w, https:\/\/www.animamacau.org\/wp-content\/uploads\/2020\/08\/H058-Rambutan-150x150.jpg 150w, https:\/\/www.animamacau.org\/wp-content\/uploads\/2020\/08\/H058-Rambutan-300x300.jpg 300w\" sizes=\"auto, (max-width: 475px) 100vw, 475px\" \/><\/span><div class='hover_feature_holder'><span class=\"hover_feature_holder_icons\"><span class=\"hover_feature_holder_icons_outer\"><span class=\"hover_feature_holder_icons_inner\"><a class='preview' target='_self' href='https:\/\/www.animamacau.org\/pt-pt\/adoption\/h058-rambutan\/'><i class='fa fa-link fa-2x'><\/i><\/a><\/span><\/span><\/span><div class=\"hover_feature_holder_title\"><div class=\"hover_feature_holder_title_inner\"><h4 class=\"portfolio_title\"><a href=\"https:\/\/www.animamacau.org\/pt-pt\/adoption\/h058-rambutan\/\" target=\"_self\">H058-Rambutan<\/a><\/h4><span class=\"project_category\">Hamsters<\/span><\/div><\/div><\/div><\/div><\/article>\n<div class='filler'><\/div>\n<div class='filler'><\/div>\n<div class='filler'><\/div>\n<div class='filler'><\/div>\n<\/div><\/div>[\/vc_column][\/vc_row][vc_row][vc_column width=&#8221;1\/1&#8243;][\/vc_column][\/vc_row][vc_row][vc_column][\/vc_column][\/vc_row]\n<\/div>","protected":false},"excerpt":{"rendered":"<p>[vc_row css=&#8221;.vc_custom_1419959288282{margin-top: 40px !important;}&#8221; row_type=&#8221;row&#8221; type=&#8221;grid&#8221; text_align=&#8221;left&#8221;][vc_column width=&#8221;1\/1&#8243;][vc_column_text css=&#8221;.vc_custom_1419959830014{padding-bottom: 40px !important;}&#8221;] Obrigado por fazer a op\u00e7\u00e3o de adoptar, em vez de comprar! Ir\u00e1 ter um amigo para o resto da vida, com todo o amor incondicional que um animal de estima\u00e7\u00e3o pode dar, independentemente da sua ra\u00e7a. [\/vc_column_text][vc_text_separator title=&#8221;HAMSTERS PARA ADOP\u00c7\u00c3O&#8221; title_align=&#8221;separator_align_center&#8221; border=&#8221;no&#8221; el_class=&#8221;titulo_adoption&#8221;][vc_separator type=&#8221;transparent&#8221; up=&#8221;20&#8243; down=&#8221;30&#8243;][\/vc_column][\/vc_row][vc_row][vc_column width=&#8221;1\/1&#8243;][\/vc_column][\/vc_row][vc_row][vc_column][\/vc_column][\/vc_row]<\/p>\n","protected":false},"author":21,"featured_media":0,"parent":22916,"menu_order":0,"comment_status":"closed","ping_status":"closed","template":"","meta":{"_acf_changed":false,"footnotes":""},"class_list":["post-103536","page","type-page","status-publish","hentry"],"acf":[],"_links":{"self":[{"href":"https:\/\/www.animamacau.org\/pt-pt\/wp-json\/wp\/v2\/pages\/103536","targetHints":{"allow":["GET"]}}],"collection":[{"href":"https:\/\/www.animamacau.org\/pt-pt\/wp-json\/wp\/v2\/pages"}],"about":[{"href":"https:\/\/www.animamacau.org\/pt-pt\/wp-json\/wp\/v2\/types\/page"}],"author":[{"embeddable":true,"href":"https:\/\/www.animamacau.org\/pt-pt\/wp-json\/wp\/v2\/users\/21"}],"replies":[{"embeddable":true,"href":"https:\/\/www.animamacau.org\/pt-pt\/wp-json\/wp\/v2\/comments?post=103536"}],"version-history":[{"count":4,"href":"https:\/\/www.animamacau.org\/pt-pt\/wp-json\/wp\/v2\/pages\/103536\/revisions"}],"predecessor-version":[{"id":105809,"href":"https:\/\/www.animamacau.org\/pt-pt\/wp-json\/wp\/v2\/pages\/103536\/revisions\/105809"}],"up":[{"embeddable":true,"href":"https:\/\/www.animamacau.org\/pt-pt\/wp-json\/wp\/v2\/pages\/22916"}],"wp:attachment":[{"href":"https:\/\/www.animamacau.org\/pt-pt\/wp-json\/wp\/v2\/media?parent=103536"}],"curies":[{"name":"wp","href":"https:\/\/api.w.org\/{rel}","templated":true}]}}