{"id":115173,"date":"2021-03-30T05:10:23","date_gmt":"2021-03-30T05:10:23","guid":{"rendered":"https:\/\/www.animamacau.org\/?page_id=115173"},"modified":"2022-03-18T03:47:48","modified_gmt":"2022-03-18T03:47:48","slug":"com-acolhimento-temporario","status":"publish","type":"page","link":"https:\/\/www.animamacau.org\/pt-pt\/com-acolhimento-temporario\/","title":{"rendered":"Acolhimento Tempor\u00e1rio"},"content":{"rendered":"<div class=\"wpb-content-wrapper\">[vc_row row_type=&#8221;row&#8221; text_align=&#8221;left&#8221; css_animation=&#8221;&#8221;][vc_column css=&#8221;.vc_custom_1403185499435{margin-top: 60px !important;margin-bottom: 30px !important;}&#8221;][vc_column_text]\n<h4><span style=\"color: #333333\"><em>A Anima permite um programa de acolhimento tempor\u00e1rio de animais, direcionado para animais que n\u00e3o podem ser adotados de imediato ou em necessidade de cuidados especiais pr\u00e9-ado\u00e7\u00e3o.<\/em><\/span><\/h4>\n<h4><span style=\"color: #333333\"><em><br \/>\n<\/em><\/span><span style=\"color: #333333\"><em>Ao abrigo deste programa, ter\u00e1 a possibilidade de dar um lar tempor\u00e1rio a um animal doente ou s\u00e9nior, ajudando-nos a n\u00f3s e ao seu animal de estima\u00e7\u00e3o tempor\u00e1rio com medica\u00e7\u00e3o di\u00e1ria ou qualquer outro tipo de cuidado especial necess\u00e1rio.<\/em><\/span><\/h4>\n<h4><span style=\"color: #333333\"><em><br \/>\nO programa visa dar aos animais em circunst\u00e2ncias particulares &#8211; menos propensos a encontrar um adotante &#8211; a chance de conhecerem o amor de uma fam\u00edlia e, possivelmente, agilizar o processo de ado\u00e7\u00e3o.<\/em><\/span><\/h4>\n<h4><span style=\"color: #333333\"><em><br \/>\nDesta forma, c\u00e3es e gatos jovens ou beb\u00e9s n\u00e3o se enquadram neste programa, pois costumam ter uma procura maior e encontram um lar permanente com maior facilidade.<\/em><\/span><\/h4>\n<h4><span style=\"color: #333333\"><em><br \/>\nComo todos os animais merecem uma fam\u00edlia permanente, ao acolher temporariamente \u00e9 convidado a ajudar a Anima a encontrar um adotante adequado para o animal. Poder\u00e1 procurar dentro do seu c\u00edrculo de conhecidos por um adotante respons\u00e1vel.<\/em><\/span><\/h4>\n<h4><span style=\"color: #333333\"><em><span style=\"color: #333333\"><br \/>\nAcolher temporariamente traz cuidados aos que mais precisam e garante que a Anima tem um espa\u00e7o extra dispon\u00edvel para salvar mais uma vida!<\/span><br \/>\n<\/em><\/span><\/h4>\n[\/vc_column_text][vc_separator type=&#8221;transparent&#8221;][vc_column_text]\n<p>Eu aceito que este animal ficar\u00e1 temporariamente ao meu cuidado e pertence exclusivamente \u00e0 Anima. Eu entendo que o objetivo do acolhimento tempor\u00e1rio \u00e9 exclusivamente o de prestar cuidados a este animal. Qualquer decis\u00e3o feita sobre o animal dever\u00e1 ser aprovada por um representante designado da Anima. Eu entendo que quando o animal estiver pronto para ado\u00e7\u00e3o, necessitarei de o devolver \u00e0 Anima (todos os animais em acolhimento tempor\u00e1rio s\u00e3o propriedade da Anima e assim permanecer\u00e3o at\u00e9 que sejam adotados).<\/p>\n<p>Toda e quaisquer decis\u00f5es relacionadas com a ado\u00e7\u00e3o s\u00e3o feitas atrav\u00e9s da Anima e est\u00e3o sujeitas \u00e0s mesmas diretrizes de uma qualquer outra ado\u00e7\u00e3o. Os respons\u00e1veis pelo acolhimento tempor\u00e1rio s\u00e3o, contudo, incentivados a auxiliar no processo de ado\u00e7\u00e3o destes animais.<\/p>\n[\/vc_column_text]\n<div class=\"wpcf7 no-js\" id=\"wpcf7-f8817-o1\" lang=\"en-US\" dir=\"ltr\" data-wpcf7-id=\"8817\">\n<div class=\"screen-reader-response\"><p role=\"status\" aria-live=\"polite\" aria-atomic=\"true\"><\/p> <ul><\/ul><\/div>\n<form action=\"\/pt-pt\/wp-json\/wp\/v2\/pages\/115173#wpcf7-f8817-o1\" method=\"post\" class=\"wpcf7-form init\" aria-label=\"Contact form\" novalidate=\"novalidate\" data-status=\"init\">\n<fieldset class=\"hidden-fields-container\"><input type=\"hidden\" name=\"_wpcf7\" value=\"8817\" \/><input type=\"hidden\" name=\"_wpcf7_version\" value=\"6.1.4\" \/><input type=\"hidden\" name=\"_wpcf7_locale\" value=\"en_US\" \/><input type=\"hidden\" name=\"_wpcf7_unit_tag\" value=\"wpcf7-f8817-o1\" \/><input type=\"hidden\" name=\"_wpcf7_container_post\" value=\"0\" \/><input type=\"hidden\" name=\"_wpcf7_posted_data_hash\" value=\"\" \/><input type=\"hidden\" name=\"_wpcf7_recaptcha_response\" value=\"\" \/>\n<\/fieldset>\n<p><span class=\"wpcf7-form-control-wrap\" data-name=\"acceptance\"><span class=\"wpcf7-form-control wpcf7-acceptance\"><span class=\"wpcf7-list-item\"><input type=\"checkbox\" name=\"acceptance\" value=\"1\" checked=\"checked\" aria-invalid=\"false\" \/><\/span><\/span><\/span>&nbsp;&nbsp;<strong>I accept the terms and conditions of being a Foster Parent<\/strong>\n<\/p>\n<p>* required fields\n<\/p>\n<div style=\"margin-top:5px;margin-bottom:5px;background-color: #db0a19;height:thin;\" class=\"separator  full_width center  \">\n<\/div>\n<h3>FOSTER PARENT APPLICATION\n<\/h3>\n<div class=\"column_01\">\n\t<h6>Surname<span style=\"color:#db0a19\">*<\/span>\n\t<\/h6>\n\t<p><span class=\"wpcf7-form-control-wrap\" data-name=\"Surname\"><input size=\"30\" maxlength=\"400\" class=\"wpcf7-form-control wpcf7-text wpcf7-validates-as-required\" aria-required=\"true\" aria-invalid=\"false\" value=\"\" type=\"text\" name=\"Surname\" \/><\/span>\n\t<\/p>\n\t<h6>Home Telephone\n\t<\/h6>\n\t<p><span class=\"wpcf7-form-control-wrap\" data-name=\"telephonehome\"><input size=\"30\" maxlength=\"400\" class=\"wpcf7-form-control wpcf7-tel wpcf7-text wpcf7-validates-as-tel\" aria-invalid=\"false\" value=\"\" type=\"tel\" name=\"telephonehome\" \/><\/span>\n\t<\/p>\n\t<h6>Occupation\n\t<\/h6>\n\t<p><span class=\"wpcf7-form-control-wrap\" data-name=\"Occupation\"><input size=\"30\" maxlength=\"400\" class=\"wpcf7-form-control wpcf7-text\" aria-invalid=\"false\" value=\"\" type=\"text\" name=\"Occupation\" \/><\/span>\n\t<\/p>\n\t<h6>ID Card <span style=\"color:#db0a19\">*<\/span>\n\t<\/h6>\n\t<p><span class=\"wpcf7-form-control-wrap\" data-name=\"IDCARD\"><input size=\"30\" maxlength=\"400\" class=\"wpcf7-form-control wpcf7-text wpcf7-validates-as-required\" aria-required=\"true\" aria-invalid=\"false\" value=\"\" type=\"text\" name=\"IDCARD\" \/><\/span>\n\t<\/p>\n<\/div>\n<div class=\"column_02\">\n\t<h6>Name<span style=\"color:#db0a19\">*<\/span>\n\t<\/h6>\n\t<p><span class=\"wpcf7-form-control-wrap\" data-name=\"your-name\"><input size=\"30\" maxlength=\"400\" class=\"wpcf7-form-control wpcf7-text wpcf7-validates-as-required\" aria-required=\"true\" aria-invalid=\"false\" value=\"\" type=\"text\" name=\"your-name\" \/><\/span>\n\t<\/p>\n\t<h6>Mobile <span style=\"color:#db0a19\">*<\/span>\n\t<\/h6>\n\t<p><span class=\"wpcf7-form-control-wrap\" data-name=\"telephonemobile\"><input size=\"30\" maxlength=\"400\" class=\"wpcf7-form-control wpcf7-tel wpcf7-validates-as-required wpcf7-text wpcf7-validates-as-tel\" aria-required=\"true\" aria-invalid=\"false\" value=\"\" type=\"tel\" name=\"telephonemobile\" \/><\/span>\n\t<\/p>\n\t<h6>Name of Employer or Business\n\t<\/h6>\n\t<p><span class=\"wpcf7-form-control-wrap\" data-name=\"employer\"><input size=\"30\" maxlength=\"400\" class=\"wpcf7-form-control wpcf7-text\" aria-invalid=\"false\" value=\"\" type=\"text\" name=\"employer\" \/><\/span>\n\t<\/p>\n\t<h6>Nationality<span style=\"color:#db0a19\">*<\/span>\n\t<\/h6>\n\t<p><span class=\"wpcf7-form-control-wrap\" data-name=\"Nationality\"><input size=\"30\" maxlength=\"400\" class=\"wpcf7-form-control wpcf7-text wpcf7-validates-as-required\" aria-required=\"true\" aria-invalid=\"false\" value=\"\" type=\"text\" name=\"Nationality\" \/><\/span>\n\t<\/p>\n<\/div>\n<div class=\"column_03\">\n\t<h6>Address <span style=\"color:#db0a19\">*<\/span>\n\t<\/h6>\n\t<p><span class=\"wpcf7-form-control-wrap\" data-name=\"Address\"><input size=\"50\" maxlength=\"400\" class=\"wpcf7-form-control wpcf7-text wpcf7-validates-as-required\" aria-required=\"true\" aria-invalid=\"false\" value=\"\" type=\"text\" name=\"Address\" \/><\/span>\n\t<\/p>\n\t<h6>Fax\n\t<\/h6>\n\t<p><span class=\"wpcf7-form-control-wrap\" data-name=\"fax\"><input size=\"50\" maxlength=\"400\" class=\"wpcf7-form-control wpcf7-tel wpcf7-text wpcf7-validates-as-tel\" aria-invalid=\"false\" value=\"\" type=\"tel\" name=\"fax\" \/><\/span>\n\t<\/p>\n\t<h6>Email Address <span style=\"color:#db0a19\">*<\/span>\n\t<\/h6>\n\t<p><span class=\"wpcf7-form-control-wrap\" data-name=\"email\"><input size=\"50\" maxlength=\"400\" class=\"wpcf7-form-control wpcf7-email wpcf7-validates-as-required wpcf7-text wpcf7-validates-as-email\" aria-required=\"true\" aria-invalid=\"false\" value=\"\" type=\"email\" name=\"email\" \/><\/span>\n\t<\/p>\n\t<h6>Birth Date: <span style=\"color:#db0a19\">*<\/span>\n\t<\/h6>\n\t<p><span class=\"wpcf7-form-control-wrap\" data-name=\"date-203\"><input class=\"wpcf7-form-control wpcf7-date wpcf7-validates-as-date\" aria-invalid=\"false\" placeholder=\"yyyy-mm-dd\" value=\"\" type=\"date\" name=\"date-203\" \/><\/span>\n\t<\/p>\n<\/div>\n<div class=\"full\">\n\t<div style=\"margin-top:5px;margin-bottom:5px;background-color: #db0a19;height:thin;\" class=\"separator  full_width center  \">\n\t<\/div>\n\t<h3>PET PARTICULARS\n\t<\/h3>\n<\/div>\n<div class=\"column_01\">\n\t<h6>Name\n\t<\/h6>\n\t<p><span class=\"wpcf7-form-control-wrap\" data-name=\"Name\"><input size=\"30\" maxlength=\"400\" class=\"wpcf7-form-control wpcf7-text\" aria-invalid=\"false\" value=\"\" type=\"text\" name=\"Name\" \/><\/span>\n\t<\/p>\n\t<h6>Colour\n\t<\/h6>\n\t<p><span class=\"wpcf7-form-control-wrap\" data-name=\"Colour\"><input size=\"30\" maxlength=\"400\" class=\"wpcf7-form-control wpcf7-text\" aria-invalid=\"false\" value=\"\" type=\"text\" name=\"Colour\" \/><\/span>\n\t<\/p>\n<\/div>\n<div class=\"column_02\">\n\t<h6>Breed\n\t<\/h6>\n\t<p><span class=\"wpcf7-form-control-wrap\" data-name=\"Breed\"><input size=\"30\" maxlength=\"400\" class=\"wpcf7-form-control wpcf7-text\" aria-invalid=\"false\" value=\"\" type=\"text\" name=\"Breed\" \/><\/span>\n\t<\/p>\n\t<h6>Anima Tag n\u00ba\n\t<\/h6>\n\t<p><span class=\"wpcf7-form-control-wrap\" data-name=\"Tag\"><input size=\"30\" maxlength=\"400\" class=\"wpcf7-form-control wpcf7-text\" aria-invalid=\"false\" value=\"\" type=\"text\" name=\"Tag\" \/><\/span>\n\t<\/p>\n<\/div>\n<div class=\"column_03\">\n\t<h6>Gender\n\t<\/h6>\n\t<p><span class=\"wpcf7-form-control-wrap\" data-name=\"Gender\"><input size=\"30\" maxlength=\"400\" class=\"wpcf7-form-control wpcf7-text\" aria-invalid=\"false\" value=\"\" type=\"text\" name=\"Gender\" \/><\/span>\n\t<\/p>\n\t<h6>If you forgot the id of the animal (Anima tag)\n\t<\/h6>\n\t<p><span style=\"margin-top:10px;line-height:30px\"><a href=\"http:\/\/animamacau.org\/\/adoption\"  target=\"_blank\">please take a look here<\/a><\/span>\n\t<\/p>\n<\/div>\n<div class=\"full\">\n\n\t<p><input class=\"wpcf7-form-control wpcf7-submit has-spinner\" type=\"submit\" value=\"Send\" \/>\n\t<\/p>\n<\/div><div class=\"wpcf7-response-output\" aria-hidden=\"true\"><\/div>\n<\/form>\n<\/div>\n[vc_separator type=&#8221;transparent&#8221; thickness=&#8221;1&#8243; up=&#8221;10&#8243; down=&#8221;10&#8243;][\/vc_column][\/vc_row]\n<\/div>","protected":false},"excerpt":{"rendered":"<p>[vc_row row_type=&#8221;row&#8221; text_align=&#8221;left&#8221; css_animation=&#8221;&#8221;][vc_column css=&#8221;.vc_custom_1403185499435{margin-top: 60px !important;margin-bottom: 30px !important;}&#8221;][vc_column_text] A Anima permite um programa de acolhimento tempor\u00e1rio de animais, direcionado para animais que n\u00e3o podem ser adotados de imediato ou em necessidade de cuidados especiais pr\u00e9-ado\u00e7\u00e3o. Ao abrigo deste programa, ter\u00e1 a possibilidade de dar um lar tempor\u00e1rio a um animal doente ou s\u00e9nior, ajudando-nos a n\u00f3s e ao seu animal de estima\u00e7\u00e3o tempor\u00e1rio com medica\u00e7\u00e3o di\u00e1ria ou qualquer outro tipo de cuidado especial necess\u00e1rio. O programa visa dar aos animais em circunst\u00e2ncias particulares &#8211; menos propensos a encontrar um adotante &#8211; a chance de conhecerem o amor de uma fam\u00edlia e, possivelmente, agilizar o processo de ado\u00e7\u00e3o. Desta forma, c\u00e3es e gatos jovens ou beb\u00e9s n\u00e3o se enquadram neste programa, pois costumam ter uma procura maior e encontram um lar permanente com maior facilidade. Como todos os animais merecem uma fam\u00edlia permanente, ao acolher&#8230;<\/p>\n","protected":false},"author":21,"featured_media":0,"parent":0,"menu_order":0,"comment_status":"open","ping_status":"open","template":"","meta":{"_acf_changed":false,"footnotes":""},"class_list":["post-115173","page","type-page","status-publish","hentry"],"acf":[],"_links":{"self":[{"href":"https:\/\/www.animamacau.org\/pt-pt\/wp-json\/wp\/v2\/pages\/115173","targetHints":{"allow":["GET"]}}],"collection":[{"href":"https:\/\/www.animamacau.org\/pt-pt\/wp-json\/wp\/v2\/pages"}],"about":[{"href":"https:\/\/www.animamacau.org\/pt-pt\/wp-json\/wp\/v2\/types\/page"}],"author":[{"embeddable":true,"href":"https:\/\/www.animamacau.org\/pt-pt\/wp-json\/wp\/v2\/users\/21"}],"replies":[{"embeddable":true,"href":"https:\/\/www.animamacau.org\/pt-pt\/wp-json\/wp\/v2\/comments?post=115173"}],"version-history":[{"count":5,"href":"https:\/\/www.animamacau.org\/pt-pt\/wp-json\/wp\/v2\/pages\/115173\/revisions"}],"predecessor-version":[{"id":134588,"href":"https:\/\/www.animamacau.org\/pt-pt\/wp-json\/wp\/v2\/pages\/115173\/revisions\/134588"}],"wp:attachment":[{"href":"https:\/\/www.animamacau.org\/pt-pt\/wp-json\/wp\/v2\/media?parent=115173"}],"curies":[{"name":"wp","href":"https:\/\/api.w.org\/{rel}","templated":true}]}}