{"id":22868,"date":"2014-12-08T17:40:10","date_gmt":"2014-12-08T17:40:10","guid":{"rendered":"http:\/\/animamacau.org\/\/about-us\/finance\/"},"modified":"2025-05-09T12:58:25","modified_gmt":"2025-05-09T12:58:25","slug":"finance","status":"publish","type":"page","link":"https:\/\/www.animamacau.org\/pt-pt\/about-us\/finance\/","title":{"rendered":"Finan\u00e7as"},"content":{"rendered":"<div class=\"wpb-content-wrapper\">[vc_row row_type=&#8221;row&#8221; text_align=&#8221;left&#8221; css_animation=&#8221;&#8221; css=&#8221;.vc_custom_1420651469947{margin-top: 40px !important;}&#8221;][vc_column][vc_separator type=&#8221;transparent&#8221; thickness=&#8221;1&#8243; up=&#8221;40&#8243;][vc_column_text el_class=&#8221;budget_2014&#8243; css=&#8221;.vc_custom_1647340225539{margin-top: 0px !important;}&#8221;]\n<h2>2024<\/h2>\n[\/vc_column_text][vc_accordion style=&#8221;accordion&#8221;][vc_accordion_tab title=&#8221;Lucros e Perdas&#8221; icon=&#8221;&#8221;][vc_column_text el_class=&#8221;finance_2014&#8243;]<span style=\"color: #0000ff\">Profit and Loss (P&amp;L) Statement of 2024<\/span>[\/vc_column_text][\/vc_accordion_tab][vc_accordion_tab title=&#8221;Balan\u00e7o&#8221; icon=&#8221;&#8221;][vc_column_text]<span style=\"color: #0000ff\">Balance Sheet of 2024<\/span>[\/vc_column_text][\/vc_accordion_tab][\/vc_accordion][\/vc_column][\/vc_row][vc_row row_type=&#8221;row&#8221; text_align=&#8221;left&#8221; css_animation=&#8221;&#8221; css=&#8221;.vc_custom_1420651469947{margin-top: 40px !important;}&#8221;][vc_column][vc_column_text el_class=&#8221;budget_2014&#8243; css=&#8221;.vc_custom_1647340363730{margin-top: 0px !important;}&#8221;]\n<h2>2023<\/h2>\n[\/vc_column_text][vc_accordion style=&#8221;accordion&#8221;][vc_accordion_tab title=&#8221;Lucros e Perdas&#8221; icon=&#8221;&#8221;][vc_column_text el_class=&#8221;finance_2014&#8243;]<span style=\"color: #0000ff\"><a style=\"color: #0000ff\" href=\"https:\/\/www.animamacau.org\/wp-content\/uploads\/2024\/05\/2023-PL-PT-3.pdf\">Profit and Loss (P&amp;L) Statement of 2023<\/a><\/span>[\/vc_column_text][\/vc_accordion_tab][vc_accordion_tab title=&#8221;Balan\u00e7o&#8221; icon=&#8221;&#8221;][vc_column_text]<a href=\"https:\/\/www.animamacau.org\/wp-content\/uploads\/2024\/05\/2023-BS-PT-2.pdf\">Balance Sheet of 2023<\/a>[\/vc_column_text][\/vc_accordion_tab][\/vc_accordion][\/vc_column][\/vc_row][vc_row row_type=&#8221;row&#8221; text_align=&#8221;left&#8221; css_animation=&#8221;&#8221; css=&#8221;.vc_custom_1420651469947{margin-top: 40px !important;}&#8221;][vc_column][vc_column_text el_class=&#8221;budget_2014&#8243; css=&#8221;.vc_custom_1647340363730{margin-top: 0px !important;}&#8221;]\n<h2>2022<\/h2>\n[\/vc_column_text][vc_accordion style=&#8221;accordion&#8221;][vc_accordion_tab title=&#8221;Lucros e Perdas&#8221; icon=&#8221;&#8221;][vc_column_text el_class=&#8221;finance_2014&#8243;]<a href=\"https:\/\/www.animamacau.org\/wp-content\/uploads\/2024\/05\/2022-PL-PT.pdf\"><span style=\"color: #0000ff\">Profit and Loss (P&amp;L) Statement of 2022<\/span><\/a>[\/vc_column_text][\/vc_accordion_tab][vc_accordion_tab title=&#8221;Balan\u00e7o&#8221; icon=&#8221;&#8221;][vc_column_text]<a href=\"https:\/\/www.animamacau.org\/wp-content\/uploads\/2024\/05\/2022-BS-PT.pdf\">Balance Sheet of 2022<\/a>[\/vc_column_text][\/vc_accordion_tab][\/vc_accordion][\/vc_column][\/vc_row][vc_row row_type=&#8221;row&#8221; text_align=&#8221;left&#8221; css_animation=&#8221;&#8221; css=&#8221;.vc_custom_1420651469947{margin-top: 40px !important;}&#8221;][vc_column][vc_column_text el_class=&#8221;budget_2014&#8243; css=&#8221;.vc_custom_1647340363730{margin-top: 0px !important;}&#8221;]\n<h2>2021<\/h2>\n[\/vc_column_text][vc_accordion style=&#8221;accordion&#8221;][vc_accordion_tab title=&#8221;Lucros e Perdas&#8221; icon=&#8221;&#8221;][vc_column_text el_class=&#8221;finance_2014&#8243;]<a href=\"https:\/\/www.animamacau.org\/wp-content\/uploads\/2022\/03\/PL_2021-EN-provisional.pdf\">Profit and Loss\u00a0(P&amp;L) Statement of 2021<\/a>[\/vc_column_text][\/vc_accordion_tab][vc_accordion_tab title=&#8221;Balan\u00e7o&#8221; icon=&#8221;&#8221;][vc_column_text]<a href=\"https:\/\/www.animamacau.org\/wp-content\/uploads\/2022\/03\/BS_2021-EN-CH-Provisional.pdf\"><span style=\"color: #0000ff\">Balance Sheet of 2021<\/span><\/a>[\/vc_column_text][\/vc_accordion_tab][\/vc_accordion][\/vc_column][\/vc_row][vc_row row_type=&#8221;row&#8221; text_align=&#8221;left&#8221; css_animation=&#8221;&#8221; css=&#8221;.vc_custom_1420651469947{margin-top: 40px !important;}&#8221;][vc_column][vc_column_text el_class=&#8221;budget_2014&#8243; css=&#8221;.vc_custom_1647340363730{margin-top: 0px !important;}&#8221;]\n<h2>2020<\/h2>\n[\/vc_column_text][vc_accordion style=&#8221;accordion&#8221;][vc_accordion_tab title=&#8221;Lucros e Perdas&#8221; icon=&#8221;&#8221;][vc_column_text el_class=&#8221;finance_2014&#8243;]<a href=\"https:\/\/www.animamacau.org\/wp-content\/uploads\/2022\/03\/PL_2020-EN.pdf\">Profit and Loss\u00a0(P&amp;L) Statement of 2020<\/a>[\/vc_column_text][\/vc_accordion_tab][vc_accordion_tab title=&#8221;Balan\u00e7o&#8221; icon=&#8221;&#8221;][vc_column_text]<a href=\"https:\/\/www.animamacau.org\/wp-content\/uploads\/2022\/03\/BS_2020-EN-CH.pdf\">Balance Sheet of 2020<\/a>[\/vc_column_text][\/vc_accordion_tab][\/vc_accordion][\/vc_column][\/vc_row][vc_row row_type=&#8221;row&#8221; text_align=&#8221;left&#8221; css_animation=&#8221;&#8221; css=&#8221;.vc_custom_1420651469947{margin-top: 40px !important;}&#8221;][vc_column][vc_column_text el_class=&#8221;budget_2014&#8243; css=&#8221;.vc_custom_1647340382410{margin-top: 0px !important;}&#8221;]\n<h2>2019<\/h2>\n[\/vc_column_text][vc_accordion style=&#8221;accordion&#8221;][vc_accordion_tab title=&#8221;Lucros e Perdas&#8221; icon=&#8221;&#8221;][vc_column_text el_class=&#8221;finance_2014&#8243;]<a href=\"https:\/\/www.animamacau.org\/wp-content\/uploads\/2022\/03\/PL_2019-EN.pdf\">Profit and Loss\u00a0(P&amp;L) Statement of 2019<\/a>[\/vc_column_text][\/vc_accordion_tab][vc_accordion_tab title=&#8221;Balan\u00e7o&#8221; icon=&#8221;&#8221;][vc_column_text]<a href=\"https:\/\/www.animamacau.org\/wp-content\/uploads\/2022\/03\/BS_2019-EN-CH.pdf\">Balance Sheet of 2019<\/a>[\/vc_column_text][\/vc_accordion_tab][\/vc_accordion][\/vc_column][\/vc_row][vc_row row_type=&#8221;row&#8221; text_align=&#8221;left&#8221; css_animation=&#8221;&#8221; css=&#8221;.vc_custom_1420651469947{margin-top: 40px !important;}&#8221;][vc_column][vc_column_text el_class=&#8221;budget_2014&#8243; css=&#8221;.vc_custom_1647340392542{margin-top: 0px !important;}&#8221;]\n<h2>2018<\/h2>\n[\/vc_column_text][vc_accordion style=&#8221;accordion&#8221;][vc_accordion_tab title=&#8221;Lucros e Perdas&#8221; icon=&#8221;&#8221;][vc_column_text el_class=&#8221;finance_2014&#8243;]<a href=\"https:\/\/www.animamacau.org\/wp-content\/uploads\/2022\/03\/PL_2018-EN.pdf\">Profit and Loss\u00a0(P&amp;L) Statement of 2018<\/a>[\/vc_column_text][\/vc_accordion_tab][vc_accordion_tab title=&#8221;Balan\u00e7o&#8221; icon=&#8221;&#8221;][vc_column_text]<a href=\"https:\/\/www.animamacau.org\/wp-content\/uploads\/2022\/03\/BS_2018-EN-CH.pdf\">Balance Sheet of 2018<\/a>[\/vc_column_text][\/vc_accordion_tab][\/vc_accordion][\/vc_column][\/vc_row][vc_row row_type=&#8221;row&#8221; text_align=&#8221;left&#8221; css_animation=&#8221;&#8221; css=&#8221;.vc_custom_1420651469947{margin-top: 40px !important;}&#8221;][vc_column][vc_column_text el_class=&#8221;budget_2014&#8243; css=&#8221;.vc_custom_1647340403220{margin-top: 0px !important;}&#8221;]\n<h2>2017<\/h2>\n[\/vc_column_text][vc_accordion style=&#8221;accordion&#8221;][vc_accordion_tab title=&#8221;Lucros e Perdas&#8221; icon=&#8221;&#8221;][vc_column_text el_class=&#8221;finance_2014&#8243;]<a href=\"https:\/\/www.animamacau.org\/wp-content\/uploads\/2022\/03\/PL_2017-EN.pdf\">Profit and Loss\u00a0(P&amp;L) Statement of 2017<\/a>[\/vc_column_text][\/vc_accordion_tab][vc_accordion_tab title=&#8221;Balan\u00e7o&#8221; icon=&#8221;&#8221;][vc_column_text]<a href=\"https:\/\/www.animamacau.org\/wp-content\/uploads\/2022\/03\/BS_2017-EN-CH.pdf\">Balance Sheet of 2017<\/a>[\/vc_column_text][\/vc_accordion_tab][\/vc_accordion][\/vc_column][\/vc_row][vc_row row_type=&#8221;row&#8221; text_align=&#8221;left&#8221; css_animation=&#8221;&#8221; css=&#8221;.vc_custom_1420651469947{margin-top: 40px !important;}&#8221;][vc_column][vc_column_text el_class=&#8221;budget_2014&#8243; css=&#8221;.vc_custom_1647340412650{margin-top: 0px !important;}&#8221;]\n<h2>2016<\/h2>\n[\/vc_column_text][vc_accordion style=&#8221;accordion&#8221;][vc_accordion_tab title=&#8221;Lucros e Perdas&#8221; icon=&#8221;&#8221;][vc_column_text el_class=&#8221;finance_2014&#8243;]<a href=\"https:\/\/www.animamacau.org\/wp-content\/uploads\/2022\/03\/PL_2016-EN.pdf\">Profit and Loss\u00a0(P&amp;L) Statement of 2016<\/a>[\/vc_column_text][\/vc_accordion_tab][vc_accordion_tab title=&#8221;Balan\u00e7o&#8221; icon=&#8221;&#8221;][vc_column_text]<a href=\"https:\/\/www.animamacau.org\/wp-content\/uploads\/2022\/03\/BS_2016-EN-CH.pdf\">Balance Sheet of 2016<\/a>[\/vc_column_text][\/vc_accordion_tab][\/vc_accordion][\/vc_column][\/vc_row][vc_row row_type=&#8221;row&#8221; text_align=&#8221;left&#8221; css_animation=&#8221;&#8221; css=&#8221;.vc_custom_1420651469947{margin-top: 40px !important;}&#8221;][vc_column][vc_column_text el_class=&#8221;budget_2014&#8243; css=&#8221;.vc_custom_1647340423973{margin-top: 0px !important;}&#8221;]\n<h2>2015<\/h2>\n[\/vc_column_text][vc_accordion style=&#8221;accordion&#8221;][vc_accordion_tab title=&#8221;Lucros e Perdas&#8221; icon=&#8221;&#8221;][vc_column_text el_class=&#8221;finance_2014&#8243;]<a href=\"https:\/\/www.animamacau.org\/wp-content\/uploads\/2022\/03\/PL_2015-EN-1.pdf\">Profit and Loss\u00a0(P&amp;L) Statement of 2015<\/a>[\/vc_column_text][\/vc_accordion_tab][vc_accordion_tab title=&#8221;Balan\u00e7o&#8221; icon=&#8221;&#8221;][vc_column_text]<a href=\"https:\/\/www.animamacau.org\/wp-content\/uploads\/2022\/03\/BS_2015-EN-CH.pdf\">Balance Sheet of 2015<\/a>[\/vc_column_text][\/vc_accordion_tab][\/vc_accordion][\/vc_column][\/vc_row][vc_row row_type=&#8221;row&#8221; text_align=&#8221;left&#8221; css_animation=&#8221;&#8221; css=&#8221;.vc_custom_1420651469947{margin-top: 40px !important;}&#8221;][vc_column][vc_column_text el_class=&#8221;budget_2014&#8243; css=&#8221;.vc_custom_1427311375926{margin-top: 0px !important;}&#8221;]\n<h2>2014<\/h2>\n[\/vc_column_text][vc_accordion style=&#8221;accordion&#8221;][vc_accordion_tab title=&#8221;Lucros e Perdas&#8221; icon=&#8221;&#8221;][vc_column_text el_class=&#8221;finance_2014&#8243;]<a href=\"https:\/\/www.animamacau.org\/wp-content\/uploads\/2022\/03\/PL_2014-EN.pdf\">Profit and Loss\u00a0(P&amp;L) Statement of 2014<\/a>[\/vc_column_text][\/vc_accordion_tab][vc_accordion_tab title=&#8221;Balan\u00e7o&#8221; icon=&#8221;&#8221;][vc_column_text]<a href=\"https:\/\/www.animamacau.org\/wp-content\/uploads\/2022\/03\/BS_2014EN-CH.pdf\">Balance Sheet of 2014<\/a>[\/vc_column_text][\/vc_accordion_tab][vc_accordion_tab title=&#8221;Subs\u00eddios da Funda\u00e7\u00e3o Macau&#8221; icon=&#8221;&#8221;][vc_column_text el_class=&#8221;subsidies&#8221;]<a href=\"https:\/\/www.animamacau.org\/wp-content\/uploads\/2022\/03\/Subsidies-Macau-Foundation-until-2014.pdf\">Subsidies Macau Foundation until 2014<\/a>[\/vc_accordion_tab][vc_accordion_tab title=&#8221;Maiores Doadores da Anima&#8221; icon=&#8221;&#8221;][vc_column_text el_class=&#8221;donators&#8221;]\n<h4><strong>Donativos iguais ou superiores a \u00a0MOP 500 000<\/strong><\/h4>\n<p><a href=\"https:\/\/www.animamacau.org\/wp-content\/uploads\/2022\/03\/Major_Contributors_2014.pdf\">Major Contributors until 2014 (PDF)<\/a><\/p>\n<p><strong><br \/>\n812<\/strong> \u00e9 o n\u00famero total de doadores ou de outras fontes de receitas (actividades, indiv\u00edduos or grupos de doadores)<br \/>\n<strong>*<\/strong> Funda\u00e7\u00e3o Macau, em 2014, aprovou um subs\u00eddio de MOP 4 milh\u00f5es. Dos quais MOP 3.6 mil milh\u00f5es foram recebidos em 2014 e os restantes MOP 400,000 em 2015.[\/vc_column_text][\/vc_accordion_tab][\/vc_accordion][\/vc_column][\/vc_row][vc_row row_type=&#8221;row&#8221; text_align=&#8221;left&#8221; css_animation=&#8221;&#8221; css=&#8221;.vc_custom_1418172175608{margin-top: 40px !important;}&#8221;][vc_column][vc_column_text]\n<h2>2013<\/h2>\n[\/vc_column_text][vc_accordion style=&#8221;accordion&#8221;][vc_accordion_tab title=&#8221;Lucros e Perdas&#8221; icon=&#8221;&#8221;][vc_column_text el_class=&#8221;finance_2014&#8243;]<a href=\"https:\/\/www.animamacau.org\/wp-content\/uploads\/2022\/03\/PL-2013-EN.pdf\">Profit and Loss\u00a0(P&amp;L) Statement of 2013<\/a>[\/vc_column_text][\/vc_accordion_tab][vc_accordion_tab title=&#8221;Balan\u00e7o&#8221; icon=&#8221;&#8221;][vc_column_text]<a href=\"https:\/\/www.animamacau.org\/wp-content\/uploads\/2022\/03\/BS_2013EN-CH.pdf\">Balance Sheet of 2013<\/a>[\/vc_column_text][\/vc_accordion_tab][vc_accordion_tab title=&#8221;Subs\u00eddios da Funda\u00e7\u00e3o Macau&#8221; icon=&#8221;&#8221;]<a href=\"https:\/\/www.animamacau.org\/wp-content\/uploads\/2022\/03\/Subsidies-Macau-Foundation-until-2013.pdf\">Subsidies Macau Foundation until 2013<\/a>[\/vc_accordion_tab][vc_accordion_tab title=&#8221;Maiores Doadores da Anima&#8221; icon=&#8221;&#8221;][vc_column_text el_class=&#8221;donators&#8221;]\n<h4><strong>Donativos iguais ou superiores a \u00a0MOP 300 000<\/strong><\/h4>\n<p><a href=\"https:\/\/www.animamacau.org\/wp-content\/uploads\/2022\/03\/Major_Contributors_2013.pdf\">Major Contributors until 2013 (PDF)<\/a><\/p>\n<p><strong><br \/>\n681<\/strong> \u00e9 o n\u00famero total de doadores ou de outras fontes de receitas (actividades, indiv\u00edduos or grupos de doadores)<\/p>\n<p>* Depois de Setembro existe uma doa\u00e7\u00e3o de\u00a0 MOP 155 252<\/p>\n<p>** Depois de Setembro existe uma doa\u00e7\u00e3o de MOP 150 000[\/vc_column_text][\/vc_accordion_tab][\/vc_accordion][\/vc_column][\/vc_row]\n<\/div>","protected":false},"excerpt":{"rendered":"<p>[vc_row row_type=&#8221;row&#8221; text_align=&#8221;left&#8221; css_animation=&#8221;&#8221; css=&#8221;.vc_custom_1420651469947{margin-top: 40px !important;}&#8221;][vc_column][vc_separator type=&#8221;transparent&#8221; thickness=&#8221;1&#8243; up=&#8221;40&#8243;][vc_column_text el_class=&#8221;budget_2014&#8243; css=&#8221;.vc_custom_1647340225539{margin-top: 0px !important;}&#8221;] 2024 [\/vc_column_text][vc_accordion style=&#8221;accordion&#8221;][vc_accordion_tab title=&#8221;Lucros e Perdas&#8221; icon=&#8221;&#8221;][vc_column_text el_class=&#8221;finance_2014&#8243;]Profit and Loss (P&amp;L) Statement of 2024[\/vc_column_text][\/vc_accordion_tab][vc_accordion_tab title=&#8221;Balan\u00e7o&#8221; icon=&#8221;&#8221;][vc_column_text]Balance Sheet of 2024[\/vc_column_text][\/vc_accordion_tab][\/vc_accordion][\/vc_column][\/vc_row][vc_row row_type=&#8221;row&#8221; text_align=&#8221;left&#8221; css_animation=&#8221;&#8221; css=&#8221;.vc_custom_1420651469947{margin-top: 40px !important;}&#8221;][vc_column][vc_column_text el_class=&#8221;budget_2014&#8243; css=&#8221;.vc_custom_1647340363730{margin-top: 0px !important;}&#8221;] 2023 [\/vc_column_text][vc_accordion style=&#8221;accordion&#8221;][vc_accordion_tab title=&#8221;Lucros e Perdas&#8221; icon=&#8221;&#8221;][vc_column_text el_class=&#8221;finance_2014&#8243;]Profit and Loss (P&amp;L) Statement of 2023[\/vc_column_text][\/vc_accordion_tab][vc_accordion_tab title=&#8221;Balan\u00e7o&#8221; icon=&#8221;&#8221;][vc_column_text]Balance Sheet of 2023[\/vc_column_text][\/vc_accordion_tab][\/vc_accordion][\/vc_column][\/vc_row][vc_row row_type=&#8221;row&#8221; text_align=&#8221;left&#8221; css_animation=&#8221;&#8221; css=&#8221;.vc_custom_1420651469947{margin-top: 40px !important;}&#8221;][vc_column][vc_column_text el_class=&#8221;budget_2014&#8243; css=&#8221;.vc_custom_1647340363730{margin-top: 0px !important;}&#8221;] 2022 [\/vc_column_text][vc_accordion style=&#8221;accordion&#8221;][vc_accordion_tab title=&#8221;Lucros e Perdas&#8221; icon=&#8221;&#8221;][vc_column_text el_class=&#8221;finance_2014&#8243;]Profit and Loss (P&amp;L) Statement of 2022[\/vc_column_text][\/vc_accordion_tab][vc_accordion_tab title=&#8221;Balan\u00e7o&#8221; icon=&#8221;&#8221;][vc_column_text]Balance Sheet of 2022[\/vc_column_text][\/vc_accordion_tab][\/vc_accordion][\/vc_column][\/vc_row][vc_row row_type=&#8221;row&#8221; text_align=&#8221;left&#8221; css_animation=&#8221;&#8221; css=&#8221;.vc_custom_1420651469947{margin-top: 40px !important;}&#8221;][vc_column][vc_column_text el_class=&#8221;budget_2014&#8243; css=&#8221;.vc_custom_1647340363730{margin-top: 0px !important;}&#8221;] 2021 [\/vc_column_text][vc_accordion style=&#8221;accordion&#8221;][vc_accordion_tab title=&#8221;Lucros e Perdas&#8221; icon=&#8221;&#8221;][vc_column_text el_class=&#8221;finance_2014&#8243;]Profit and Loss\u00a0(P&amp;L) Statement of 2021[\/vc_column_text][\/vc_accordion_tab][vc_accordion_tab title=&#8221;Balan\u00e7o&#8221; icon=&#8221;&#8221;][vc_column_text]Balance Sheet of 2021[\/vc_column_text][\/vc_accordion_tab][\/vc_accordion][\/vc_column][\/vc_row][vc_row row_type=&#8221;row&#8221; text_align=&#8221;left&#8221; css_animation=&#8221;&#8221; css=&#8221;.vc_custom_1420651469947{margin-top: 40px !important;}&#8221;][vc_column][vc_column_text el_class=&#8221;budget_2014&#8243; css=&#8221;.vc_custom_1647340363730{margin-top: 0px !important;}&#8221;] 2020 [\/vc_column_text][vc_accordion style=&#8221;accordion&#8221;][vc_accordion_tab title=&#8221;Lucros e Perdas&#8221; icon=&#8221;&#8221;][vc_column_text el_class=&#8221;finance_2014&#8243;]Profit and Loss\u00a0(P&amp;L) Statement of 2020[\/vc_column_text][\/vc_accordion_tab][vc_accordion_tab title=&#8221;Balan\u00e7o&#8221; icon=&#8221;&#8221;][vc_column_text]Balance Sheet&#8230;<\/p>\n","protected":false},"author":1,"featured_media":0,"parent":22857,"menu_order":0,"comment_status":"open","ping_status":"open","template":"","meta":{"_acf_changed":false,"footnotes":""},"class_list":["post-22868","page","type-page","status-publish","hentry"],"acf":[],"_links":{"self":[{"href":"https:\/\/www.animamacau.org\/pt-pt\/wp-json\/wp\/v2\/pages\/22868","targetHints":{"allow":["GET"]}}],"collection":[{"href":"https:\/\/www.animamacau.org\/pt-pt\/wp-json\/wp\/v2\/pages"}],"about":[{"href":"https:\/\/www.animamacau.org\/pt-pt\/wp-json\/wp\/v2\/types\/page"}],"author":[{"embeddable":true,"href":"https:\/\/www.animamacau.org\/pt-pt\/wp-json\/wp\/v2\/users\/1"}],"replies":[{"embeddable":true,"href":"https:\/\/www.animamacau.org\/pt-pt\/wp-json\/wp\/v2\/comments?post=22868"}],"version-history":[{"count":7,"href":"https:\/\/www.animamacau.org\/pt-pt\/wp-json\/wp\/v2\/pages\/22868\/revisions"}],"predecessor-version":[{"id":156578,"href":"https:\/\/www.animamacau.org\/pt-pt\/wp-json\/wp\/v2\/pages\/22868\/revisions\/156578"}],"up":[{"embeddable":true,"href":"https:\/\/www.animamacau.org\/pt-pt\/wp-json\/wp\/v2\/pages\/22857"}],"wp:attachment":[{"href":"https:\/\/www.animamacau.org\/pt-pt\/wp-json\/wp\/v2\/media?parent=22868"}],"curies":[{"name":"wp","href":"https:\/\/api.w.org\/{rel}","templated":true}]}}