{"id":22893,"date":"2013-12-11T12:12:00","date_gmt":"2013-12-11T12:12:00","guid":{"rendered":"http:\/\/animamacau.org\/\/our-services-2\/"},"modified":"2025-03-05T08:09:05","modified_gmt":"2025-03-05T08:09:05","slug":"our-services","status":"publish","type":"page","link":"https:\/\/www.animamacau.org\/pt-pt\/our-services\/","title":{"rendered":"Servi\u00e7os"},"content":{"rendered":"<div class=\"wpb-content-wrapper\">[vc_row row_type=&#8221;row&#8221; text_align=&#8221;left&#8221; css_animation=&#8221;&#8221;][vc_column css=&#8221;.vc_custom_1403715039083{margin: 42px 12px 12px !important;}&#8221;][vc_separator type=&#8221;transparent&#8221;][vc_row_inner row_type=&#8221;row&#8221; text_align=&#8221;left&#8221; css_animation=&#8221;&#8221;][vc_column_inner width=&#8221;1\/3&#8243;]<div class='q_icon_with_title medium  icon_image'><div class=\"icon_holder q_icon_animation\" style=\" transition-delay: 100ms; -webkit-transition-delay: 100ms; -moz-transition-delay: 100ms; -o-transition-delay: 100ms;\"><img decoding=\"async\" style=\"\" src=\"https:\/\/www.animamacau.org\/wp-content\/uploads\/2013\/12\/icon-pata.png\" alt=\"\"><\/div><div class=\"icon_text_holder\"><div class=\"icon_text_inner\" style=\"\"><h4 class=\"icon_title\" style=\"\">Adop\u00e7\u00f5es<\/h4><p style=''><\/p><\/div><\/div><\/div>[\/vc_column_inner][vc_column_inner width=&#8221;1\/3&#8243;]<div class='q_icon_with_title medium  icon_image'><div class=\"icon_holder q_icon_animation\" style=\" transition-delay: 100ms; -webkit-transition-delay: 100ms; -moz-transition-delay: 100ms; -o-transition-delay: 100ms;\"><img decoding=\"async\" style=\"\" src=\"https:\/\/www.animamacau.org\/wp-content\/uploads\/2013\/12\/icon-maos.png\" alt=\"\"><\/div><div class=\"icon_text_holder\"><div class=\"icon_text_inner\" style=\"\"><h4 class=\"icon_title\" style=\"\">Programa de Protec\u00e7\u00e3o Especial (PPE)<\/h4><p style=''><\/p><\/div><\/div><\/div>[\/vc_column_inner][vc_column_inner width=&#8221;1\/3&#8243;]<div class='q_icon_with_title medium  icon_image'><div class=\"icon_holder q_icon_animation\" style=\" transition-delay: 100ms; -webkit-transition-delay: 100ms; -moz-transition-delay: 100ms; -o-transition-delay: 100ms;\"><img decoding=\"async\" style=\"\" src=\"https:\/\/www.animamacau.org\/wp-content\/uploads\/2013\/12\/icon-cruz.png\" alt=\"\"><\/div><div class=\"icon_text_holder\"><div class=\"icon_text_inner\" style=\"\"><h4 class=\"icon_title\" style=\"\">Cl\u00ednica<\/h4><p style=''><\/p><\/div><\/div><\/div>[\/vc_column_inner][\/vc_row_inner][vc_row_inner row_type=&#8221;row&#8221; text_align=&#8221;left&#8221; css_animation=&#8221;&#8221;][vc_column_inner width=&#8221;1\/3&#8243;]<div class='q_icon_with_title medium  icon_image'><div class=\"icon_holder q_icon_animation\" style=\" transition-delay: 100ms; -webkit-transition-delay: 100ms; -moz-transition-delay: 100ms; -o-transition-delay: 100ms;\"><img decoding=\"async\" style=\"\" src=\"https:\/\/www.animamacau.org\/wp-content\/uploads\/2013\/12\/seringa.png\" alt=\"\"><\/div><div class=\"icon_text_holder\"><div class=\"icon_text_inner\" style=\"\"><h4 class=\"icon_title\" style=\"\">Resgates<\/h4><p style=''><\/p><\/div><\/div><\/div>[\/vc_column_inner][vc_column_inner width=&#8221;1\/3&#8243;]<div class='q_icon_with_title medium  icon_image'><div class=\"icon_holder q_icon_animation\" style=\" transition-delay: 100ms; -webkit-transition-delay: 100ms; -moz-transition-delay: 100ms; -o-transition-delay: 100ms;\"><img decoding=\"async\" style=\"\" src=\"https:\/\/www.animamacau.org\/wp-content\/uploads\/2013\/12\/icon-bloco.png\" alt=\"\"><\/div><div class=\"icon_text_holder\"><div class=\"icon_text_inner\" style=\"\"><h4 class=\"icon_title\" style=\"\">Programas Educativos<\/h4><p style=''><\/p><\/div><\/div><\/div>[\/vc_column_inner][\/vc_row_inner][vc_separator type=&#8221;transparent&#8221;][\/vc_column][\/vc_row][vc_row row_type=&#8221;row&#8221; text_align=&#8221;center&#8221; css_animation=&#8221;&#8221;][vc_column][vc_column_text css=&#8221;.vc_custom_1642048710637{padding-top: 80px !important;padding-bottom: 40px !important;}&#8221;]\n<h1>Procura um animal de estima\u00e7\u00e3o?<\/h1>\n<h2><span style=\"color: #000000\">Conhe\u00e7a o Processo de Ado\u00e7\u00e3o<\/span><\/h2>\n[\/vc_column_text][vc_separator type=&#8221;transparent&#8221;][\/vc_column][\/vc_row][vc_row row_type=&#8221;row&#8221; text_align=&#8221;left&#8221; css_animation=&#8221;&#8221;][vc_column]<div class='q_steps_holder'><div class='steps_holder_inner'><div class='circle_small_holder step1'><div class='circle_small_holder_inner'><div class='arrow_holder'><\/div><div class='circle_small'><a href='http:\/\/animamacau.org\/pt-pt\/our-services\/adoption\/' target='_blank' class='circle_small_inner'><div class=\"image_holder\"><img decoding=\"async\" src=\"https:\/\/www.animamacau.org\/wp-content\/uploads\/2021\/10\/Choose-the-right-pet-PT.png\" alt=\"\" \/><\/div><span style='color: #ffffff; background-color: #da0a18;'>1<\/span><\/a><\/div><\/div><\/div><div class='circle_small_holder step2'><div class='circle_small_holder_inner'><div class='arrow_holder'><\/div><div class='circle_small'><a href='http:\/\/animamacau.org\/pt-pt\/our-services\/adoption-form\/' target='_self' class='circle_small_inner'><div class=\"image_holder\"><img decoding=\"async\" src=\"https:\/\/www.animamacau.org\/wp-content\/uploads\/2021\/10\/Preencha-o-formul\u00e1rio-de-Ado\u00e7\u00e1o-PT.png\" alt=\"\" \/><\/div><span style='color: #ffffff; background-color: #da0a18;'>2<\/span><\/a><\/div><\/div><\/div><div class='circle_small_holder step3'><div class='circle_small_holder_inner'><div class='arrow_holder'><\/div><div class='circle_small'><div class='circle_small_inner'><div class=\"image_holder\"><img decoding=\"async\" src=\"https:\/\/www.animamacau.org\/wp-content\/uploads\/2021\/10\/House-Check-and-Wait-for-Approval-pt-modified.png\" alt=\"\" \/><\/div><span style='color: #ffffff; background-color: #da0a18;'>3<\/span><\/div><\/div><\/div><\/div><div class='circle_small_holder step4'><div class='circle_small_holder_inner'><div class='arrow_holder'><\/div><div class='circle_small'><div class='circle_small_inner'><div class=\"image_holder\"><img decoding=\"async\" src=\"https:\/\/www.animamacau.org\/wp-content\/uploads\/2021\/10\/Adopter-modified-1.png\" alt=\"\" \/><\/div><span style='color: #ffffff; background-color: #da0a18;'>4<\/span><\/div><\/div><\/div><\/div><\/div><\/div>[vc_separator type=&#8221;transparent&#8221; up=&#8221;10&#8243; down=&#8221;10&#8243;][\/vc_column][\/vc_row][vc_row row_type=&#8221;row&#8221; anchor=&#8221;adoption&#8221; text_align=&#8221;left&#8221; css_animation=&#8221;&#8221;][vc_column][vc_column_text css=&#8221;.vc_custom_1642048636181{padding-bottom: 40px !important;}&#8221;]\n<h1 style=\"text-align: center\">Por favor adote, n\u00e3o compre!<\/h1>\n[\/vc_column_text][vc_separator type=&#8221;transparent&#8221; up=&#8221;40&#8243; down=&#8221;10&#8243;][vc_single_image image=&#8221;22909&#8243; img_size=&#8221;full&#8221;][vc_separator type=&#8221;transparent&#8221; up=&#8221;40&#8243; down=&#8221;10&#8243;][\/vc_column][\/vc_row][vc_row row_type=&#8221;row&#8221; text_align=&#8221;left&#8221; css_animation=&#8221;&#8221; css=&#8221;.vc_custom_1418183104072{padding-bottom: 40px !important;}&#8221;][vc_column width=&#8221;1\/2&#8243;][vc_column_text]\n<h4 style=\"text-align: left\">Porqu\u00ea que deve adotar um animal de um abrigo de resgate?<\/h4>\n<p style=\"text-align: justify\">Primeiro, estar\u00e1 a ajudar um animal dando-lhe uma segunda oportunidade na vida.<br \/>\nSegundo, \u00e9 menos um animal na rua.<br \/>\nTerceiro, est\u00e1 a possibilitar a Anima salvar mais animais, tendo em conta que o nosso espa\u00e7o est\u00e1 lotado.<br \/>\nQuarto, est\u00e1 a contribuir para o fim do tr\u00e1fico ilegal (por pessoas irrespons\u00e1veis ou lojas de animais) de animais em Macau, o que consequentemente ajuda \u00e0 propaga\u00e7\u00e3o de doen\u00e7as na nossa cidade.<br \/>\nQuinto, n\u00e3o tem de pagar pelo animal, ter\u00e1 que somente contribuir para a licen\u00e7a e para a taxa de esteriliza\u00e7\u00e3o.<\/p>\n<p style=\"text-align: justify\">Todos os animais do nosso abrigo t\u00eam uma hist\u00f3ria para contar. Eles tanto foram abandonados pelos seus pr\u00f3prios donos; resgatados nas ruas com doen\u00e7as, feridos ou evidenciando sinais que n\u00e3o conseguem sobreviver nas ruas (animais adultos ou jovens); ou salvos dos canis que iriam p\u00f4r um fim \u00e0s suas vidas. Alguns dos nossos animais t\u00eam agora uma vida melhor mas existem alguns que sentem a falta do conforto de estarem numa fam\u00edlia. No entanto, independentemente do seu passado, todos t\u00eam toneladas de amor e alegria para oferecer. N\u00f3s gostar\u00edamos que soubessem os motivos que certas pessoas invocam para abandonar os seus pr\u00f3prios animais em Macau:<\/p>\n<ol style=\"text-align: justify\">\n<li>Sa\u00edda permanente de Macau<\/li>\n<li>Casamentos e nascimento dos filhos<\/li>\n<li>Alergias<\/li>\n<li>&#8220;O animal destr\u00f3i tudo o que \u00e9 da casa&#8221; ou &#8220;N\u00f3s n\u00e3o conseguimos ter m\u00e3o nele&#8221;<\/li>\n<li>Os donos s\u00e3o incapazes de conceber (devido \u00e0 presen\u00e7a do animal de estima\u00e7\u00e3o)<\/li>\n<li>A fam\u00edlia j\u00e1 perdeu todo o interesse no animal e j\u00e1 n\u00e3o o quer mais<\/li>\n<li>Compraram um novo e belo animal numa loja de animais<\/li>\n<li>Quando chegam \u00e0 fase adulta, perdem toda a sua gra\u00e7a e charme.<\/li>\n<li>A casa \u00e9 pequena de mais para um c\u00e3o adulto<\/li>\n<\/ol>\n<p style=\"text-align: justify\">Todos esse motivos s\u00e3o pass\u00edveis de serem previstos. Se n\u00e3o estiver nos seus planos ficar em Macau por longo per\u00edodo, ou se n\u00e3o estiver seguro que levar\u00e1 os seus animais de estima\u00e7\u00e3o consigo, ou se ainda n\u00e3o souber bem o que fazer, por que n\u00e3o decidir ser, ao inv\u00e9s, patrocinador (padrinho) de um animal? Pode escolher o animal que entender, ser respons\u00e1vel pelo seu bem-estar, visit\u00e1-lo frequentemente, trein\u00e1-lo e por que n\u00e3o lev\u00e1-lo consigo para casa num dia em que tenha tempo livre?<\/p>\n[\/vc_column_text][vc_separator type=&#8221;transparent&#8221; up=&#8221;10&#8243; down=&#8221;10&#8243;]<a href=\"http:\/\/animamacau.org\/\/pt-pt\/our-services\/adoption-form\/\" target=\"_self\" class=\"qbutton  medium center\" style=\"color: #ffffff; background-color: #da0a18; font-style: normal; font-weight: 400; \">Preencha o formul\u00e1rio de adop\u00e7\u00e3o<\/a>[vc_separator type=&#8221;transparent&#8221;][\/vc_column][vc_column width=&#8221;1\/2&#8243;][vc_column_text css=&#8221;.vc_custom_1454423818488{padding-bottom: 20px !important;}&#8221;]\n<h4 style=\"text-align: justify\">A Ado\u00e7\u00e3o \u00e9 uma op\u00e7\u00e3o para o resto da vida.<\/h4>\n<p style=\"text-align: justify\">A ado\u00e7\u00e3o \u00e9 uma decis\u00e3o que n\u00e3o deve ser tomada de \u00e2nimo leve. Mesmo que a adop\u00e7\u00e3o n\u00e3o seja uma decis\u00e3o complicada nem perigosa, existem determinados factores que s\u00e3o importantes ter em conta, como o facto de a vida de um c\u00e3o poder durar at\u00e9 aos 16 anos. Est\u00e1 realmente preparado para se comprometer a ter um animal por tanto tempo? Na Anima n\u00f3s promovemos a amizade para o resto da vida, e ficamos muito felizes quando os nossos amigos peludos arranjam uma fam\u00edlia. S\u00e3o as nossas hist\u00f3rias de sucesso e temos muito orgulho nelas!<\/p>\n<p style=\"text-align: justify\">A ANIMA promove acima de tudo a posse respons\u00e1vel de um animal de estima\u00e7\u00e3o, e cuidar de um animal \u00e9 muito mais do que apenas providenci\u00e1-lo com alimenta\u00e7\u00e3o ou abrigo. Por isso aconselhamos que antes de adotar um animal de estima\u00e7\u00e3o, pergunte a si pr\u00f3prio:<\/p>\n<ol style=\"text-align: justify\">\n<li>O que o leva a adoptar um animal?<\/li>\n<li>Est\u00e1 preparado para um compromisso de longo prazo?<\/li>\n<li>Sabe qual \u00e9 o tipo de animal de estima\u00e7\u00e3o que se adequa mais ao seu estilo de vida?<\/li>\n<li>Tem capacidade para cuidar dele e dar-lhe seguran\u00e7a para toda a vida?<\/li>\n<li>Tem tempo para estar com o seu animal de estima\u00e7\u00e3o?<\/li>\n<li>Poder\u00e1 cuidar do seu animal de estima\u00e7\u00e3o se este adoecer?<\/li>\n<li>Est\u00e1 disposto a treinar o seu animal?<\/li>\n<li>Estar\u00e1 a sua fam\u00edlia preparada para receber um animal de estima\u00e7\u00e3o?<\/li>\n<\/ol>\n<p style=\"text-align: justify\">Trata-se de um momento muito feliz quando um animal de estima\u00e7\u00e3o entra na nossa vida. Fa\u00e7amos dele um momento para festejar e para lembrar.<\/p>\n<p style=\"text-align: justify\">Por favor n\u00e3o se esque\u00e7a que os animais t\u00eam a sua pr\u00f3pria forma de comunicar e est\u00e3o bem cientes quando existe uma altera\u00e7\u00e3o de comportamentos das pessoas que os rodeiam.<\/p>\n<p style=\"text-align: justify\">Eles ficam preocupados se voc\u00ea est\u00e1 preocupado.<br \/>\nEles t\u00eam a capacidade de sentir os seus sentimentos e s\u00e3o os \u00fanicos que o apoiam incondicionalmente!<br \/>\nEles s\u00f3 o querem a si!<br \/>\nS\u00e3o eles que est\u00e3o sempre \u00e0 sua porta \u00e0 espera de si!<\/p>\n[\/vc_column_text][\/vc_column][\/vc_row][vc_row row_type=&#8221;row&#8221; anchor=&#8221;rescue&#8221; text_align=&#8221;center&#8221; css_animation=&#8221;&#8221;][vc_column][vc_column_text css=&#8221;.vc_custom_1418186252343{padding-top: 80px !important;padding-bottom: 40px !important;}&#8221;]\n<h1 style=\"text-align: center\">Resgate<\/h1>\n<h4 style=\"text-align: center\">Resgatar animais \u00e9 uma das tarefas di\u00e1rias da Anima, mesmo quando o abrigo est\u00e1 lotado.<\/h4>\n[\/vc_column_text][vc_separator type=&#8221;transparent&#8221; up=&#8221;10&#8243; down=&#8221;10&#8243;][\/vc_column][\/vc_row][vc_row row_type=&#8221;row&#8221; text_align=&#8221;left&#8221; css_animation=&#8221;&#8221;][vc_column width=&#8221;1\/2&#8243;][vc_column_text]\n<p style=\"text-align: justify\">A equipa de resgate da Anima \u00e9 constitu\u00edda por um n\u00famero m\u00e1ximo de tr\u00eas pessoas. Devido \u00e0 falta de funcion\u00e1rios, a Anima foi for\u00e7ada a ter uma equipa constitu\u00edda somente por duas pessoas. Se deseja ajudar-nos, por favor, inscreva-se no nosso \u00a0<a title=\"Be a Volunteer\" href=\"http:\/\/animamacau.org\/\/pt-pt\/be-a-volunteer\/\"><strong>Comit\u00e9 de Resgate como volunt\u00e1rio.<\/strong><\/a><\/p>\n<p style=\"text-align: justify\">A Anima tem normas muito restrictivas no que diz respeito \u00e0s opera\u00e7\u00f5es de resgate, como pode observar pelo respectivo regulamento.<\/p>\n<p style=\"text-align: justify\">Muitas vezes a Anima \u00e9 solicitada pelos Bombeiros e pela Pol\u00edcia para ajud\u00e1-los em opera\u00e7\u00f5es de resgate. Noutros casos \u00e9 a Anima que lhes pede ajuda, especialmente quando o animal se encontra em propriedade privada, fechado em lojas ou locais de dif\u00edcil acesso.<\/p>\n<p style=\"text-align: justify\">Qualquer resgate come\u00e7a por uma chamada e pelo preenchimento do Formul\u00e1rio de Resgate, que \u00e9 imediatamente submetido \u00e0 Comiss\u00e3o Executiva da Anima. Cabe \u00e0 Comiss\u00e3o Executiva decidir sobre o pr\u00f3ximo passo a dar. Mesmo quando o nosso abrigo se encontra lotado a nossa equipa de resgate tem sempre de se deslocar ao local para o qual foi chamada para verificar a situa\u00e7\u00e3o e reportar in loco. As decis\u00f5es s\u00e3o tomadas antes da nossa equipa abandonar o local de resgate. Nenhum animal ferido ou em risco fica no local de resgate, mas poder\u00e3o regressar a ele depois de serem tratados, se n\u00e3o ficarem de novo em perigo.<\/p>\n[\/vc_column_text][vc_separator type=&#8221;transparent&#8221; up=&#8221;10&#8243; down=&#8221;10&#8243;][vc_row_inner row_type=&#8221;row&#8221; text_align=&#8221;left&#8221; css_animation=&#8221;&#8221;][vc_column_inner width=&#8221;1\/2&#8243;]<a href=\"http:\/\/animamacau.org\/\/pt-pt\/be-a-volunteer\/\" target=\"_self\" class=\"qbutton  medium center\" style=\"color: #ffffff; background-color: #da0a18; font-style: normal; font-weight: 400; \">Inscreva-se como volunt\u00e1rio<\/a>[\/vc_column_inner][vc_column_inner width=&#8221;1\/2&#8243;][\/vc_column_inner][\/vc_row_inner][\/vc_column][vc_column width=&#8221;1\/2&#8243;][vc_single_image image=&#8221;22907&#8243; img_size=&#8221;full&#8221;][\/vc_column][\/vc_row][vc_row row_type=&#8221;row&#8221; anchor=&#8221;rescue&#8221; text_align=&#8221;center&#8221; css_animation=&#8221;&#8221;][vc_column][vc_separator type=&#8221;transparent&#8221;][vc_column_text css=&#8221;.vc_custom_1634808558196{padding-top: 80px !important;padding-bottom: 40px !important;}&#8221;]\n<h1 style=\"text-align: center\">Programa de Prote\u00e7\u00e3o Especial<\/h1>\n<h4 style=\"text-align: center\">(PPE)<\/h4>\n[\/vc_column_text][vc_separator type=&#8221;transparent&#8221; up=&#8221;10&#8243; down=&#8221;10&#8243;][\/vc_column][\/vc_row][vc_row row_type=&#8221;row&#8221; text_align=&#8221;left&#8221; css_animation=&#8221;&#8221;][vc_column width=&#8221;1\/2&#8243;][vc_single_image image=&#8221;22908&#8243; img_size=&#8221;full&#8221;][\/vc_column][vc_column width=&#8221;1\/2&#8243;][vc_column_text]\n<p style=\"text-align: justify\"><strong>O que \u00e9 o PPE (Programa de Prote\u00e7\u00e3o Especial)?<br \/>\n<\/strong><em>O PPE \u00e9 um programa muito especial que se destina a proteger os animais que n\u00e3o se encontram nas instala\u00e7\u00f5es da Anima<\/em><\/p>\n<p style=\"text-align: justify\"><strong>Porqu\u00ea que a Anima criou este programa?<br \/>\n<\/strong><em>O PPE foi criado porque as suas instala\u00e7\u00f5es se encontram lotadas, sendo a \u00fanica forma de proteger animais que se encontram fora das nossas instala\u00e7\u00f5es.<\/em><\/p>\n<p style=\"text-align: justify\"><strong>O qu\u00ea que a Anima oferece e quais s\u00e3o as condi\u00e7\u00f5es para que um animal possa estar sobre a al\u00e7ada do PPE?<br \/>\n<\/strong><em>Os animais que est\u00e3o sobre o Programa de Protec\u00e7\u00e3o Especial s\u00e3o aqueles que vivem fora da Anima, principalmente nas ruas ou em locais de constru\u00e7\u00e3o.<\/em><\/p>\n<p style=\"text-align: justify\"><strong>O qu\u00ea que a Anima providencia a essas animais?<br \/>\n<\/strong><em>Comida, medicamenta\u00e7\u00e3o e todo o bem-estar necess\u00e1rio dentro das nossas capacidades financeiras.<\/em><\/p>\n[\/vc_column_text][vc_column_text]\n<p style=\"text-align: justify\"><strong><em>Quais s\u00e3o os animais que podem ser abrangidos por este Programa?<br \/>\n<\/em><\/strong><em>Animais que s\u00e3o di\u00e1riamente seguidos pelos nossos volunt\u00e1rios. Uma foto, nome, g\u00e9nero e local onde vivem, s\u00e3o as condi\u00e7\u00f5es para estarem sobre a al\u00e7ada do PPE. Os volunt\u00e1rios que tomam conta deles t\u00eam que estar registados na Anima nessa condi\u00e7\u00e3o para puderem beneficiar de ajuda.<\/em><\/p>\n<p style=\"text-align: justify\"><strong>Quais s\u00e3o os locais onde a Anima tem animais nessa condi\u00e7\u00e3o?<br \/>\n<\/strong><em>N\u00e3o podemos revelar essa informa\u00e7\u00e3o para os proteger. No entanto, podemos informar que a Anima tem 40 \u00e1reas de c\u00e3es que s\u00e3o abrangidas pelo PPE e quatro \u00e1reas destinadas a gatos.<\/em><\/p>\n<p style=\"text-align: justify\"><strong><em>Por favor seja activo! Ajude-nos a ajud\u00e1-los!<br \/>\nSeja um volunt\u00e1rio do PPE!<\/em><\/strong><\/p>\n[\/vc_column_text][vc_separator type=&#8221;transparent&#8221; up=&#8221;10&#8243; down=&#8221;10&#8243;]<a href=\"http:\/\/animamacau.org\/\/pt-pt\/spp-volunteer\/\" target=\"_self\" class=\"qbutton  medium center\" style=\"color: #ffffff; background-color: #da0a18; font-style: normal; font-weight: 400; \">Inscreva-se como volunt\u00e1rio PPE!<\/a>[\/vc_column][\/vc_row][vc_row row_type=&#8221;row&#8221; anchor=&#8221;education&#8221; text_align=&#8221;center&#8221; css_animation=&#8221;&#8221;][vc_column][vc_separator type=&#8221;transparent&#8221; up=&#8221;10&#8243; down=&#8221;20&#8243;][vc_column_text css=&#8221;.vc_custom_1454352229593{padding-top: 80px !important;padding-bottom: 40px !important;}&#8221;]\n<div class=\"vc_text_separator wpb_content_element full separator_align_left titulo_interior\">\n<h1 style=\"text-align: center\">Educa\u00e7\u00e3o<\/h1>\n<\/div>\n<h4 style=\"text-align: center\"><\/h4>\n[\/vc_column_text][vc_separator type=&#8221;transparent&#8221; up=&#8221;10&#8243; down=&#8221;10&#8243;][vc_separator type=&#8221;transparent&#8221; up=&#8221;10&#8243; down=&#8221;10&#8243;][vc_separator type=&#8221;transparent&#8221;][vc_separator type=&#8221;transparent&#8221;][vc_separator type=&#8221;transparent&#8221;][\/vc_column][\/vc_row][vc_row row_type=&#8221;row&#8221; text_align=&#8221;left&#8221; css_animation=&#8221;&#8221;][vc_column width=&#8221;1\/2&#8243;][vc_column_text]\n<p style=\"text-align: justify\">A Educa\u00e7\u00e3o \u00e9 um fator crucial para a mudan\u00e7a do ambiente de crueldade que enfrentamos em Macau. As atividades da Anima compreendem muitas visitas \u00e0s escolas (de todos os n\u00edveis de ensino) e a rece\u00e7\u00e3o de grupos de escolas, associa\u00e7\u00f5es, grupos de empresas e grupos de amigos que desejam interagir com os animais que se encontram no nosso abrigo. Todos s\u00e3o convidados a ajudar-nos com trabalho volunt\u00e1rio.<\/p>\n<p style=\"text-align: justify\">Em 2021, 108 grupos de escolas, empresas, associa\u00e7\u00f5es ou grupos de amigos visitaram os abrigos da Anima.<br \/>\nNo total, recebemos 10.589 visitantes em 2021, um crescimento face \u00e0s 10.495 pessoas recebidas em 2020 e aos 7.487 visitantes registados em 2019.<br \/>\nEm 2021, a Anima esteve ainda presente em 19 visitas ou eventos, fora dos nossos abrigos!<\/p>\n[\/vc_column_text][\/vc_column][vc_column width=&#8221;1\/2&#8243;][vc_single_image image=&#8221;22910&#8243; img_size=&#8221;full&#8221;][\/vc_column][\/vc_row][vc_row row_type=&#8221;row&#8221; anchor=&#8221;clinic&#8221; text_align=&#8221;left&#8221; css_animation=&#8221;&#8221;][vc_column][\/vc_column][\/vc_row][vc_row row_type=&#8221;row&#8221; anchor=&#8221;accommodation&#8221; text_align=&#8221;left&#8221; css_animation=&#8221;&#8221;][vc_column][vc_separator type=&#8221;transparent&#8221; up=&#8221;10&#8243; down=&#8221;10&#8243;][vc_column_text css=&#8221;.vc_custom_1634807558258{padding-top: 80px !important;padding-bottom: 40px !important;}&#8221;]\n<div class=\"vc_text_separator wpb_content_element full separator_align_left titulo_interior\"><\/div>\n<\/div>","protected":false},"excerpt":{"rendered":"<p>[vc_row row_type=&#8221;row&#8221; text_align=&#8221;left&#8221; css_animation=&#8221;&#8221;][vc_column css=&#8221;.vc_custom_1403715039083{margin: 42px 12px 12px !important;}&#8221;][vc_separator type=&#8221;transparent&#8221;][vc_row_inner row_type=&#8221;row&#8221; text_align=&#8221;left&#8221; css_animation=&#8221;&#8221;][vc_column_inner width=&#8221;1\/3&#8243;][\/vc_column_inner][vc_column_inner width=&#8221;1\/3&#8243;][\/vc_column_inner][vc_column_inner width=&#8221;1\/3&#8243;][\/vc_column_inner][\/vc_row_inner][vc_row_inner row_type=&#8221;row&#8221; text_align=&#8221;left&#8221; css_animation=&#8221;&#8221;][vc_column_inner width=&#8221;1\/3&#8243;][\/vc_column_inner][vc_column_inner width=&#8221;1\/3&#8243;][\/vc_column_inner][\/vc_row_inner][vc_separator type=&#8221;transparent&#8221;][\/vc_column][\/vc_row][vc_row row_type=&#8221;row&#8221; text_align=&#8221;center&#8221; css_animation=&#8221;&#8221;][vc_column][vc_column_text css=&#8221;.vc_custom_1642048710637{padding-top: 80px !important;padding-bottom: 40px !important;}&#8221;] Procura um animal de estima\u00e7\u00e3o? Conhe\u00e7a o Processo de Ado\u00e7\u00e3o [\/vc_column_text][vc_separator type=&#8221;transparent&#8221;][\/vc_column][\/vc_row][vc_row row_type=&#8221;row&#8221; text_align=&#8221;left&#8221; css_animation=&#8221;&#8221;][vc_column][vc_separator type=&#8221;transparent&#8221; up=&#8221;10&#8243; down=&#8221;10&#8243;][\/vc_column][\/vc_row][vc_row row_type=&#8221;row&#8221; anchor=&#8221;adoption&#8221; text_align=&#8221;left&#8221; css_animation=&#8221;&#8221;][vc_column][vc_column_text css=&#8221;.vc_custom_1642048636181{padding-bottom: 40px !important;}&#8221;] Por favor adote, n\u00e3o compre! [\/vc_column_text][vc_separator type=&#8221;transparent&#8221; up=&#8221;40&#8243; down=&#8221;10&#8243;][vc_single_image image=&#8221;22909&#8243; img_size=&#8221;full&#8221;][vc_separator type=&#8221;transparent&#8221; up=&#8221;40&#8243; down=&#8221;10&#8243;][\/vc_column][\/vc_row][vc_row row_type=&#8221;row&#8221; text_align=&#8221;left&#8221; css_animation=&#8221;&#8221; css=&#8221;.vc_custom_1418183104072{padding-bottom: 40px !important;}&#8221;][vc_column width=&#8221;1\/2&#8243;][vc_column_text] Porqu\u00ea que deve adotar um animal de um abrigo de resgate? Primeiro, estar\u00e1 a ajudar um animal dando-lhe uma segunda oportunidade na vida. Segundo, \u00e9 menos um animal na rua. Terceiro, est\u00e1 a possibilitar a Anima salvar mais animais, tendo em conta que o nosso espa\u00e7o est\u00e1 lotado. Quarto, est\u00e1 a contribuir para o fim do tr\u00e1fico ilegal (por pessoas irrespons\u00e1veis ou lojas de animais) de animais em Macau,&#8230;<\/p>\n","protected":false},"author":1,"featured_media":0,"parent":0,"menu_order":0,"comment_status":"open","ping_status":"open","template":"","meta":{"_acf_changed":false,"footnotes":""},"class_list":["post-22893","page","type-page","status-publish","hentry"],"acf":[],"_links":{"self":[{"href":"https:\/\/www.animamacau.org\/pt-pt\/wp-json\/wp\/v2\/pages\/22893","targetHints":{"allow":["GET"]}}],"collection":[{"href":"https:\/\/www.animamacau.org\/pt-pt\/wp-json\/wp\/v2\/pages"}],"about":[{"href":"https:\/\/www.animamacau.org\/pt-pt\/wp-json\/wp\/v2\/types\/page"}],"author":[{"embeddable":true,"href":"https:\/\/www.animamacau.org\/pt-pt\/wp-json\/wp\/v2\/users\/1"}],"replies":[{"embeddable":true,"href":"https:\/\/www.animamacau.org\/pt-pt\/wp-json\/wp\/v2\/comments?post=22893"}],"version-history":[{"count":7,"href":"https:\/\/www.animamacau.org\/pt-pt\/wp-json\/wp\/v2\/pages\/22893\/revisions"}],"predecessor-version":[{"id":156122,"href":"https:\/\/www.animamacau.org\/pt-pt\/wp-json\/wp\/v2\/pages\/22893\/revisions\/156122"}],"wp:attachment":[{"href":"https:\/\/www.animamacau.org\/pt-pt\/wp-json\/wp\/v2\/media?parent=22893"}],"curies":[{"name":"wp","href":"https:\/\/api.w.org\/{rel}","templated":true}]}}