{"id":22922,"date":"2015-02-09T09:32:44","date_gmt":"2015-02-09T09:32:44","guid":{"rendered":"http:\/\/animamacau.org\/\/our-services\/adoption\/rabbits\/"},"modified":"2020-08-27T05:08:47","modified_gmt":"2020-08-27T05:08:47","slug":"rabbits","status":"publish","type":"page","link":"https:\/\/www.animamacau.org\/pt-pt\/our-services\/adoption\/rabbits\/","title":{"rendered":"Coelhos"},"content":{"rendered":"<div class=\"wpb-content-wrapper\">[vc_row row_type=&#8221;row&#8221; text_align=&#8221;left&#8221; css_animation=&#8221;&#8221; css=&#8221;.vc_custom_1419959288282{margin-top: 40px !important;}&#8221;][vc_column][vc_column_text css=&#8221;.vc_custom_1455452047649{padding-bottom: 40px !important;}&#8221;]\n<h4 style=\"text-align: center\">Obrigado por fazer a op\u00e7\u00e3o de adoptar, em vez de comprar!<br \/>\n<em>Ir\u00e1 ter um amigo para o resto da vida, com todo o amor incondicional que um animal de estima\u00e7\u00e3o pode dar, independentemente da sua ra\u00e7a.<\/em><\/h4>\n[\/vc_column_text][vc_separator type=&#8221;transparent&#8221; up=&#8221;20&#8243; down=&#8221;20&#8243;][vc_text_separator title=&#8221;COELHOS PARA ADOP\u00c7\u00c3O&#8221; border=&#8221;no&#8221; el_class=&#8221;titulo_adoption&#8221;][vc_separator type=&#8221;transparent&#8221; up=&#8221;20&#8243; down=&#8221;40&#8243;]<div class='projects_holder_outer v4'><div class='projects_holder clearfix v4 hover_text'>\n<article class='mix coelhos '><div class='image_holder'><span class='image'><img loading=\"lazy\" decoding=\"async\" width=\"475\" height=\"475\" src=\"https:\/\/www.animamacau.org\/wp-content\/uploads\/2020\/07\/R053-Shaobing.jpg\" class=\"attachment-full size-full wp-post-image\" alt=\"\" srcset=\"https:\/\/www.animamacau.org\/wp-content\/uploads\/2020\/07\/R053-Shaobing.jpg 475w, https:\/\/www.animamacau.org\/wp-content\/uploads\/2020\/07\/R053-Shaobing-150x150.jpg 150w, https:\/\/www.animamacau.org\/wp-content\/uploads\/2020\/07\/R053-Shaobing-300x300.jpg 300w\" sizes=\"auto, (max-width: 475px) 100vw, 475px\" \/><\/span><div class='hover_feature_holder'><span class=\"hover_feature_holder_icons\"><span class=\"hover_feature_holder_icons_outer\"><span class=\"hover_feature_holder_icons_inner\"><a class='preview' target='_self' href='https:\/\/www.animamacau.org\/pt-pt\/adoption\/r053-shaobing\/'><i class='fa fa-link fa-2x'><\/i><\/a><\/span><\/span><\/span><div class=\"hover_feature_holder_title\"><div class=\"hover_feature_holder_title_inner\"><h4 class=\"portfolio_title\"><a href=\"https:\/\/www.animamacau.org\/pt-pt\/adoption\/r053-shaobing\/\" target=\"_self\">R053-Shaobing<\/a><\/h4><span class=\"project_category\">Coelhos<\/span><\/div><\/div><\/div><\/div><\/article>\n<div class='filler'><\/div>\n<div class='filler'><\/div>\n<div class='filler'><\/div>\n<div class='filler'><\/div>\n<\/div><\/div>[\/vc_column][\/vc_row][vc_row row_type=&#8221;row&#8221; text_align=&#8221;left&#8221; css_animation=&#8221;&#8221;][vc_column][\/vc_column][\/vc_row][vc_row row_type=&#8221;row&#8221; text_align=&#8221;left&#8221; css_animation=&#8221;&#8221;][vc_column][\/vc_column][\/vc_row]\n<\/div>","protected":false},"excerpt":{"rendered":"<p>[vc_row row_type=&#8221;row&#8221; text_align=&#8221;left&#8221; css_animation=&#8221;&#8221; css=&#8221;.vc_custom_1419959288282{margin-top: 40px !important;}&#8221;][vc_column][vc_column_text css=&#8221;.vc_custom_1455452047649{padding-bottom: 40px !important;}&#8221;] Obrigado por fazer a op\u00e7\u00e3o de adoptar, em vez de comprar! Ir\u00e1 ter um amigo para o resto da vida, com todo o amor incondicional que um animal de estima\u00e7\u00e3o pode dar, independentemente da sua ra\u00e7a. [\/vc_column_text][vc_separator type=&#8221;transparent&#8221; up=&#8221;20&#8243; down=&#8221;20&#8243;][vc_text_separator title=&#8221;COELHOS PARA ADOP\u00c7\u00c3O&#8221; border=&#8221;no&#8221; el_class=&#8221;titulo_adoption&#8221;][vc_separator type=&#8221;transparent&#8221; up=&#8221;20&#8243; down=&#8221;40&#8243;][\/vc_column][\/vc_row][vc_row row_type=&#8221;row&#8221; text_align=&#8221;left&#8221; css_animation=&#8221;&#8221;][vc_column][\/vc_column][\/vc_row][vc_row row_type=&#8221;row&#8221; text_align=&#8221;left&#8221; css_animation=&#8221;&#8221;][vc_column][\/vc_column][\/vc_row]<\/p>\n","protected":false},"author":1,"featured_media":0,"parent":22916,"menu_order":0,"comment_status":"closed","ping_status":"open","template":"","meta":{"_acf_changed":false,"footnotes":""},"class_list":["post-22922","page","type-page","status-publish","hentry"],"acf":[],"_links":{"self":[{"href":"https:\/\/www.animamacau.org\/pt-pt\/wp-json\/wp\/v2\/pages\/22922","targetHints":{"allow":["GET"]}}],"collection":[{"href":"https:\/\/www.animamacau.org\/pt-pt\/wp-json\/wp\/v2\/pages"}],"about":[{"href":"https:\/\/www.animamacau.org\/pt-pt\/wp-json\/wp\/v2\/types\/page"}],"author":[{"embeddable":true,"href":"https:\/\/www.animamacau.org\/pt-pt\/wp-json\/wp\/v2\/users\/1"}],"replies":[{"embeddable":true,"href":"https:\/\/www.animamacau.org\/pt-pt\/wp-json\/wp\/v2\/comments?post=22922"}],"version-history":[{"count":4,"href":"https:\/\/www.animamacau.org\/pt-pt\/wp-json\/wp\/v2\/pages\/22922\/revisions"}],"predecessor-version":[{"id":105981,"href":"https:\/\/www.animamacau.org\/pt-pt\/wp-json\/wp\/v2\/pages\/22922\/revisions\/105981"}],"up":[{"embeddable":true,"href":"https:\/\/www.animamacau.org\/pt-pt\/wp-json\/wp\/v2\/pages\/22916"}],"wp:attachment":[{"href":"https:\/\/www.animamacau.org\/pt-pt\/wp-json\/wp\/v2\/media?parent=22922"}],"curies":[{"name":"wp","href":"https:\/\/api.w.org\/{rel}","templated":true}]}}