{"id":22930,"date":"2014-12-19T13:34:57","date_gmt":"2014-12-19T13:34:57","guid":{"rendered":"http:\/\/animamacau.org\/\/be-a-god-parent-2\/"},"modified":"2021-08-12T06:06:27","modified_gmt":"2021-08-12T06:06:27","slug":"be-a-god-parent","status":"publish","type":"page","link":"https:\/\/www.animamacau.org\/pt-pt\/be-a-god-parent\/","title":{"rendered":"Padrinho"},"content":{"rendered":"<div class=\"wpb-content-wrapper\">[vc_row row_type=&#8221;row&#8221; text_align=&#8221;left&#8221; css_animation=&#8221;&#8221; css=&#8221;.vc_custom_1418997843086{padding-bottom: 40px !important;}&#8221;][vc_column css=&#8221;.vc_custom_1403185499435{margin-top: 60px !important;margin-bottom: 30px !important;}&#8221;][vc_column_text]\n<h4 style=\"text-align: justify\">A Anima normalmente n\u00e3o cobra pelos seus servi\u00e7os. O nosso principal objetivo \u00e9 ajudar os animais em risco. Temos a sorte de ter o apoio dos nossos membros e de outras pessoas que gostam de animais. Ao aderir a este programa estar\u00e1 a ajudar os animais mais desprotegidos.<\/h4>\n<p>&nbsp;<\/p>\n<ol>\n<li>Para ser Padrinho, ter\u00e1 que patrocinar um ou mais animais numa base mensal ou anual. Os encargos s\u00e3o de 100 MOP por m\u00eas ou o equivalente numa base anual (por cada animal).<\/li>\n<li>Apenas os animais que t\u00eam mais dificuldade em serem adoptados est\u00e3o ao abrigo deste programa.<\/li>\n<li>O animal estar\u00e1 sempre no nosso abrigo. No entanto, como Padrinho, ter\u00e1 direito de o visitar, tomar conta dele(a), lev\u00e1-lo(a) a passear e t\u00ea-lo consigo na sua pr\u00f3pria casa por um determinado per\u00edodo.<\/li>\n<\/ol>\n[\/vc_column_text][vc_separator type=&#8221;transparent&#8221; thickness=&#8221;1&#8243; up=&#8221;10&#8243; down=&#8221;10&#8243;]\n<div class=\"wpcf7 no-js\" id=\"wpcf7-f27325-o1\" lang=\"en-US\" dir=\"ltr\" data-wpcf7-id=\"27325\">\n<div class=\"screen-reader-response\"><p role=\"status\" aria-live=\"polite\" aria-atomic=\"true\"><\/p> <ul><\/ul><\/div>\n<form action=\"\/pt-pt\/wp-json\/wp\/v2\/pages\/22930#wpcf7-f27325-o1\" method=\"post\" class=\"wpcf7-form init\" aria-label=\"Contact form\" novalidate=\"novalidate\" data-status=\"init\">\n<fieldset class=\"hidden-fields-container\"><input type=\"hidden\" name=\"_wpcf7\" value=\"27325\" \/><input type=\"hidden\" name=\"_wpcf7_version\" value=\"6.1.4\" \/><input type=\"hidden\" name=\"_wpcf7_locale\" value=\"en_US\" \/><input type=\"hidden\" name=\"_wpcf7_unit_tag\" value=\"wpcf7-f27325-o1\" \/><input type=\"hidden\" name=\"_wpcf7_container_post\" value=\"0\" \/><input type=\"hidden\" name=\"_wpcf7_posted_data_hash\" value=\"\" \/><input type=\"hidden\" name=\"_wpcf7_recaptcha_response\" value=\"\" \/>\n<\/fieldset>\n<p><span class=\"wpcf7-form-control-wrap\" data-name=\"acceptance\"><span class=\"wpcf7-form-control wpcf7-acceptance\"><span class=\"wpcf7-list-item\"><input type=\"checkbox\" name=\"acceptance\" value=\"1\" aria-invalid=\"false\" \/><\/span><\/span><\/span>&nbsp;&nbsp;<strong>Eu aceito os termos e condi\u00e7\u00f5es para ser Padrinho<\/strong>\n<\/p>\n<p>* Campos obrigat\u00f3rios\n<\/p>\n<div style=\"margin-top:5px;margin-bottom:5px;background-color: #db0a19;height:thin;\" class=\"separator  full_width center  \">\n<\/div>\n<h3>PROGRAMA DE APADRINHAMENTO\n<\/h3>\n<div class=\"column_01\">\n\t<h6>Apelido<span style=\"color:#db0a19\">*<\/span>\n\t<\/h6>\n\t<p><span class=\"wpcf7-form-control-wrap\" data-name=\"Surname\"><input size=\"30\" maxlength=\"400\" class=\"wpcf7-form-control wpcf7-text wpcf7-validates-as-required\" aria-required=\"true\" aria-invalid=\"false\" value=\"\" type=\"text\" name=\"Surname\" \/><\/span>\n\t<\/p>\n\t<h6>Telefone de casa\n\t<\/h6>\n\t<p><span class=\"wpcf7-form-control-wrap\" data-name=\"telephonehome\"><input size=\"30\" maxlength=\"400\" class=\"wpcf7-form-control wpcf7-tel wpcf7-text wpcf7-validates-as-tel\" aria-invalid=\"false\" value=\"\" type=\"tel\" name=\"telephonehome\" \/><\/span>\n\t<\/p>\n\t<h6>n\u00ba de BI<span style=\"color:#db0a19\">*<\/span>\n\t<\/h6>\n\t<p><span class=\"wpcf7-form-control-wrap\" data-name=\"IDCARD\"><input size=\"30\" maxlength=\"400\" class=\"wpcf7-form-control wpcf7-text wpcf7-validates-as-required\" aria-required=\"true\" aria-invalid=\"false\" value=\"\" type=\"text\" name=\"IDCARD\" \/><\/span>\n\t<\/p>\n\t<h6>Que tipo de animal gostaria de apadrinhar:<span style=\"color:#db0a19\">*<\/span>\n\t<\/h6>\n\t<p><span class=\"wpcf7-form-control-wrap\" data-name=\"quest02\"><span class=\"wpcf7-form-control wpcf7-checkbox wpcf7-validates-as-required\"><span class=\"wpcf7-list-item first\"><span class=\"wpcf7-list-item-label\">C\u00e3es<\/span><input type=\"checkbox\" name=\"quest02[]\" value=\"C\u00e3es\" \/><\/span><span class=\"wpcf7-list-item\"><span class=\"wpcf7-list-item-label\">Gatos<\/span><input type=\"checkbox\" name=\"quest02[]\" value=\"Gatos\" \/><\/span><span class=\"wpcf7-list-item\"><span class=\"wpcf7-list-item-label\">Hamsters<\/span><input type=\"checkbox\" name=\"quest02[]\" value=\"Hamsters\" \/><\/span><span class=\"wpcf7-list-item\"><span class=\"wpcf7-list-item-label\">Coelhos<\/span><input type=\"checkbox\" name=\"quest02[]\" value=\"Coelhos\" \/><\/span><span class=\"wpcf7-list-item\"><span class=\"wpcf7-list-item-label\">Tartarugas<\/span><input type=\"checkbox\" name=\"quest02[]\" value=\"Tartarugas\" \/><\/span><span class=\"wpcf7-list-item last\"><span class=\"wpcf7-list-item-label\">Outros<\/span><input type=\"checkbox\" name=\"quest02[]\" value=\"Outros\" \/><\/span><\/span><\/span>\n\t<\/p>\n\t<p>&nbsp; &nbsp;\n\t<\/p>\n<\/div>\n<div class=\"column_02\">\n\t<h6>Nome<span style=\"color:#db0a19\">*<\/span>\n\t<\/h6>\n\t<p><span class=\"wpcf7-form-control-wrap\" data-name=\"your-name\"><input size=\"30\" maxlength=\"400\" class=\"wpcf7-form-control wpcf7-text wpcf7-validates-as-required\" aria-required=\"true\" aria-invalid=\"false\" value=\"\" type=\"text\" name=\"your-name\" \/><\/span>\n\t<\/p>\n\t<h6>Telem\u00f3vel<span style=\"color:#db0a19\">*<\/span>\n\t<\/h6>\n\t<p><span class=\"wpcf7-form-control-wrap\" data-name=\"telephonemobile\"><input size=\"30\" maxlength=\"400\" class=\"wpcf7-form-control wpcf7-tel wpcf7-validates-as-required wpcf7-text wpcf7-validates-as-tel\" aria-required=\"true\" aria-invalid=\"false\" value=\"\" type=\"tel\" name=\"telephonemobile\" \/><\/span>\n\t<\/p>\n\t<h6>Membro n\u00ba\n\t<\/h6>\n\t<p><span class=\"wpcf7-form-control-wrap\" data-name=\"membership\"><input size=\"30\" maxlength=\"400\" class=\"wpcf7-form-control wpcf7-text\" aria-invalid=\"false\" value=\"\" type=\"text\" name=\"membership\" \/><\/span>\n\t<\/p>\n\t<h6>Por favor especifique o n\u00famero de animais que deseja apadrinhar (ex: um c\u00e3o e dois gatos): <span style=\"color:#db0a19\">*<\/span>\n\t<\/h6>\n\t<p><span class=\"wpcf7-form-control-wrap\" data-name=\"pleasespecify\"><input size=\"30\" maxlength=\"400\" class=\"wpcf7-form-control wpcf7-text\" aria-invalid=\"false\" value=\"\" type=\"text\" name=\"pleasespecify\" \/><\/span> &nbsp; &nbsp;\n\t<\/p>\n<\/div>\n<div class=\"column_03\">\n\t<h6>Morada<span style=\"color:#db0a19\">*<\/span>\n\t<\/h6>\n\t<p><span class=\"wpcf7-form-control-wrap\" data-name=\"Address\"><input size=\"50\" maxlength=\"400\" class=\"wpcf7-form-control wpcf7-text wpcf7-validates-as-required\" aria-required=\"true\" aria-invalid=\"false\" value=\"\" type=\"text\" name=\"Address\" \/><\/span>\n\t<\/p>\n\t<h6>Endere\u00e7o de email<span style=\"color:#db0a19\">*<\/span>\n\t<\/h6>\n\t<p><span class=\"wpcf7-form-control-wrap\" data-name=\"email\"><input size=\"50\" maxlength=\"400\" class=\"wpcf7-form-control wpcf7-email wpcf7-validates-as-required wpcf7-text wpcf7-validates-as-email\" aria-required=\"true\" aria-invalid=\"false\" value=\"\" type=\"email\" name=\"email\" \/><\/span>\n\t<\/p>\n\t<h6>Membro desde\n\t<\/h6>\n\t<p><span class=\"wpcf7-form-control-wrap\" data-name=\"member\"><input size=\"50\" maxlength=\"400\" class=\"wpcf7-form-control wpcf7-text\" aria-invalid=\"false\" value=\"\" type=\"text\" name=\"member\" \/><\/span>\n\t<\/p>\n\t<h6>Gostaria de Patrocinar numa base:<span style=\"color:#db0a19\">*<\/span>\n\t<\/h6>\n\t<p><span class=\"wpcf7-form-control-wrap\" data-name=\"regularity\"><span class=\"wpcf7-form-control wpcf7-checkbox wpcf7-validates-as-required wpcf7-exclusive-checkbox\"><span class=\"wpcf7-list-item first\"><label><input type=\"checkbox\" name=\"regularity\" value=\"Anual\" \/><span class=\"wpcf7-list-item-label\">Anual<\/span><\/label><\/span><span class=\"wpcf7-list-item last\"><label><input type=\"checkbox\" name=\"regularity\" value=\"Mensal\" \/><span class=\"wpcf7-list-item-label\">Mensal<\/span><\/label><\/span><\/span><\/span>\n\t<\/p>\n<\/div>\n<div class=\"full\">\n\t<div style=\"margin-top:5px;margin-bottom:5px;background-color: #db0a19;height:thin;\" class=\"separator  full_width center  \">\n\t<\/div>\n\t<h3>INFORMA\u00c7\u00c3O DO ANIMAL DE ESTIMA\u00c7\u00c3O\n\t<\/h3>\n<\/div>\n<div class=\"column_01\">\n\t<h6>Nomes\n\t<\/h6>\n\t<p><span class=\"wpcf7-form-control-wrap\" data-name=\"Name\"><input size=\"30\" maxlength=\"400\" class=\"wpcf7-form-control wpcf7-text\" aria-invalid=\"false\" value=\"\" type=\"text\" name=\"Name\" \/><\/span>\n\t<\/p>\n<\/div>\n<div class=\"column_02\">\n\t<h6>n\u00ba de Identifica\u00e7\u00e3o dos Animais\n\t<\/h6>\n\t<p><span class=\"wpcf7-form-control-wrap\" data-name=\"Tag\"><input size=\"30\" maxlength=\"400\" class=\"wpcf7-form-control wpcf7-text\" aria-invalid=\"false\" value=\"\" type=\"text\" name=\"Tag\" \/><\/span>\n\t<\/p>\n<\/div>\n<div class=\"column_03\">\n\t<h6>ISe se esqueceu do n\u00famero de Identifica\u00e7\u00e3o do Animal (o seu n\u00famero na Anima)\n\t<\/h6>\n\t<p><span style=\"margin-top:10px;line-height:30px\"><a href=\"http:\/\/animamacau.org\/\/?page_id=1384\"  target=\"_blank\">por favor, d\u00ea uma vista de olhos aqui<\/a><\/span>\n\t<\/p>\n<\/div>\n<div class=\"full\">\n\t<div style=\"margin-top:5px;margin-bottom:5px;background-color: #db0a19;height:thin;\" class=\"separator  full_width center  \">\n\t<\/div>\n\t<h3>M\u00c9TODO DE PAGAMENTO\n\t<\/h3>\n<\/div>\n<div class=\"full\">\n\t<h6>Gostaria de pagar atrav\u00e9s de:<span style=\"color:#db0a19\">*<\/span>\n\t<\/h6>\n\t<p><span class=\"wpcf7-form-control-wrap\" data-name=\"payment\"><span class=\"wpcf7-form-control wpcf7-checkbox wpcf7-validates-as-required wpcf7-exclusive-checkbox\"><span class=\"wpcf7-list-item first\"><label><span class=\"wpcf7-list-item-label\">Dinheiro<\/span><input type=\"checkbox\" name=\"payment\" value=\"Dinheiro\" \/><\/label><\/span><span class=\"wpcf7-list-item\"><label><span class=\"wpcf7-list-item-label\">Cheque Dep\u00f3sito<\/span><input type=\"checkbox\" name=\"payment\" value=\"Cheque Dep\u00f3sito\" \/><\/label><\/span><span class=\"wpcf7-list-item\"><label><span class=\"wpcf7-list-item-label\">Deposit<\/span><input type=\"checkbox\" name=\"payment\" value=\"Deposit\" \/><\/label><\/span><span class=\"wpcf7-list-item\"><label><span class=\"wpcf7-list-item-label\">BNU autopay<\/span><input type=\"checkbox\" name=\"payment\" value=\"BNU autopay\" \/><\/label><\/span><span class=\"wpcf7-list-item\"><label><span class=\"wpcf7-list-item-label\">Transfer\u00eancia Banc\u00e1ria<\/span><input type=\"checkbox\" name=\"payment\" value=\"Transfer\u00eancia Banc\u00e1ria\" \/><\/label><\/span><span class=\"wpcf7-list-item last\"><label><span class=\"wpcf7-list-item-label\">Cart\u00e3o de Cr\u00e9dito<\/span><input type=\"checkbox\" name=\"payment\" value=\"Cart\u00e3o de Cr\u00e9dito\" \/><\/label><\/span><\/span><\/span>\n\t<\/p>\n<\/div>\n<div class=\"full\">\n\n\t<p><input class=\"wpcf7-form-control wpcf7-submit has-spinner\" type=\"submit\" value=\"Submeter\" \/>\n\t<\/p>\n<\/div><div class=\"wpcf7-response-output\" aria-hidden=\"true\"><\/div>\n<\/form>\n<\/div>\n[vc_separator type=&#8221;transparent&#8221; thickness=&#8221;1&#8243; up=&#8221;10&#8243; down=&#8221;10&#8243;][\/vc_column][\/vc_row][vc_row row_type=&#8221;row&#8221; text_align=&#8221;left&#8221; css_animation=&#8221;&#8221;][vc_column width=&#8221;1\/3&#8243;][vc_column_text]Se pretende pagar com Cart\u00e3o de Cr\u00e9dito, por favor fa\u00e7a o download do seguinte documento:[\/vc_column_text]<a href=\"https:\/\/www.animamacau.org\/wp-content\/uploads\/dlm_uploads\/2021\/08\/Credit-Card-Donation-Form-CHI-and-ENG-new-version.pdf\" target=\"_self\" class=\"qbutton  tiny left\" style=\"color: #ffffff; border: 1px solid #dd3333; font-style: normal; \">FORMUL\u00c1RIO DE AUTORIZA\u00c7\u00c3O DE D\u00c9BITO EM CART\u00c3O DE CR\u00c9DITO<\/a>[vc_separator type=&#8221;transparent&#8221;][\/vc_column][vc_column width=&#8221;1\/3&#8243;][\/vc_column][vc_column width=&#8221;1\/3&#8243;][\/vc_column][\/vc_row][vc_row row_type=&#8221;row&#8221; text_align=&#8221;left&#8221; css_animation=&#8221;&#8221;][vc_column][vc_column_text css=&#8221;.vc_custom_1628748380635{margin-top: 20px !important;}&#8221;]Pode pagar atrav\u00e9s de cheque, dep\u00f3sito ou transfer\u00eancia banc\u00e1ria para as seguintes contas da <strong>ANIMA \u2013 Sociedade Protectora dos Animais de Macau<\/strong> :[\/vc_column_text][\/vc_column][\/vc_row][vc_row row_type=&#8221;row&#8221; text_align=&#8221;left&#8221; css_animation=&#8221;&#8221;][vc_column width=&#8221;1\/3&#8243;][vc_column_text css=&#8221;.vc_custom_1454432185990{margin-bottom: 20px !important;}&#8221;]\n<h5 style=\"text-align: left\"><strong>Banco Nacional Ultramarino<\/strong><\/h5>\n<p style=\"text-align: left\">conta n\u00ba 9003472840<\/p>\n[\/vc_column_text][\/vc_column][vc_column width=&#8221;1\/3&#8243;][vc_column_text css=&#8221;.vc_custom_1454432195584{margin-bottom: 20px !important;}&#8221;]\n<h5 style=\"text-align: left\"><strong>Bank of China<\/strong><\/h5>\n<p style=\"text-align: left\">conta n\u00ba 180101207943181<\/p>\n[\/vc_column_text][\/vc_column][vc_column width=&#8221;1\/3&#8243;][vc_column_text css=&#8221;.vc_custom_1454432202876{margin-bottom: 20px !important;}&#8221;]\n<h5 style=\"text-align: left\">\u00a0<strong>ICBC<\/strong><\/h5>\n<p style=\"text-align: left\">conta n\u00ba\u00a00119100200000960934<\/p>\n[\/vc_column_text][\/vc_column][\/vc_row][vc_row row_type=&#8221;row&#8221; text_align=&#8221;left&#8221; css_animation=&#8221;&#8221;][vc_column][vc_row_inner row_type=&#8221;row&#8221; text_align=&#8221;left&#8221; css_animation=&#8221;&#8221;][vc_column_inner][vc_column_text css=&#8221;.vc_custom_1454432223447{margin-bottom: 20px !important;}&#8221;]Em caso de d\u00favida, por favor n\u00e3o hesite em contactar-nos atrav\u00e9s de <a href=\"mailto:info@animamacau.org\"><em>info<\/em>@<em>animamacau<\/em>.org<\/a>[\/vc_column_text][\/vc_column_inner][\/vc_row_inner][\/vc_column][\/vc_row][vc_row row_type=&#8221;row&#8221; text_align=&#8221;left&#8221; css_animation=&#8221;&#8221;][vc_column][vc_separator type=&#8221;transparent&#8221;][\/vc_column][\/vc_row]\n<\/div>","protected":false},"excerpt":{"rendered":"<p>[vc_row row_type=&#8221;row&#8221; text_align=&#8221;left&#8221; css_animation=&#8221;&#8221; css=&#8221;.vc_custom_1418997843086{padding-bottom: 40px !important;}&#8221;][vc_column css=&#8221;.vc_custom_1403185499435{margin-top: 60px !important;margin-bottom: 30px !important;}&#8221;][vc_column_text] A Anima normalmente n\u00e3o cobra pelos seus servi\u00e7os. O nosso principal objetivo \u00e9 ajudar os animais em risco. Temos a sorte de ter o apoio dos nossos membros e de outras pessoas que gostam de animais. Ao aderir a este programa estar\u00e1 a ajudar os animais mais desprotegidos. &nbsp; Para ser Padrinho, ter\u00e1 que patrocinar um ou mais animais numa base mensal ou anual. Os encargos s\u00e3o de 100 MOP por m\u00eas ou o equivalente numa base anual (por cada animal). Apenas os animais que t\u00eam mais dificuldade em serem adoptados est\u00e3o ao abrigo deste programa. O animal estar\u00e1 sempre no nosso abrigo. No entanto, como Padrinho, ter\u00e1 direito de o visitar, tomar conta dele(a), lev\u00e1-lo(a) a passear e t\u00ea-lo consigo na sua pr\u00f3pria casa por um determinado per\u00edodo. [\/vc_column_text][vc_separator type=&#8221;transparent&#8221; thickness=&#8221;1&#8243; up=&#8221;10&#8243;&#8230;<\/p>\n","protected":false},"author":1,"featured_media":0,"parent":0,"menu_order":0,"comment_status":"open","ping_status":"open","template":"","meta":{"_acf_changed":false,"footnotes":""},"class_list":["post-22930","page","type-page","status-publish","hentry"],"acf":[],"_links":{"self":[{"href":"https:\/\/www.animamacau.org\/pt-pt\/wp-json\/wp\/v2\/pages\/22930","targetHints":{"allow":["GET"]}}],"collection":[{"href":"https:\/\/www.animamacau.org\/pt-pt\/wp-json\/wp\/v2\/pages"}],"about":[{"href":"https:\/\/www.animamacau.org\/pt-pt\/wp-json\/wp\/v2\/types\/page"}],"author":[{"embeddable":true,"href":"https:\/\/www.animamacau.org\/pt-pt\/wp-json\/wp\/v2\/users\/1"}],"replies":[{"embeddable":true,"href":"https:\/\/www.animamacau.org\/pt-pt\/wp-json\/wp\/v2\/comments?post=22930"}],"version-history":[{"count":6,"href":"https:\/\/www.animamacau.org\/pt-pt\/wp-json\/wp\/v2\/pages\/22930\/revisions"}],"predecessor-version":[{"id":121931,"href":"https:\/\/www.animamacau.org\/pt-pt\/wp-json\/wp\/v2\/pages\/22930\/revisions\/121931"}],"wp:attachment":[{"href":"https:\/\/www.animamacau.org\/pt-pt\/wp-json\/wp\/v2\/media?parent=22930"}],"curies":[{"name":"wp","href":"https:\/\/api.w.org\/{rel}","templated":true}]}}