{"id":22932,"date":"2014-12-10T22:29:00","date_gmt":"2014-12-10T22:29:00","guid":{"rendered":"http:\/\/animamacau.org\/\/donations-2\/"},"modified":"2022-03-17T00:45:36","modified_gmt":"2022-03-17T00:45:36","slug":"donations","status":"publish","type":"page","link":"https:\/\/www.animamacau.org\/pt-pt\/donations\/","title":{"rendered":"Seja Nosso Doador"},"content":{"rendered":"<div class=\"wpb-content-wrapper\">[vc_row row_type=&#8221;row&#8221; text_align=&#8221;left&#8221; css_animation=&#8221;&#8221;][vc_column width=&#8221;1\/2&#8243;][vc_separator type=&#8221;transparent&#8221;][vc_separator type=&#8221;transparent&#8221;][vc_separator type=&#8221;transparent&#8221;][vc_separator type=&#8221;transparent&#8221;][vc_separator type=&#8221;transparent&#8221;][vc_column_text css=&#8221;.vc_custom_1641979662402{padding-top: 0px !important;}&#8221;]\n<h4 style=\"text-align: left\"><em>Por favor, ajude-nos fazendo o seu donativo para:<\/em><\/h4>\n<h5 style=\"text-align: left\">ANIMA \u2013 Sociedade Protectora dos Animais de Macau<\/h5>\n<h5><em><span style=\"color: #000000\">Poder\u00e1 escolher entre as seguintes op\u00e7\u00f5es de pagamento.<br \/>\n<\/span><\/em><span style=\"color: #000000\"><br \/>\nPara nosso registo, ap\u00f3s o seu donativo, informe-nos da sua doa\u00e7\u00e3o para:<\/span><em>\u00a0<\/em><a href=\"mailto:info@animamacau.org\">info@animamacau.org<\/a><\/h5>\n[\/vc_column_text][\/vc_column][vc_column width=&#8221;1\/2&#8243;][vc_separator type=&#8221;transparent&#8221;][vc_separator type=&#8221;transparent&#8221;][vc_separator type=&#8221;transparent&#8221;][vc_separator type=&#8221;transparent&#8221;][vc_separator type=&#8221;transparent&#8221;][vc_single_image image=&#8221;130173&#8243; img_size=&#8221;full&#8221; alignment=&#8221;center&#8221;][vc_column_text]\n<h5 style=\"text-align: center\"><i>Em nome dos nossos animais, o nosso sentido obrigado pelo seu apoio!<\/i><\/h5>\n[\/vc_column_text][\/vc_column][\/vc_row][vc_row row_type=&#8221;row&#8221; text_align=&#8221;left&#8221; css_animation=&#8221;&#8221;][vc_column][vc_separator type=&#8221;normal&#8221;][\/vc_column][\/vc_row][vc_row row_type=&#8221;row&#8221; text_align=&#8221;left&#8221; css_animation=&#8221;&#8221; css=&#8221;.vc_custom_1418347970503{padding-top: 100px !important;}&#8221;][vc_column width=&#8221;1\/3&#8243;][vc_single_image image=&#8221;22934&#8243; img_size=&#8221;full&#8221; alignment=&#8221;center&#8221; onclick=&#8221;custom_link&#8221; img_link_target=&#8221;_blank&#8221; link=&#8221;https:\/\/www.bnu.com.mo\/pt\/&#8221;][vc_column_text css=&#8221;.vc_custom_1454424930684{padding-top: 10px !important;}&#8221;]\n<p style=\"text-align: center\"><strong>Banco Nacional Ultramarino<br \/>\n<\/strong>conta n. 9003472840<\/p>\n[\/vc_column_text][\/vc_column][vc_column width=&#8221;1\/3&#8243;][vc_single_image image=&#8221;22933&#8243; img_size=&#8221;full&#8221; alignment=&#8221;center&#8221; onclick=&#8221;custom_link&#8221; img_link_target=&#8221;_blank&#8221; link=&#8221;http:\/\/www.bankofchina.com\/mo\/en\/index.html&#8221;][vc_column_text css=&#8221;.vc_custom_1454424938444{padding-top: 10px !important;}&#8221;]\n<p style=\"text-align: center\"><strong>Bank of China<br \/>\n<\/strong>conta n. 180101207943181<\/p>\n[\/vc_column_text][\/vc_column][vc_column width=&#8221;1\/3&#8243;][vc_single_image image=&#8221;22935&#8243; img_size=&#8221;full&#8221; alignment=&#8221;center&#8221; onclick=&#8221;custom_link&#8221; img_link_target=&#8221;_blank&#8221; link=&#8221;http:\/\/www.icbc.com.mo\/ICBC\/%E6%B5%B7%E5%A4%96%E5%88%86%E8%A1%8C\/%E5%B7%A5%E9%93%B6%E6%BE%B3%E9%97%A8\/en\/index.htm&#8221;][vc_column_text css=&#8221;.vc_custom_1641979142308{padding-top: 10px !important;}&#8221; el_class=&#8221;.&#8221;]\n<p style=\"text-align: center\"><strong>ICBC<br \/>\n<\/strong>conta n. 0119100200000960934<br \/>\n(ICBC jetco, n\u00e3o insira os tr\u00eas primeiros digitos)<\/p>\n[\/vc_column_text][\/vc_column][\/vc_row][vc_row row_type=&#8221;row&#8221; text_align=&#8221;left&#8221; css_animation=&#8221;&#8221; css=&#8221;.vc_custom_1418347970503{padding-top: 100px !important;}&#8221;][vc_column width=&#8221;1\/3&#8243;][vc_single_image image=&#8221;130159&#8243; img_size=&#8221;full&#8221; alignment=&#8221;center&#8221; onclick=&#8221;custom_link&#8221; img_link_target=&#8221;_blank&#8221; link=&#8221;http:\/\/www.taifungbank.com\/en\/&#8221;][vc_column_text css=&#8221;.vc_custom_1641979267960{padding-top: 10px !important;}&#8221;]\n<p style=\"text-align: center\"><strong>Tai Fung Bank<br \/>\n<\/strong>Conta (em MOP) n. 201-1-10530-7<br \/>\nConta (em HKD) n. 101-1-12983-3<\/p>\n[\/vc_column_text][\/vc_column][vc_column width=&#8221;1\/3&#8243;][vc_single_image image=&#8221;130162&#8243; img_size=&#8221;full&#8221; alignment=&#8221;center&#8221; onclick=&#8221;custom_link&#8221; img_link_target=&#8221;_blank&#8221; link=&#8221;http:\/\/www.macaupass.com\/MPay&#8221;][vc_column_text css=&#8221;.vc_custom_1641979326130{padding-top: 10px !important;}&#8221;]\n<p style=\"text-align: center\"><strong>MPay<br \/>\n<\/strong>No menu principal do MPay, selecione:<br \/>\n\u201cMore\u201d &gt; \u201cDonation\u201d &gt; \u201cAnima\u201d<\/p>\n[\/vc_column_text][\/vc_column][vc_column width=&#8221;1\/3&#8243;][vc_single_image image=&#8221;130165&#8243; img_size=&#8221;full&#8221; alignment=&#8221;center&#8221; onclick=&#8221;custom_link&#8221; img_link_target=&#8221;_blank&#8221; link=&#8221;http:\/\/www.paypal.com\/signin&#8221;][vc_column_text css=&#8221;.vc_custom_1641979787717{padding-top: 10px !important;}&#8221; el_class=&#8221;.&#8221;]\n<p style=\"text-align: center\"><strong>PayPal<br \/>\n<\/strong>conta: albano@animamacau.org<\/p>\n[\/vc_column_text][\/vc_column][\/vc_row][vc_row row_type=&#8221;row&#8221; text_align=&#8221;left&#8221; css_animation=&#8221;&#8221;][vc_column][vc_separator type=&#8221;transparent&#8221;][vc_separator type=&#8221;transparent&#8221;][vc_separator type=&#8221;transparent&#8221;][vc_separator type=&#8221;transparent&#8221;][vc_separator type=&#8221;transparent&#8221;][vc_separator type=&#8221;normal&#8221;][vc_separator type=&#8221;transparent&#8221;][\/vc_column][\/vc_row][vc_row row_type=&#8221;row&#8221; text_align=&#8221;left&#8221; css_animation=&#8221;&#8221;][vc_column][vc_column_text]\n<p style=\"text-align: center\"><strong>Poder\u00e1 tamb\u00e9m optar por ajudar a Anima mensalmente, atrav\u00e9s do BNU autopay!<\/strong><br \/>\nFa\u00e7a download do nosso formul\u00e1rio &#8216;BNU Autopay&#8217;, preencha-o e\u00a0entregue-o em m\u00e3o num dos nossos abrigos.<\/p>\n[\/vc_column_text][\/vc_column][\/vc_row][vc_row row_type=&#8221;row&#8221; text_align=&#8221;left&#8221; css_animation=&#8221;&#8221;][vc_column width=&#8221;1\/3&#8243;][\/vc_column][vc_column width=&#8221;1\/3&#8243;]<a href=\"https:\/\/www.animamacau.org\/wp-content\/uploads\/2022\/03\/ANIMA_BNU_AUTOPAY_FORM.pdf\" target=\"_self\" class=\"qbutton  center\" style=\"\">DOWNLOAD \u201cBNU AUTOPAY FORM\u201d<\/a>[\/vc_column][vc_column width=&#8221;1\/3&#8243;][\/vc_column][\/vc_row][vc_row row_type=&#8221;row&#8221; text_align=&#8221;left&#8221; css_animation=&#8221;&#8221;][vc_column][vc_separator type=&#8221;transparent&#8221;][vc_separator type=&#8221;transparent&#8221;][vc_separator type=&#8221;transparent&#8221;][\/vc_column][\/vc_row]\n<\/div>","protected":false},"excerpt":{"rendered":"<p>[vc_row row_type=&#8221;row&#8221; text_align=&#8221;left&#8221; css_animation=&#8221;&#8221;][vc_column width=&#8221;1\/2&#8243;][vc_separator type=&#8221;transparent&#8221;][vc_separator type=&#8221;transparent&#8221;][vc_separator type=&#8221;transparent&#8221;][vc_separator type=&#8221;transparent&#8221;][vc_separator type=&#8221;transparent&#8221;][vc_column_text css=&#8221;.vc_custom_1641979662402{padding-top: 0px !important;}&#8221;] Por favor, ajude-nos fazendo o seu donativo para: ANIMA \u2013 Sociedade Protectora dos Animais de Macau Poder\u00e1 escolher entre as seguintes op\u00e7\u00f5es de pagamento. Para nosso registo, ap\u00f3s o seu donativo, informe-nos da sua doa\u00e7\u00e3o para:\u00a0info@animamacau.org [\/vc_column_text][\/vc_column][vc_column width=&#8221;1\/2&#8243;][vc_separator type=&#8221;transparent&#8221;][vc_separator type=&#8221;transparent&#8221;][vc_separator type=&#8221;transparent&#8221;][vc_separator type=&#8221;transparent&#8221;][vc_separator type=&#8221;transparent&#8221;][vc_single_image image=&#8221;130173&#8243; img_size=&#8221;full&#8221; alignment=&#8221;center&#8221;][vc_column_text] Em nome dos nossos animais, o nosso sentido obrigado pelo seu apoio! [\/vc_column_text][\/vc_column][\/vc_row][vc_row row_type=&#8221;row&#8221; text_align=&#8221;left&#8221; css_animation=&#8221;&#8221;][vc_column][vc_separator type=&#8221;normal&#8221;][\/vc_column][\/vc_row][vc_row row_type=&#8221;row&#8221; text_align=&#8221;left&#8221; css_animation=&#8221;&#8221; css=&#8221;.vc_custom_1418347970503{padding-top: 100px !important;}&#8221;][vc_column width=&#8221;1\/3&#8243;][vc_single_image image=&#8221;22934&#8243; img_size=&#8221;full&#8221; alignment=&#8221;center&#8221; onclick=&#8221;custom_link&#8221; img_link_target=&#8221;_blank&#8221; link=&#8221;https:\/\/www.bnu.com.mo\/pt\/&#8221;][vc_column_text css=&#8221;.vc_custom_1454424930684{padding-top: 10px !important;}&#8221;] Banco Nacional Ultramarino conta n. 9003472840 [\/vc_column_text][\/vc_column][vc_column width=&#8221;1\/3&#8243;][vc_single_image image=&#8221;22933&#8243; img_size=&#8221;full&#8221; alignment=&#8221;center&#8221; onclick=&#8221;custom_link&#8221; img_link_target=&#8221;_blank&#8221; link=&#8221;http:\/\/www.bankofchina.com\/mo\/en\/index.html&#8221;][vc_column_text css=&#8221;.vc_custom_1454424938444{padding-top: 10px !important;}&#8221;] Bank of China conta n. 180101207943181 [\/vc_column_text][\/vc_column][vc_column width=&#8221;1\/3&#8243;][vc_single_image image=&#8221;22935&#8243; img_size=&#8221;full&#8221; alignment=&#8221;center&#8221; onclick=&#8221;custom_link&#8221; img_link_target=&#8221;_blank&#8221; link=&#8221;http:\/\/www.icbc.com.mo\/ICBC\/%E6%B5%B7%E5%A4%96%E5%88%86%E8%A1%8C\/%E5%B7%A5%E9%93%B6%E6%BE%B3%E9%97%A8\/en\/index.htm&#8221;][vc_column_text css=&#8221;.vc_custom_1641979142308{padding-top: 10px !important;}&#8221; el_class=&#8221;.&#8221;] ICBC conta n. 0119100200000960934 (ICBC jetco, n\u00e3o insira os tr\u00eas primeiros digitos) [\/vc_column_text][\/vc_column][\/vc_row][vc_row row_type=&#8221;row&#8221; text_align=&#8221;left&#8221; css_animation=&#8221;&#8221; css=&#8221;.vc_custom_1418347970503{padding-top: 100px&#8230;<\/p>\n","protected":false},"author":1,"featured_media":0,"parent":0,"menu_order":0,"comment_status":"open","ping_status":"open","template":"","meta":{"_acf_changed":false,"footnotes":""},"class_list":["post-22932","page","type-page","status-publish","hentry"],"acf":[],"_links":{"self":[{"href":"https:\/\/www.animamacau.org\/pt-pt\/wp-json\/wp\/v2\/pages\/22932","targetHints":{"allow":["GET"]}}],"collection":[{"href":"https:\/\/www.animamacau.org\/pt-pt\/wp-json\/wp\/v2\/pages"}],"about":[{"href":"https:\/\/www.animamacau.org\/pt-pt\/wp-json\/wp\/v2\/types\/page"}],"author":[{"embeddable":true,"href":"https:\/\/www.animamacau.org\/pt-pt\/wp-json\/wp\/v2\/users\/1"}],"replies":[{"embeddable":true,"href":"https:\/\/www.animamacau.org\/pt-pt\/wp-json\/wp\/v2\/comments?post=22932"}],"version-history":[{"count":6,"href":"https:\/\/www.animamacau.org\/pt-pt\/wp-json\/wp\/v2\/pages\/22932\/revisions"}],"predecessor-version":[{"id":134418,"href":"https:\/\/www.animamacau.org\/pt-pt\/wp-json\/wp\/v2\/pages\/22932\/revisions\/134418"}],"wp:attachment":[{"href":"https:\/\/www.animamacau.org\/pt-pt\/wp-json\/wp\/v2\/media?parent=22932"}],"curies":[{"name":"wp","href":"https:\/\/api.w.org\/{rel}","templated":true}]}}