{"id":22937,"date":"2014-12-03T16:58:10","date_gmt":"2014-12-03T16:58:10","guid":{"rendered":"http:\/\/animamacau.org\/\/be-a-member-2\/"},"modified":"2025-03-06T13:42:34","modified_gmt":"2025-03-06T13:42:34","slug":"be-a-member","status":"publish","type":"page","link":"https:\/\/www.animamacau.org\/pt-pt\/be-a-member\/","title":{"rendered":"Como Membro"},"content":{"rendered":"<div class=\"wpb-content-wrapper\">[vc_row row_type=&#8221;row&#8221; text_align=&#8221;left&#8221; css_animation=&#8221;&#8221;][vc_column css=&#8221;.vc_custom_1403185499435{margin-top: 60px !important;margin-bottom: 30px !important;}&#8221;][vc_column_text]A Anima tem actualmente mais de <strong>800\u00a0membros<\/strong> e esperamos futuramente atingir o n\u00famero de 1000.<\/p>\n<p>Membros tamb\u00e9m ganham direito <strong>a 15% de desconto<\/strong> em todos os eventos que organizamos durante o ano.<\/p>\n<p>Se \u00e9 adulto, s\u00f3 tem que pagar <strong>50 patacas por m\u00eas ou 600\u00a0MOP por ano<\/strong>, para se tornar membro da Anima. Se for menor de idade, a taxa \u00e9 de <strong>180 patacas por ano.<\/strong><\/p>\n<p>Obrigado pelo seu apoio![\/vc_column_text]\n<div class=\"wpcf7 no-js\" id=\"wpcf7-f27310-o1\" lang=\"en-US\" dir=\"ltr\" data-wpcf7-id=\"27310\">\n<div class=\"screen-reader-response\"><p role=\"status\" aria-live=\"polite\" aria-atomic=\"true\"><\/p> <ul><\/ul><\/div>\n<form action=\"\/pt-pt\/wp-json\/wp\/v2\/pages\/22937#wpcf7-f27310-o1\" method=\"post\" class=\"wpcf7-form init\" aria-label=\"Contact form\" novalidate=\"novalidate\" data-status=\"init\">\n<fieldset class=\"hidden-fields-container\"><input type=\"hidden\" name=\"_wpcf7\" value=\"27310\" \/><input type=\"hidden\" name=\"_wpcf7_version\" value=\"6.1.4\" \/><input type=\"hidden\" name=\"_wpcf7_locale\" value=\"en_US\" \/><input type=\"hidden\" name=\"_wpcf7_unit_tag\" value=\"wpcf7-f27310-o1\" \/><input type=\"hidden\" name=\"_wpcf7_container_post\" value=\"0\" \/><input type=\"hidden\" name=\"_wpcf7_posted_data_hash\" value=\"\" \/><input type=\"hidden\" name=\"_wpcf7_recaptcha_response\" value=\"\" \/>\n<\/fieldset>\n<p>* campos obrigat\u00f3rios\n<\/p>\n<div style=\"margin-top:5px;margin-bottom:5px;background-color: #db0a19;height:thin;\" class=\"separator  full_width center  \">\n<\/div>\n<h3>FORMUL\u00c1RIO DE MEMBRO\n<\/h3>\n<div class=\"column_01\">\n\t<h6>Apelido<span style=\"color:#db0a19\">*<\/span>\n\t<\/h6>\n\t<p><span class=\"wpcf7-form-control-wrap\" data-name=\"Surname\"><input size=\"30\" maxlength=\"400\" class=\"wpcf7-form-control wpcf7-text wpcf7-validates-as-required\" aria-required=\"true\" aria-invalid=\"false\" value=\"\" type=\"text\" name=\"Surname\" \/><\/span>\n\t<\/p>\n\t<h6>Telefone de Casa\n\t<\/h6>\n\t<p><span class=\"wpcf7-form-control-wrap\" data-name=\"telephonehome\"><input size=\"30\" maxlength=\"400\" class=\"wpcf7-form-control wpcf7-tel wpcf7-text wpcf7-validates-as-tel\" aria-invalid=\"false\" value=\"\" type=\"tel\" name=\"telephonehome\" \/><\/span>\n\t<\/p>\n\t<h6>Profiss\u00e3o\n\t<\/h6>\n\t<p><span class=\"wpcf7-form-control-wrap\" data-name=\"Occupation\"><input size=\"30\" maxlength=\"400\" class=\"wpcf7-form-control wpcf7-text\" aria-invalid=\"false\" value=\"\" type=\"text\" name=\"Occupation\" \/><\/span>\n\t<\/p>\n\t<h6>n\u00ba de BI<span style=\"color:#db0a19\">*<\/span>\n\t<\/h6>\n\t<p><span class=\"wpcf7-form-control-wrap\" data-name=\"IDCARD\"><input size=\"30\" maxlength=\"400\" class=\"wpcf7-form-control wpcf7-text wpcf7-validates-as-required\" aria-required=\"true\" aria-invalid=\"false\" value=\"\" type=\"text\" name=\"IDCARD\" \/><\/span>\n\t<\/p>\n\t<h6>Disponibilidade para trabalho volunt\u00e1rio<span style=\"color:#db0a19\">*<\/span>\n\t<\/h6>\n\t<p><span class=\"wpcf7-form-control-wrap\" data-name=\"worl\"><span class=\"wpcf7-form-control wpcf7-radio\"><span class=\"wpcf7-list-item first\"><label><span class=\"wpcf7-list-item-label\">sim<\/span><input type=\"radio\" name=\"worl\" value=\"sim\" \/><\/label><\/span><span class=\"wpcf7-list-item last\"><label><span class=\"wpcf7-list-item-label\">n\u00e3o<\/span><input type=\"radio\" name=\"worl\" value=\"n\u00e3o\" \/><\/label><\/span><\/span><\/span>\n\t<\/p>\n<\/div>\n<div class=\"column_02\">\n\t<h6>Nome<span style=\"color:#db0a19\">*<\/span>\n\t<\/h6>\n\t<p><span class=\"wpcf7-form-control-wrap\" data-name=\"your-name\"><input size=\"30\" maxlength=\"400\" class=\"wpcf7-form-control wpcf7-text wpcf7-validates-as-required\" aria-required=\"true\" aria-invalid=\"false\" value=\"\" type=\"text\" name=\"your-name\" \/><\/span>\n\t<\/p>\n\t<h6>Telemovel<span style=\"color:#db0a19\">*<\/span>\n\t<\/h6>\n\t<p><span class=\"wpcf7-form-control-wrap\" data-name=\"telephonemobile\"><input size=\"30\" maxlength=\"400\" class=\"wpcf7-form-control wpcf7-tel wpcf7-validates-as-required wpcf7-text wpcf7-validates-as-tel\" aria-required=\"true\" aria-invalid=\"false\" value=\"\" type=\"tel\" name=\"telephonemobile\" \/><\/span>\n\t<\/p>\n\t<h6>Nome do Empregador ou da Empresa\n\t<\/h6>\n\t<p><span class=\"wpcf7-form-control-wrap\" data-name=\"employer\"><input size=\"30\" maxlength=\"400\" class=\"wpcf7-form-control wpcf7-text\" aria-invalid=\"false\" value=\"\" type=\"text\" name=\"employer\" \/><\/span>\n\t<\/p>\n\t<h6>Nacionalidade<span style=\"color:#db0a19\">*<\/span>\n\t<\/h6>\n\t<p><span class=\"wpcf7-form-control-wrap\" data-name=\"Nationality\"><input size=\"30\" maxlength=\"400\" class=\"wpcf7-form-control wpcf7-text wpcf7-validates-as-required\" aria-required=\"true\" aria-invalid=\"false\" value=\"\" type=\"text\" name=\"Nationality\" \/><\/span>\n\t<\/p>\n<\/div>\n<div class=\"column_03\">\n\t<h6>Morada<span style=\"color:#db0a19\">*<\/span>\n\t<\/h6>\n\t<p><span class=\"wpcf7-form-control-wrap\" data-name=\"Address\"><input size=\"50\" maxlength=\"400\" class=\"wpcf7-form-control wpcf7-text wpcf7-validates-as-required\" aria-required=\"true\" aria-invalid=\"false\" value=\"\" type=\"text\" name=\"Address\" \/><\/span>\n\t<\/p>\n\t<h6>Fax\n\t<\/h6>\n\t<p><span class=\"wpcf7-form-control-wrap\" data-name=\"fax\"><input size=\"50\" maxlength=\"400\" class=\"wpcf7-form-control wpcf7-tel wpcf7-text wpcf7-validates-as-tel\" aria-invalid=\"false\" value=\"\" type=\"tel\" name=\"fax\" \/><\/span>\n\t<\/p>\n\t<h6>Endere\u00e7o de Email<span style=\"color:#db0a19\">*<\/span>\n\t<\/h6>\n\t<p><span class=\"wpcf7-form-control-wrap\" data-name=\"email\"><input size=\"50\" maxlength=\"400\" class=\"wpcf7-form-control wpcf7-email wpcf7-validates-as-required wpcf7-text wpcf7-validates-as-email\" aria-required=\"true\" aria-invalid=\"false\" value=\"\" type=\"email\" name=\"email\" \/><\/span>\n\t<\/p>\n\t<h6>Data de Nascimento: <span style=\"color:#db0a19\">*<\/span>\n\t<\/h6>\n\t<p><span class=\"wpcf7-form-control-wrap\" data-name=\"date-124\"><input class=\"wpcf7-form-control wpcf7-date wpcf7-validates-as-date\" aria-invalid=\"false\" placeholder=\"aaaa-mm-dd\" value=\"\" type=\"date\" name=\"date-124\" \/><\/span>\n\t<\/p>\n<\/div>\n<div class=\"full\">\n\n\t<p><input class=\"wpcf7-form-control wpcf7-submit has-spinner\" type=\"submit\" value=\"Submeter\" \/>\n\t<\/p>\n<\/div><div class=\"wpcf7-response-output\" aria-hidden=\"true\"><\/div>\n<\/form>\n<\/div>\n[\/vc_column][\/vc_row][vc_row row_type=&#8221;row&#8221; text_align=&#8221;left&#8221; css_animation=&#8221;&#8221; css=&#8221;.vc_custom_1417646726514{margin-top: 0px !important;background-color: #f7f7f7 !important;}&#8221;][vc_column][vc_separator type=&#8221;normal&#8221; color=&#8221;#da0a18&#8243; thickness=&#8221;1&#8243; up=&#8221;10&#8243; down=&#8221;10&#8243;][vc_column_text el_class=&#8221;member&#8221;]\n<h3>Tabela das taxas de Anuidade para Membros (MOP$) \u2013 Por tipo de membro<\/h3>\n<p><a href=\"https:\/\/www.animamacau.org\/wp-content\/uploads\/2021\/10\/members_quotes-updated-2021-1.png\"><img loading=\"lazy\" decoding=\"async\" class=\"alignnone size-full wp-image-125611\" src=\"https:\/\/www.animamacau.org\/wp-content\/uploads\/2021\/10\/members_quotes-updated-2021-1.png\" alt=\"\" width=\"768\" height=\"384\" srcset=\"https:\/\/www.animamacau.org\/wp-content\/uploads\/2021\/10\/members_quotes-updated-2021-1.png 768w, https:\/\/www.animamacau.org\/wp-content\/uploads\/2021\/10\/members_quotes-updated-2021-1-300x150.png 300w\" sizes=\"auto, (max-width: 768px) 100vw, 768px\" \/><\/a>[\/vc_column_text][vc_row_inner row_type=&#8221;row&#8221; text_align=&#8221;left&#8221; css_animation=&#8221;&#8221;][vc_column_inner width=&#8221;1\/3&#8243; id=&#8221;&#8220;8837&#8220;&#8221; template=&#8221;&#8220;button&#8220;&#8221;][vc_column_text]Se pretende pagar com Cart\u00e3o de Cr\u00e9dito, por favor fa\u00e7a o download do seguinte documento<\/p>\n[download id=&#8221;27317&#8243; template=&#8221;button&#8221;][\/vc_column_text][vc_separator type=&#8221;transparent&#8221;][\/vc_column_inner][vc_column_inner width=&#8221;1\/3&#8243;][\/vc_column_inner][vc_column_inner width=&#8221;1\/3&#8243;][\/vc_column_inner][\/vc_row_inner][\/vc_column][\/vc_row][vc_row row_type=&#8221;row&#8221; text_align=&#8221;left&#8221; css_animation=&#8221;&#8221;][vc_column][vc_separator type=&#8221;transparent&#8221;][vc_column_text]Pode pagar atrav\u00e9s de cheque, dep\u00f3sito ou transfer\u00eancia banc\u00e1ria para as seguintes contas da <strong>ANIMA \u2013 Sociedade Protectora dos Animais de Macau<\/strong> :[\/vc_column_text][vc_row_inner row_type=&#8221;row&#8221; text_align=&#8221;left&#8221; css_animation=&#8221;&#8221;][vc_column_inner width=&#8221;1\/3&#8243;][vc_column_text css=&#8221;.vc_custom_1454428003695{margin-bottom: 20px !important;}&#8221;]\n<h5 style=\"text-align: left\"><strong>Banco Nacional Ultramarino<\/strong><\/h5>\n<p style=\"text-align: left\">conta n\u00ba 9003472840<\/p>\n[\/vc_column_text][\/vc_column_inner][vc_column_inner width=&#8221;1\/3&#8243;][vc_column_text css=&#8221;.vc_custom_1612234503771{margin-bottom: 20px !important;}&#8221;]\n<h5 style=\"text-align: left\"><strong>Bank of China<\/strong><\/h5>\n<p style=\"text-align: left\">conta n\u00ba 180101207943181<\/p>\n[\/vc_column_text][\/vc_column_inner][vc_column_inner width=&#8221;1\/3&#8243;][vc_column_text css=&#8221;.vc_custom_1454428020801{margin-bottom: 20px !important;}&#8221;]\n<h5 style=\"text-align: left\">\u00a0<strong>ICBC<\/strong><\/h5>\n<p style=\"text-align: left\">conta n\u00ba\u00a00119100200000960934<\/p>\n[\/vc_column_text][\/vc_column_inner][\/vc_row_inner][\/vc_column][\/vc_row][vc_row row_type=&#8221;row&#8221; text_align=&#8221;left&#8221; css_animation=&#8221;&#8221;][vc_column][vc_row_inner row_type=&#8221;row&#8221; text_align=&#8221;left&#8221; css_animation=&#8221;&#8221;][vc_column_inner][vc_column_text css=&#8221;.vc_custom_1609980732990{margin-bottom: 20px !important;}&#8221;]Em caso de d\u00favida, por favor n\u00e3o hesite em contactar-nos em <a href=\"mailto:info@animamacau.org\"><em>info<\/em>@<em>animamacau<\/em>.org<\/a>.[\/vc_column_text][\/vc_column_inner][\/vc_row_inner][vc_separator type=&#8221;transparent&#8221;][\/vc_column][\/vc_row]\n<\/div>","protected":false},"excerpt":{"rendered":"<p>[vc_row row_type=&#8221;row&#8221; text_align=&#8221;left&#8221; css_animation=&#8221;&#8221;][vc_column css=&#8221;.vc_custom_1403185499435{margin-top: 60px !important;margin-bottom: 30px !important;}&#8221;][vc_column_text]A Anima tem actualmente mais de 800\u00a0membros e esperamos futuramente atingir o n\u00famero de 1000. Membros tamb\u00e9m ganham direito a 15% de desconto em todos os eventos que organizamos durante o ano. Se \u00e9 adulto, s\u00f3 tem que pagar 50 patacas por m\u00eas ou 600\u00a0MOP por ano, para se tornar membro da Anima. Se for menor de idade, a taxa \u00e9 de 180 patacas por ano. Obrigado pelo seu apoio![\/vc_column_text][\/vc_column][\/vc_row][vc_row row_type=&#8221;row&#8221; text_align=&#8221;left&#8221; css_animation=&#8221;&#8221; css=&#8221;.vc_custom_1417646726514{margin-top: 0px !important;background-color: #f7f7f7 !important;}&#8221;][vc_column][vc_separator type=&#8221;normal&#8221; color=&#8221;#da0a18&#8243; thickness=&#8221;1&#8243; up=&#8221;10&#8243; down=&#8221;10&#8243;][vc_column_text el_class=&#8221;member&#8221;] Tabela das taxas de Anuidade para Membros (MOP$) \u2013 Por tipo de membro [\/vc_column_text][vc_row_inner row_type=&#8221;row&#8221; text_align=&#8221;left&#8221; css_animation=&#8221;&#8221;][vc_column_inner width=&#8221;1\/3&#8243; id=&#8221;&#8220;8837&#8220;&#8221; template=&#8221;&#8220;button&#8220;&#8221;][vc_column_text]Se pretende pagar com Cart\u00e3o de Cr\u00e9dito, por favor fa\u00e7a o download do seguinte documento [download id=&#8221;27317&#8243; template=&#8221;button&#8221;][\/vc_column_text][vc_separator type=&#8221;transparent&#8221;][\/vc_column_inner][vc_column_inner width=&#8221;1\/3&#8243;][\/vc_column_inner][vc_column_inner width=&#8221;1\/3&#8243;][\/vc_column_inner][\/vc_row_inner][\/vc_column][\/vc_row][vc_row row_type=&#8221;row&#8221; text_align=&#8221;left&#8221; css_animation=&#8221;&#8221;][vc_column][vc_separator type=&#8221;transparent&#8221;][vc_column_text]Pode pagar atrav\u00e9s de cheque, dep\u00f3sito ou transfer\u00eancia banc\u00e1ria para&#8230;<\/p>\n","protected":false},"author":1,"featured_media":0,"parent":0,"menu_order":0,"comment_status":"open","ping_status":"open","template":"","meta":{"_acf_changed":false,"footnotes":""},"class_list":["post-22937","page","type-page","status-publish","hentry"],"acf":[],"_links":{"self":[{"href":"https:\/\/www.animamacau.org\/pt-pt\/wp-json\/wp\/v2\/pages\/22937","targetHints":{"allow":["GET"]}}],"collection":[{"href":"https:\/\/www.animamacau.org\/pt-pt\/wp-json\/wp\/v2\/pages"}],"about":[{"href":"https:\/\/www.animamacau.org\/pt-pt\/wp-json\/wp\/v2\/types\/page"}],"author":[{"embeddable":true,"href":"https:\/\/www.animamacau.org\/pt-pt\/wp-json\/wp\/v2\/users\/1"}],"replies":[{"embeddable":true,"href":"https:\/\/www.animamacau.org\/pt-pt\/wp-json\/wp\/v2\/comments?post=22937"}],"version-history":[{"count":7,"href":"https:\/\/www.animamacau.org\/pt-pt\/wp-json\/wp\/v2\/pages\/22937\/revisions"}],"predecessor-version":[{"id":156135,"href":"https:\/\/www.animamacau.org\/pt-pt\/wp-json\/wp\/v2\/pages\/22937\/revisions\/156135"}],"wp:attachment":[{"href":"https:\/\/www.animamacau.org\/pt-pt\/wp-json\/wp\/v2\/media?parent=22937"}],"curies":[{"name":"wp","href":"https:\/\/api.w.org\/{rel}","templated":true}]}}