{"id":22939,"date":"2014-12-19T22:29:41","date_gmt":"2014-12-19T22:29:41","guid":{"rendered":"http:\/\/animamacau.org\/\/spp-volunteer-2\/"},"modified":"2016-02-02T17:37:45","modified_gmt":"2016-02-02T17:37:45","slug":"spp-volunteer","status":"publish","type":"page","link":"https:\/\/www.animamacau.org\/pt-pt\/spp-volunteer\/","title":{"rendered":"Volunt\u00e1rio no PPE"},"content":{"rendered":"<div class=\"wpb-content-wrapper\">[vc_row][vc_column width=&#8221;1\/1&#8243; css=&#8221;.vc_custom_1403185499435{margin-top: 60px !important;margin-bottom: 30px !important;}&#8221;][vc_column_text]\n<h4>O PPE \u00e9 um programa de prote\u00e7\u00e3o especial que foi lan\u00e7ado com o prop\u00f3sito de proteger os animais que se encontram fora das instala\u00e7\u00f5es da Anima<\/h4>\n[\/vc_column_text][vc_separator type=&#8221;transparent&#8221; position=&#8221;center&#8221; thickness=&#8221;1&#8243; up=&#8221;10&#8243; down=&#8221;10&#8243;]\n<div class=\"wpcf7 no-js\" id=\"wpcf7-f27337-o1\" lang=\"en-US\" dir=\"ltr\" data-wpcf7-id=\"27337\">\n<div class=\"screen-reader-response\"><p role=\"status\" aria-live=\"polite\" aria-atomic=\"true\"><\/p> <ul><\/ul><\/div>\n<form action=\"\/pt-pt\/wp-json\/wp\/v2\/pages\/22939#wpcf7-f27337-o1\" method=\"post\" class=\"wpcf7-form init\" aria-label=\"Contact form\" enctype=\"multipart\/form-data\" novalidate=\"novalidate\" data-status=\"init\">\n<fieldset class=\"hidden-fields-container\"><input type=\"hidden\" name=\"_wpcf7\" value=\"27337\" \/><input type=\"hidden\" name=\"_wpcf7_version\" value=\"6.1.4\" \/><input type=\"hidden\" name=\"_wpcf7_locale\" value=\"en_US\" \/><input type=\"hidden\" name=\"_wpcf7_unit_tag\" value=\"wpcf7-f27337-o1\" \/><input type=\"hidden\" name=\"_wpcf7_container_post\" value=\"0\" \/><input type=\"hidden\" name=\"_wpcf7_posted_data_hash\" value=\"\" \/><input type=\"hidden\" name=\"_wpcf7_recaptcha_response\" value=\"\" \/>\n<\/fieldset>\n<p>* Campos obrigat\u00f3rios\n<\/p>\n<div style=\"margin-top:5px;margin-bottom:5px;background-color: #db0a19;height:thin;\" class=\"separator  full_width center  \">\n<\/div>\n<h3>CANDIDATURA A VOLUNT\u00c1RIO NO PPE\n<\/h3>\n<div class=\"column_01\">\n\t<h6>Nome do respons\u00e1vel pelos animais<span style=\"color:#db0a19\">*<\/span>\n\t<\/h6>\n\t<p><span class=\"wpcf7-form-control-wrap\" data-name=\"PERSONRESPONSIBLE\"><input size=\"30\" maxlength=\"400\" class=\"wpcf7-form-control wpcf7-text wpcf7-validates-as-required\" aria-required=\"true\" aria-invalid=\"false\" value=\"\" type=\"text\" name=\"PERSONRESPONSIBLE\" \/><\/span>\n\t<\/p>\n\t<h6>Morada onde se encontram os animais<span style=\"color:#db0a19\">*<\/span>\n\t<\/h6>\n\t<p><span class=\"wpcf7-form-control-wrap\" data-name=\"Address\"><input size=\"30\" maxlength=\"400\" class=\"wpcf7-form-control wpcf7-text wpcf7-validates-as-required\" aria-required=\"true\" aria-invalid=\"false\" value=\"\" type=\"text\" name=\"Address\" \/><\/span>\n\t<\/p>\n<\/div>\n<div class=\"column_02\">\n\t<h6>Telefone<span style=\"color:#db0a19\">*<\/span>\n\t<\/h6>\n\t<p><span class=\"wpcf7-form-control-wrap\" data-name=\"telephonemobile\"><input size=\"30\" maxlength=\"400\" class=\"wpcf7-form-control wpcf7-tel wpcf7-validates-as-required wpcf7-text wpcf7-validates-as-tel\" aria-required=\"true\" aria-invalid=\"false\" value=\"\" type=\"tel\" name=\"telephonemobile\" \/><\/span>\n\t<\/p>\n\t<h6>Zona onde se encontram os animais:<span style=\"color:#db0a19\">*<\/span>\n\t<\/h6>\n\t<p><span class=\"wpcf7-form-control-wrap\" data-name=\"place\"><span class=\"wpcf7-form-control wpcf7-checkbox wpcf7-validates-as-required wpcf7-exclusive-checkbox\"><span class=\"wpcf7-list-item first\"><label><span class=\"wpcf7-list-item-label\">Macau<\/span><input type=\"checkbox\" name=\"place\" value=\"Macau\" \/><\/label><\/span><span class=\"wpcf7-list-item\"><label><span class=\"wpcf7-list-item-label\">Taipa<\/span><input type=\"checkbox\" name=\"place\" value=\"Taipa\" \/><\/label><\/span><span class=\"wpcf7-list-item last\"><label><span class=\"wpcf7-list-item-label\">Coloane<\/span><input type=\"checkbox\" name=\"place\" value=\"Coloane\" \/><\/label><\/span><\/span><\/span>\n\t<\/p>\n<\/div>\n<div class=\"column_03\">\n\t<h6>Endere\u00e7o de email<span style=\"color:#db0a19\">*<\/span>\n\t<\/h6>\n\t<p><span class=\"wpcf7-form-control-wrap\" data-name=\"email\"><input size=\"50\" maxlength=\"400\" class=\"wpcf7-form-control wpcf7-email wpcf7-validates-as-required wpcf7-text wpcf7-validates-as-email\" aria-required=\"true\" aria-invalid=\"false\" value=\"\" type=\"email\" name=\"email\" \/><\/span>\n\t<\/p>\n<\/div>\n<div class=\"full\">\n\t<div style=\"margin-top:5px;margin-bottom:5px;background-color: #db0a19;height:thin;\" class=\"separator  full_width center  \">\n\t<\/div>\n\t<h3>DETALHES DOS ANIMAIS\n\t<\/h3>\n<\/div>\n<div class=\"column_01\">\n\t<h6>Tipo de animal<span style=\"color:#db0a19\">*<\/span>\n\t<\/h6>\n\t<p><span class=\"wpcf7-form-control-wrap\" data-name=\"typeanimals\"><span class=\"wpcf7-form-control wpcf7-checkbox wpcf7-validates-as-required\"><span class=\"wpcf7-list-item first\"><label><span class=\"wpcf7-list-item-label\">Gatos<\/span><input type=\"checkbox\" name=\"typeanimals[]\" value=\"Gatos\" \/><\/label><\/span><span class=\"wpcf7-list-item\"><label><span class=\"wpcf7-list-item-label\">C\u00e3es<\/span><input type=\"checkbox\" name=\"typeanimals[]\" value=\"C\u00e3es\" \/><\/label><\/span><span class=\"wpcf7-list-item last\"><label><span class=\"wpcf7-list-item-label\">Coelhos<\/span><input type=\"checkbox\" name=\"typeanimals[]\" value=\"Coelhos\" \/><\/label><\/span><\/span><\/span>\n\t<\/p>\n<\/div>\n<div class=\"column_02\">\n\t<h6>N\u00famero de Gatos\n\t<\/h6>\n\t<p><span class=\"wpcf7-form-control-wrap\" data-name=\"cats_number\"><input class=\"wpcf7-form-control wpcf7-number wpcf7-validates-as-number\" min=\"0\" max=\"20\" aria-invalid=\"false\" value=\"0\" type=\"number\" name=\"cats_number\" \/><\/span>\n\t<\/p>\n\t<h6>N\u00famero de Coelhos\n\t<\/h6>\n\t<p><span class=\"wpcf7-form-control-wrap\" data-name=\"rabbits_number\"><input class=\"wpcf7-form-control wpcf7-number wpcf7-validates-as-number\" min=\"0\" max=\"20\" aria-invalid=\"false\" value=\"0\" type=\"number\" name=\"rabbits_number\" \/><\/span>\n\t<\/p>\n<\/div>\n<div class=\"column_03\">\n\t<h6>N\u00famero de C\u00e3es\n\t<\/h6>\n\t<p><span class=\"wpcf7-form-control-wrap\" data-name=\"dogs_number\"><input class=\"wpcf7-form-control wpcf7-number wpcf7-validates-as-number\" min=\"0\" max=\"20\" aria-invalid=\"false\" value=\"0\" type=\"number\" name=\"dogs_number\" \/><\/span>\n\t<\/p>\n<\/div>\n<div class=\"full\">\n\t<div style=\"margin-top:5px;margin-bottom:5px;background-color: #db0a19;height:thin;\" class=\"separator  full_width center  \">\n\t<\/div>\n\t<h3>NOME E G\u00c9NERO DOS ANIMAIS\n\t<\/h3>\n<\/div>\n<div class=\"column_01\">\n\t<h6>1. Nome do Animal<span style=\"color:#db0a19\">*<\/span>\n\t<\/h6>\n\t<p><span class=\"wpcf7-form-control-wrap\" data-name=\"name-animal-01\"><input size=\"30\" maxlength=\"400\" class=\"wpcf7-form-control wpcf7-text wpcf7-validates-as-required\" aria-required=\"true\" aria-invalid=\"false\" value=\"\" type=\"text\" name=\"name-animal-01\" \/><\/span>\n\t<\/p>\n<\/div>\n<div class=\"column_02\">\n\t<h6>Sexo do Animal\n\t<\/h6>\n\t<p><span class=\"wpcf7-form-control-wrap\" data-name=\"gender-01\"><span class=\"wpcf7-form-control wpcf7-checkbox wpcf7-exclusive-checkbox\"><span class=\"wpcf7-list-item first\"><label><span class=\"wpcf7-list-item-label\">Macho<\/span><input type=\"checkbox\" name=\"gender-01\" value=\"Macho\" \/><\/label><\/span><span class=\"wpcf7-list-item last\"><label><span class=\"wpcf7-list-item-label\">F\u00e9mea<\/span><input type=\"checkbox\" name=\"gender-01\" value=\"F\u00e9mea\" \/><\/label><\/span><\/span><\/span>\n\t<\/p>\n<\/div>\n<div class=\"column_03\">\n\t<h6>Por favor, anexe uma fotografia do animal (individual)<span style=\"color:#db0a19\">*<\/span>\n\t<\/h6>\n\t<p><span class=\"wpcf7-form-control-wrap\" data-name=\"animal_01_photo\"><input size=\"40\" class=\"wpcf7-form-control wpcf7-file wpcf7-validates-as-required\" accept=\"audio\/*,video\/*,image\/*\" aria-required=\"true\" aria-invalid=\"false\" type=\"file\" name=\"animal_01_photo\" \/><\/span>\n\t<\/p>\n<\/div>\n<div class=\"full\">\n\t<div style=\"margin-top:5px;margin-bottom:5px;background-color: #db0a19;height:thin;\" class=\"separator  full_width center  \">\n\t<\/div>\n<\/div>\n<div class=\"column_01\">\n\t<h6>2. Nome do Animal\n\t<\/h6>\n\t<p><span class=\"wpcf7-form-control-wrap\" data-name=\"name-animal-02\"><input size=\"30\" maxlength=\"400\" class=\"wpcf7-form-control wpcf7-text\" aria-invalid=\"false\" value=\"\" type=\"text\" name=\"name-animal-02\" \/><\/span>\n\t<\/p>\n<\/div>\n<div class=\"column_02\">\n\t<h6>Sexo do Animal\n\t<\/h6>\n\t<p><span class=\"wpcf7-form-control-wrap\" data-name=\"gender-02\"><span class=\"wpcf7-form-control wpcf7-checkbox wpcf7-exclusive-checkbox\"><span class=\"wpcf7-list-item first\"><label><span class=\"wpcf7-list-item-label\">Macho<\/span><input type=\"checkbox\" name=\"gender-02\" value=\"Macho\" \/><\/label><\/span><span class=\"wpcf7-list-item last\"><label><span class=\"wpcf7-list-item-label\">F\u00e9mea<\/span><input type=\"checkbox\" name=\"gender-02\" value=\"F\u00e9mea\" \/><\/label><\/span><\/span><\/span>\n\t<\/p>\n<\/div>\n<div class=\"column_03\">\n\t<h6>Por favor, anexe uma fotografia do animal (individual)\n\t<\/h6>\n\t<p><span class=\"wpcf7-form-control-wrap\" data-name=\"animal_02_photo\"><input size=\"40\" class=\"wpcf7-form-control wpcf7-file\" accept=\"audio\/*,video\/*,image\/*\" aria-invalid=\"false\" type=\"file\" name=\"animal_02_photo\" \/><\/span>\n\t<\/p>\n<\/div>\n<div class=\"full\">\n\t<div style=\"margin-top:5px;margin-bottom:5px;background-color: #db0a19;height:thin;\" class=\"separator  full_width center  \">\n\t<\/div>\n<\/div>\n<div class=\"column_01\">\n\t<h6>3. Nome do Animal\n\t<\/h6>\n\t<p><span class=\"wpcf7-form-control-wrap\" data-name=\"name-animal-03\"><input size=\"30\" maxlength=\"400\" class=\"wpcf7-form-control wpcf7-text\" aria-invalid=\"false\" value=\"\" type=\"text\" name=\"name-animal-03\" \/><\/span>\n\t<\/p>\n<\/div>\n<div class=\"column_02\">\n\t<h6>Sexo do Animal\n\t<\/h6>\n\t<p><span class=\"wpcf7-form-control-wrap\" data-name=\"gender-03\"><span class=\"wpcf7-form-control wpcf7-checkbox wpcf7-exclusive-checkbox\"><span class=\"wpcf7-list-item first\"><label><span class=\"wpcf7-list-item-label\">Macho<\/span><input type=\"checkbox\" name=\"gender-03\" value=\"Macho\" \/><\/label><\/span><span class=\"wpcf7-list-item last\"><label><span class=\"wpcf7-list-item-label\">F\u00e9mea<\/span><input type=\"checkbox\" name=\"gender-03\" value=\"F\u00e9mea\" \/><\/label><\/span><\/span><\/span>\n\t<\/p>\n<\/div>\n<div class=\"column_03\">\n\t<h6>Por favor, anexe uma fotografia do animal (individual)\n\t<\/h6>\n\t<p><span class=\"wpcf7-form-control-wrap\" data-name=\"animal_03_photo\"><input size=\"40\" class=\"wpcf7-form-control wpcf7-file\" accept=\"audio\/*,video\/*,image\/*\" aria-invalid=\"false\" type=\"file\" name=\"animal_03_photo\" \/><\/span>\n\t<\/p>\n<\/div>\n<div class=\"full\">\n\t<div style=\"margin-top:5px;margin-bottom:5px;background-color: #db0a19;height:thin;\" class=\"separator  full_width center  \">\n\t<\/div>\n<\/div>\n<div class=\"column_01\">\n\t<h6>4. Nome do Animal\n\t<\/h6>\n\t<p><span class=\"wpcf7-form-control-wrap\" data-name=\"name-animal-04\"><input size=\"30\" maxlength=\"400\" class=\"wpcf7-form-control wpcf7-text\" aria-invalid=\"false\" value=\"\" type=\"text\" name=\"name-animal-04\" \/><\/span>\n\t<\/p>\n<\/div>\n<div class=\"column_02\">\n\t<h6>Sexo do Animal\n\t<\/h6>\n\t<p><span class=\"wpcf7-form-control-wrap\" data-name=\"gender-04\"><span class=\"wpcf7-form-control wpcf7-checkbox wpcf7-exclusive-checkbox\"><span class=\"wpcf7-list-item first\"><label><span class=\"wpcf7-list-item-label\">Macho<\/span><input type=\"checkbox\" name=\"gender-04\" value=\"Macho\" \/><\/label><\/span><span class=\"wpcf7-list-item last\"><label><span class=\"wpcf7-list-item-label\">F\u00e9mea<\/span><input type=\"checkbox\" name=\"gender-04\" value=\"F\u00e9mea\" \/><\/label><\/span><\/span><\/span>\n\t<\/p>\n<\/div>\n<div class=\"column_03\">\n\t<h6>Por favor, anexe uma fotografia do animal (individual)\n\t<\/h6>\n\t<p><span class=\"wpcf7-form-control-wrap\" data-name=\"animal_04_photo\"><input size=\"40\" class=\"wpcf7-form-control wpcf7-file\" accept=\"audio\/*,video\/*,image\/*\" aria-invalid=\"false\" type=\"file\" name=\"animal_04_photo\" \/><\/span>\n\t<\/p>\n<\/div>\n<div class=\"full\">\n\t<div style=\"margin-top:5px;margin-bottom:5px;background-color: #db0a19;height:thin;\" class=\"separator  full_width center  \">\n\t<\/div>\n<\/div>\n<div class=\"column_01\">\n\t<h6>5. Nome do Animal\n\t<\/h6>\n\t<p><span class=\"wpcf7-form-control-wrap\" data-name=\"name-animal-05\"><input size=\"30\" maxlength=\"400\" class=\"wpcf7-form-control wpcf7-text\" aria-invalid=\"false\" value=\"\" type=\"text\" name=\"name-animal-05\" \/><\/span>\n\t<\/p>\n<\/div>\n<div class=\"column_02\">\n\t<h6>Sexo do Animal\n\t<\/h6>\n\t<p><span class=\"wpcf7-form-control-wrap\" data-name=\"gender-05\"><span class=\"wpcf7-form-control wpcf7-checkbox wpcf7-exclusive-checkbox\"><span class=\"wpcf7-list-item first\"><label><span class=\"wpcf7-list-item-label\">Macho<\/span><input type=\"checkbox\" name=\"gender-05\" value=\"Macho\" \/><\/label><\/span><span class=\"wpcf7-list-item last\"><label><span class=\"wpcf7-list-item-label\">F\u00e9mea<\/span><input type=\"checkbox\" name=\"gender-05\" value=\"F\u00e9mea\" \/><\/label><\/span><\/span><\/span>\n\t<\/p>\n<\/div>\n<div class=\"column_03\">\n\t<h6>Por favor, anexe uma fotografia do animal (individual)\n\t<\/h6>\n\t<p><span class=\"wpcf7-form-control-wrap\" data-name=\"animal_05_photo\"><input size=\"40\" class=\"wpcf7-form-control wpcf7-file\" accept=\"audio\/*,video\/*,image\/*\" aria-invalid=\"false\" type=\"file\" name=\"animal_05_photo\" \/><\/span>\n\t<\/p>\n<\/div>\n<div class=\"full\">\n\t<div style=\"margin-top:5px;margin-bottom:5px;background-color: #db0a19;height:thin;\" class=\"separator  full_width center  \">\n\t<\/div>\n\t<h3>OUTRAS INFORMA\u00c7\u00d5ES\n\t<\/h3>\n<\/div>\n<div class=\"column_01\">\n\t<h6>Apoio que necessita:\n\t<\/h6>\n\t<p><span class=\"wpcf7-form-control-wrap\" data-name=\"support\"><span class=\"wpcf7-form-control wpcf7-checkbox\"><span class=\"wpcf7-list-item first\"><label><span class=\"wpcf7-list-item-label\">Comida<\/span><input type=\"checkbox\" name=\"support[]\" value=\"Comida\" \/><\/label><\/span><span class=\"wpcf7-list-item last\"><label><span class=\"wpcf7-list-item-label\">Medicamentos<\/span><input type=\"checkbox\" name=\"support[]\" value=\"Medicamentos\" \/><\/label><\/span><\/span><\/span>\n\t<\/p>\n<\/div>\n<div class=\"column_02\">\n\t<h6>Outros apoios\n\t<\/h6>\n\t<p><span class=\"wpcf7-form-control-wrap\" data-name=\"otherneeds\"><input size=\"30\" maxlength=\"400\" class=\"wpcf7-form-control wpcf7-text\" aria-invalid=\"false\" value=\"\" type=\"text\" name=\"otherneeds\" \/><\/span>\n\t<\/p>\n<\/div>\n<div class=\"column_03\">\n<\/div>\n<div class=\"full\">\n\n\t<p><input class=\"wpcf7-form-control wpcf7-submit has-spinner\" type=\"submit\" value=\"Submeter\" \/>\n\t<\/p>\n<\/div><div class=\"wpcf7-response-output\" aria-hidden=\"true\"><\/div>\n<\/form>\n<\/div>\n[vc_row_inner][vc_column_inner width=&#8221;1\/1&#8243;][vc_separator type=&#8221;transparent&#8221; position=&#8221;center&#8221; thickness=&#8221;1&#8243; up=&#8221;10&#8243; down=&#8221;10&#8243;][\/vc_column_inner][\/vc_row_inner][\/vc_column][\/vc_row]\n<\/div>","protected":false},"excerpt":{"rendered":"<p>[vc_row][vc_column width=&#8221;1\/1&#8243; css=&#8221;.vc_custom_1403185499435{margin-top: 60px !important;margin-bottom: 30px !important;}&#8221;][vc_column_text] O PPE \u00e9 um programa de prote\u00e7\u00e3o especial que foi lan\u00e7ado com o prop\u00f3sito de proteger os animais que se encontram fora das instala\u00e7\u00f5es da Anima [\/vc_column_text][vc_separator type=&#8221;transparent&#8221; position=&#8221;center&#8221; thickness=&#8221;1&#8243; up=&#8221;10&#8243; down=&#8221;10&#8243;][vc_row_inner][vc_column_inner width=&#8221;1\/1&#8243;][vc_separator type=&#8221;transparent&#8221; position=&#8221;center&#8221; thickness=&#8221;1&#8243; up=&#8221;10&#8243; down=&#8221;10&#8243;][\/vc_column_inner][\/vc_row_inner][\/vc_column][\/vc_row]<\/p>\n","protected":false},"author":1,"featured_media":0,"parent":0,"menu_order":0,"comment_status":"open","ping_status":"open","template":"","meta":{"_acf_changed":false,"footnotes":""},"class_list":["post-22939","page","type-page","status-publish","hentry"],"acf":[],"_links":{"self":[{"href":"https:\/\/www.animamacau.org\/pt-pt\/wp-json\/wp\/v2\/pages\/22939","targetHints":{"allow":["GET"]}}],"collection":[{"href":"https:\/\/www.animamacau.org\/pt-pt\/wp-json\/wp\/v2\/pages"}],"about":[{"href":"https:\/\/www.animamacau.org\/pt-pt\/wp-json\/wp\/v2\/types\/page"}],"author":[{"embeddable":true,"href":"https:\/\/www.animamacau.org\/pt-pt\/wp-json\/wp\/v2\/users\/1"}],"replies":[{"embeddable":true,"href":"https:\/\/www.animamacau.org\/pt-pt\/wp-json\/wp\/v2\/comments?post=22939"}],"version-history":[{"count":6,"href":"https:\/\/www.animamacau.org\/pt-pt\/wp-json\/wp\/v2\/pages\/22939\/revisions"}],"predecessor-version":[{"id":27340,"href":"https:\/\/www.animamacau.org\/pt-pt\/wp-json\/wp\/v2\/pages\/22939\/revisions\/27340"}],"wp:attachment":[{"href":"https:\/\/www.animamacau.org\/pt-pt\/wp-json\/wp\/v2\/media?parent=22939"}],"curies":[{"name":"wp","href":"https:\/\/api.w.org\/{rel}","templated":true}]}}