{"id":22941,"date":"2014-12-03T23:35:35","date_gmt":"2014-12-03T23:35:35","guid":{"rendered":"http:\/\/animamacau.org\/\/be-a-volunteer-2\/"},"modified":"2024-07-17T20:59:27","modified_gmt":"2024-07-17T20:59:27","slug":"be-a-volunteer","status":"publish","type":"page","link":"https:\/\/www.animamacau.org\/pt-pt\/be-a-volunteer\/","title":{"rendered":"Volunt\u00e1rio"},"content":{"rendered":"<div class=\"wpb-content-wrapper\">[vc_row row_type=&#8221;row&#8221; text_align=&#8221;left&#8221; css_animation=&#8221;&#8221;][vc_column css=&#8221;.vc_custom_1403185499435{margin-top: 60px !important;margin-bottom: 30px !important;}&#8221;][vc_column_text]\n<h4 style=\"text-align: justify\">A Anima precisa de volunt\u00e1rios que sejam capazes de ajudar a organiza\u00e7\u00e3o em diversas \u00e1reas.<\/h4>\n<p style=\"text-align: justify\">Sendo volunt\u00e1rio na Anima ou em casa \u00e9 muito importante para n\u00f3s.<\/p>\n<p id=\"tw-target-text\" class=\"tw-data-text tw-text-large tw-ta\" dir=\"ltr\"><span class=\"Y2IQFc\" lang=\"pt\"><strong>Os formul\u00e1rios de inscri\u00e7\u00e3o submetidos s\u00f3 ser\u00e3o aceites quando as pessoas inscritas tiverem idade superior a dezoito anos (18 anos n\u00e3o est\u00e3o inclu\u00eddos).<\/strong><\/span><\/p>\n<p class=\"tw-data-text tw-text-large tw-ta\" dir=\"ltr\"><span class=\"Y2IQFc\" lang=\"pt\">Os volunt\u00e1rios s\u00e3o uma ajuda preciosa porque, primeiro, ir\u00e3o agregar as suas ideias e esfor\u00e7os \u00e0 nossa Associa\u00e7\u00e3o, ajudando-nos a ver outras opini\u00f5es ou outras realidades que n\u00e3o conseguimos ver quando estamos focados no nosso trabalho di\u00e1rio. Em segundo lugar, porque n\u00e3o temos condi\u00e7\u00f5es nem de efetuar pagamentos nem de obter recursos humanos. Precisamos realmente de melhorar muito o nosso trabalho em prol dos animais e da comunidade. Terceiro, porque um volunt\u00e1rio \u00e9 como uma fonte de nova luz, uma nova brisa para todos n\u00f3s, que poder\u00e1 mudar o futuro dos animais para melhor.<\/span><\/p>\n<h4 style=\"text-align: justify\">Como pode ajudar-nos?<\/h4>\n<p style=\"text-align: justify\">Pode ajudar-nos atrav\u00e9s de diversas maneiras, nomeadamente, passear c\u00e3es, ser uma fam\u00edlia de acolhimento para os nossos animais (por exemplo, c\u00e3es que estejam \u00e0 espera de um espa\u00e7o pr\u00f3prio no nosso abrigo ou gatinhos ou cachorros que precisam de leite); brincar e inspeccionar a situa\u00e7\u00e3o dos gatos; limpar os abrigos ou controlar os c\u00e3es na hora do seu recreio; fazer parte da nossa equipa de resgate, da equipa de adop\u00e7\u00e3o ou, se preferir, trabalhar num ambiente sem animais onde n\u00e3o conseguimos chegar como: educa\u00e7\u00e3o, administra\u00e7\u00e3o (incluindo a tradu\u00e7\u00e3o, facebook ou website, visitar os adoptantes, promover a nossa miss\u00e3o, etc) , visita a escolas, associa\u00e7\u00f5es ou recep\u00e7\u00e3o de visitantes na sede da Anima.<\/p>\n[\/vc_column_text]\n<div class=\"wpcf7 no-js\" id=\"wpcf7-f27333-o1\" lang=\"en-US\" dir=\"ltr\" data-wpcf7-id=\"27333\">\n<div class=\"screen-reader-response\"><p role=\"status\" aria-live=\"polite\" aria-atomic=\"true\"><\/p> <ul><\/ul><\/div>\n<form action=\"\/pt-pt\/wp-json\/wp\/v2\/pages\/22941#wpcf7-f27333-o1\" method=\"post\" class=\"wpcf7-form init\" aria-label=\"Contact form\" novalidate=\"novalidate\" data-status=\"init\">\n<fieldset class=\"hidden-fields-container\"><input type=\"hidden\" name=\"_wpcf7\" value=\"27333\" \/><input type=\"hidden\" name=\"_wpcf7_version\" value=\"6.1.4\" \/><input type=\"hidden\" name=\"_wpcf7_locale\" value=\"en_US\" \/><input type=\"hidden\" name=\"_wpcf7_unit_tag\" value=\"wpcf7-f27333-o1\" \/><input type=\"hidden\" name=\"_wpcf7_container_post\" value=\"0\" \/><input type=\"hidden\" name=\"_wpcf7_posted_data_hash\" value=\"\" \/><input type=\"hidden\" name=\"_wpcf7_recaptcha_response\" value=\"\" \/>\n<\/fieldset>\n<p>* Campos obrigat\u00f3rios\n<\/p>\n<div style=\"margin-top:5px;margin-bottom:5px;background-color: #db0a19;height:thin;\" class=\"separator  full_width center  \">\n<\/div>\n<h3>FORMUL\u00c1RIO PARA SER NOSSO VOLUNT\u00c1RIO\n<\/h3>\n<div class=\"column_01\">\n\t<h6>Apelido<span style=\"color:#db0a19\">*<\/span>\n\t<\/h6>\n\t<p><span class=\"wpcf7-form-control-wrap\" data-name=\"Surname\"><input size=\"30\" maxlength=\"400\" class=\"wpcf7-form-control wpcf7-text wpcf7-validates-as-required\" aria-required=\"true\" aria-invalid=\"false\" value=\"\" type=\"text\" name=\"Surname\" \/><\/span>\n\t<\/p>\n\t<h6>Sexo <span style=\"color:#db0a19\">*<\/span>\n\t<\/h6>\n\t<p><span class=\"wpcf7-form-control-wrap\" data-name=\"sex\"><span class=\"wpcf7-form-control wpcf7-radio\"><span class=\"wpcf7-list-item first\"><label><span class=\"wpcf7-list-item-label\">Feminino<\/span><input type=\"radio\" name=\"sex\" value=\"Feminino\" \/><\/label><\/span><span class=\"wpcf7-list-item last\"><label><span class=\"wpcf7-list-item-label\">Masculino<\/span><input type=\"radio\" name=\"sex\" value=\"Masculino\" \/><\/label><\/span><\/span><\/span>\n\t<\/p>\n<\/div>\n<div class=\"column_02\">\n\t<h6>Nome<span style=\"color:#db0a19\">*<\/span>\n\t<\/h6>\n\t<p><span class=\"wpcf7-form-control-wrap\" data-name=\"your-name\"><input size=\"30\" maxlength=\"400\" class=\"wpcf7-form-control wpcf7-text wpcf7-validates-as-required\" aria-required=\"true\" aria-invalid=\"false\" value=\"\" type=\"text\" name=\"your-name\" \/><\/span>\n\t<\/p>\n\t<h6>Data de Nascimento: <span style=\"color:#db0a19\">*<\/span>\n\t<\/h6>\n\t<p><span class=\"wpcf7-form-control-wrap\" data-name=\"date-32\"><input class=\"wpcf7-form-control wpcf7-date wpcf7-validates-as-date\" aria-invalid=\"false\" placeholder=\"aaaa-mm-dd\" value=\"\" type=\"date\" name=\"date-32\" \/><\/span>\n\t<\/p>\n<\/div>\n<div class=\"column_03\">\n\t<h6>Morada<span style=\"color:#db0a19\">*<\/span>\n\t<\/h6>\n\t<p><span class=\"wpcf7-form-control-wrap\" data-name=\"Address\"><input size=\"50\" maxlength=\"400\" class=\"wpcf7-form-control wpcf7-text wpcf7-validates-as-required\" aria-required=\"true\" aria-invalid=\"false\" value=\"\" type=\"text\" name=\"Address\" \/><\/span>\n\t<\/p>\n\t<h6>Endere\u00e7o de Email <span style=\"color:#db0a19\">*<\/span>\n\t<\/h6>\n\t<p><span class=\"wpcf7-form-control-wrap\" data-name=\"email\"><input size=\"50\" maxlength=\"400\" class=\"wpcf7-form-control wpcf7-email wpcf7-validates-as-required wpcf7-text wpcf7-validates-as-email\" aria-required=\"true\" aria-invalid=\"false\" value=\"\" type=\"email\" name=\"email\" \/><\/span>\n\t<\/p>\n<\/div>\n<div class=\"full\">\n\t<div class=\"column_01\">\n\t\t<h6>Telefone de casa\n\t\t<\/h6>\n\t\t<p><span class=\"wpcf7-form-control-wrap\" data-name=\"telephonehome\"><input size=\"30\" maxlength=\"400\" class=\"wpcf7-form-control wpcf7-tel wpcf7-text wpcf7-validates-as-tel\" aria-invalid=\"false\" value=\"\" type=\"tel\" name=\"telephonehome\" \/><\/span>\n\t\t<\/p>\n\t\t<h6>Ocupa\u00e7\u00e3o\n\t\t<\/h6>\n\t\t<p><span class=\"wpcf7-form-control-wrap\" data-name=\"Occupation\"><input size=\"30\" maxlength=\"400\" class=\"wpcf7-form-control wpcf7-text\" aria-invalid=\"false\" value=\"\" type=\"text\" name=\"Occupation\" \/><\/span>\n\t\t<\/p>\n\t<\/div>\n\t<div class=\"column_02\">\n\t\t<h6>Telem\u00f3vel<span style=\"color:#db0a19\">*<\/span>\n\t\t<\/h6>\n\t\t<p><span class=\"wpcf7-form-control-wrap\" data-name=\"telephonemobile\"><input size=\"30\" maxlength=\"400\" class=\"wpcf7-form-control wpcf7-tel wpcf7-validates-as-required wpcf7-text wpcf7-validates-as-tel\" aria-required=\"true\" aria-invalid=\"false\" value=\"\" type=\"tel\" name=\"telephonemobile\" \/><\/span>\n\t\t<\/p>\n\t\t<h6>Nome do Empregador ou Empresa\n\t\t<\/h6>\n\t\t<p><span class=\"wpcf7-form-control-wrap\" data-name=\"employer\"><input size=\"30\" maxlength=\"400\" class=\"wpcf7-form-control wpcf7-text\" aria-invalid=\"false\" value=\"\" type=\"text\" name=\"employer\" \/><\/span>\n\t\t<\/p>\n\t<\/div>\n\t<div class=\"column_03\">\n\t<\/div>\n<\/div>\n<div class=\"full\">\n\t<div style=\"margin-top:20px;margin-bottom:5px;background-color: #db0a19;height:thin;\" class=\"separator  full_width center  \">\n\t<\/div>\n\t<h3>OUTRAS INFORMA\u00c7\u00d5ES\n\t<\/h3>\n\t<div class=\"column_01\">\n\t\t<h6>Tem alguma experi\u00eancia com animais?<span style=\"color:#db0a19\">*<\/span>\n\t\t<\/h6>\n\t\t<p><span class=\"wpcf7-form-control-wrap\" data-name=\"worl\"><span class=\"wpcf7-form-control wpcf7-radio\"><span class=\"wpcf7-list-item first\"><label><span class=\"wpcf7-list-item-label\">sim<\/span><input type=\"radio\" name=\"worl\" value=\"sim\" \/><\/label><\/span><span class=\"wpcf7-list-item last\"><label><span class=\"wpcf7-list-item-label\">n\u00e3o<\/span><input type=\"radio\" name=\"worl\" value=\"n\u00e3o\" \/><\/label><\/span><\/span><\/span>\n\t\t<\/p>\n\t<\/div>\n\t<div class=\"full\">\n\t\t<h6>Trabalho de voluntariado que lhe interessa (pode escolher mais do que uma op\u00e7\u00e3o)\n\t\t<\/h6>\n\t\t<p><span class=\"wpcf7-form-control-wrap\" data-name=\"interest\"><span class=\"wpcf7-form-control wpcf7-checkbox interests\"><span class=\"wpcf7-list-item first\"><label><input type=\"checkbox\" name=\"interest[]\" value=\"Passear os c\u00e3es\" \/><span class=\"wpcf7-list-item-label\">Passear os c\u00e3es<\/span><\/label><\/span><span class=\"wpcf7-list-item\"><label><input type=\"checkbox\" name=\"interest[]\" value=\"Enfermagem\" \/><span class=\"wpcf7-list-item-label\">Enfermagem<\/span><\/label><\/span><span class=\"wpcf7-list-item\"><label><input type=\"checkbox\" name=\"interest[]\" value=\"Fam\u00edlia de acolhimento\" \/><span class=\"wpcf7-list-item-label\">Fam\u00edlia de acolhimento<\/span><\/label><\/span><span class=\"wpcf7-list-item\"><label><input type=\"checkbox\" name=\"interest[]\" value=\"Limpeza\" \/><span class=\"wpcf7-list-item-label\">Limpeza<\/span><\/label><\/span><span class=\"wpcf7-list-item\"><label><input type=\"checkbox\" name=\"interest[]\" value=\"Equipa de Resgate\" \/><span class=\"wpcf7-list-item-label\">Equipa de Resgate<\/span><\/label><\/span><span class=\"wpcf7-list-item\"><label><input type=\"checkbox\" name=\"interest[]\" value=\"Promo\u00e7\u00e3o\" \/><span class=\"wpcf7-list-item-label\">Promo\u00e7\u00e3o<\/span><\/label><\/span><span class=\"wpcf7-list-item\"><label><input type=\"checkbox\" name=\"interest[]\" value=\"Educa\u00e7\u00e3o\" \/><span class=\"wpcf7-list-item-label\">Educa\u00e7\u00e3o<\/span><\/label><\/span><span class=\"wpcf7-list-item\"><label><input type=\"checkbox\" name=\"interest[]\" value=\"Design gr\u00e1fico\" \/><span class=\"wpcf7-list-item-label\">Design gr\u00e1fico<\/span><\/label><\/span><span class=\"wpcf7-list-item\"><label><input type=\"checkbox\" name=\"interest[]\" value=\"Trabalho Administrativo\" \/><span class=\"wpcf7-list-item-label\">Trabalho Administrativo<\/span><\/label><\/span><span class=\"wpcf7-list-item last\"><label><input type=\"checkbox\" name=\"interest[]\" value=\"Trabalho volunt\u00e1rio ocasional\" \/><span class=\"wpcf7-list-item-label\">Trabalho volunt\u00e1rio ocasional<\/span><\/label><\/span><\/span><\/span>\n\t\t<\/p>\n\t<\/div>\n\t<div class=\"column_01\">\n\t\t<h6>Outros tipo de voluntariado\n\t\t<\/h6>\n\t\t<p><span class=\"wpcf7-form-control-wrap\" data-name=\"other\"><input size=\"30\" maxlength=\"400\" class=\"wpcf7-form-control wpcf7-text\" aria-invalid=\"false\" value=\"\" type=\"text\" name=\"other\" \/><\/span>\n\t\t<\/p>\n\t<\/div>\n\t<div class=\"column_02\">\n\t\t<h6>Experi\u00eancia como Volunt\u00e1rio<span style=\"color:#db0a19\">*<\/span>\n\t\t<\/h6>\n\t\t<p><span class=\"wpcf7-form-control-wrap\" data-name=\"experience\"><input size=\"30\" maxlength=\"400\" class=\"wpcf7-form-control wpcf7-text wpcf7-validates-as-required\" aria-required=\"true\" aria-invalid=\"false\" value=\"\" type=\"text\" name=\"experience\" \/><\/span>\n\t\t<\/p>\n\t<\/div>\n\t<div class=\"column_03\">\n\t\t<h6>Aptid\u00f5es<span style=\"color:#db0a19\">*<\/span>\n\t\t<\/h6>\n\t\t<p><span class=\"wpcf7-form-control-wrap\" data-name=\"skills\"><input size=\"50\" maxlength=\"400\" class=\"wpcf7-form-control wpcf7-text wpcf7-validates-as-required\" aria-required=\"true\" aria-invalid=\"false\" value=\"\" type=\"text\" name=\"skills\" \/><\/span>\n\t\t<\/p>\n\t<\/div>\n<\/div>\n<div class=\"full\">\n\t<h6>Disponibillidade para voluntariado\n\t<\/h6>\n\t<div class=\"column_05 date\">\n\t\t<h6>Dia\n\t\t<\/h6>\n\t\t<div style=\"margin-top:-20px color: #333333; font-family: Open Sans,sans-serif; font-size: 14px; font-style: italic; font-weight: 600;\">\n\t\t\t<p>Hor\u00e1rio\n\t\t\t<\/p>\n\t\t<\/div>\n\t<\/div>\n\t<div class=\"column_05 date\">\n\t\t<h6>Segunda\n\t\t<\/h6>\n\t\t<p><span class=\"wpcf7-form-control-wrap\" data-name=\"text-26\"><input size=\"40\" maxlength=\"400\" class=\"wpcf7-form-control wpcf7-text weekday\" aria-invalid=\"false\" value=\"\" type=\"text\" name=\"text-26\" \/><\/span>\n\t\t<\/p>\n\t<\/div>\n\t<div class=\"column_05 date\">\n\t\t<h6>Ter\u00e7a\n\t\t<\/h6>\n\t\t<p><span class=\"wpcf7-form-control-wrap\" data-name=\"text-27\"><input size=\"40\" maxlength=\"400\" class=\"wpcf7-form-control wpcf7-text weekday\" aria-invalid=\"false\" value=\"\" type=\"text\" name=\"text-27\" \/><\/span>\n\t\t<\/p>\n\t<\/div>\n\t<div class=\"column_05 date\">\n\t\t<h6>Quarta\n\t\t<\/h6>\n\t\t<p><span class=\"wpcf7-form-control-wrap\" data-name=\"text-28\"><input size=\"40\" maxlength=\"400\" class=\"wpcf7-form-control wpcf7-text weekday\" aria-invalid=\"false\" value=\"\" type=\"text\" name=\"text-28\" \/><\/span>\n\t\t<\/p>\n\t<\/div>\n\t<div class=\"column_05 date\">\n\t\t<h6>Quinta\n\t\t<\/h6>\n\t\t<p><span class=\"wpcf7-form-control-wrap\" data-name=\"text-29\"><input size=\"40\" maxlength=\"400\" class=\"wpcf7-form-control wpcf7-text weekday\" aria-invalid=\"false\" value=\"\" type=\"text\" name=\"text-29\" \/><\/span>\n\t\t<\/p>\n\t<\/div>\n\t<div class=\"column_05 date\">\n\t\t<h6>Sexta\n\t\t<\/h6>\n\t\t<p><span class=\"wpcf7-form-control-wrap\" data-name=\"text-30\"><input size=\"40\" maxlength=\"400\" class=\"wpcf7-form-control wpcf7-text weekday\" aria-invalid=\"false\" value=\"\" type=\"text\" name=\"text-30\" \/><\/span>\n\t\t<\/p>\n\t<\/div>\n\t<div class=\"column_05 date\">\n\t\t<h6>S\u00e1bado\n\t\t<\/h6>\n\t\t<p><span class=\"wpcf7-form-control-wrap\" data-name=\"text-31\"><input size=\"40\" maxlength=\"400\" class=\"wpcf7-form-control wpcf7-text weekday\" aria-invalid=\"false\" value=\"\" type=\"text\" name=\"text-31\" \/><\/span>\n\t\t<\/p>\n\t<\/div>\n\t<div class=\"column_05 date last\">\n\t\t<h6>Domingo\n\t\t<\/h6>\n\t\t<p><span class=\"wpcf7-form-control-wrap\" data-name=\"text-32\"><input size=\"40\" maxlength=\"400\" class=\"wpcf7-form-control wpcf7-text weekday\" aria-invalid=\"false\" value=\"\" type=\"text\" name=\"text-32\" \/><\/span>\n\t\t<\/p>\n\t<\/div>\n<\/div>\n<div class=\"full\">\n\t<div style=\"margin-top:20px;margin-bottom:5px;background-color: #db0a19;height:thin;\" class=\"separator  full_width center  \">\n\t<\/div>\n\t<h3>CONTACTO DE EMERG\u00caNCIA\n\t<\/h3>\n\t<div class=\"column_01\">\n\t\t<h6>Apelido<span style=\"color:#db0a19\">*<\/span>\n\t\t<\/h6>\n\t\t<p><span class=\"wpcf7-form-control-wrap\" data-name=\"text-398\"><input size=\"40\" maxlength=\"400\" class=\"wpcf7-form-control wpcf7-text wpcf7-validates-as-required\" aria-required=\"true\" aria-invalid=\"false\" value=\"\" type=\"text\" name=\"text-398\" \/><\/span>\n\t\t<\/p>\n\t\t<h6>Telefone de Casa\n\t\t<\/h6>\n\t\t<p><span class=\"wpcf7-form-control-wrap\" data-name=\"tel-248\"><input size=\"40\" maxlength=\"400\" class=\"wpcf7-form-control wpcf7-tel wpcf7-text wpcf7-validates-as-tel\" aria-invalid=\"false\" value=\"\" type=\"tel\" name=\"tel-248\" \/><\/span>\n\t\t<\/p>\n\t<\/div>\n\t<div class=\"column_02\">\n\t\t<h6>Nome<span style=\"color:#db0a19\">*<\/span>\n\t\t<\/h6>\n\t\t<p><span class=\"wpcf7-form-control-wrap\" data-name=\"text-175\"><input size=\"40\" maxlength=\"400\" class=\"wpcf7-form-control wpcf7-text wpcf7-validates-as-required\" aria-required=\"true\" aria-invalid=\"false\" value=\"\" type=\"text\" name=\"text-175\" \/><\/span>\n\t\t<\/p>\n\t\t<h6>Telem\u00f3vel<span style=\"color:#db0a19\">*<\/span>\n\t\t<\/h6>\n\t\t<p><span class=\"wpcf7-form-control-wrap\" data-name=\"tel-74\"><input size=\"40\" maxlength=\"400\" class=\"wpcf7-form-control wpcf7-tel wpcf7-validates-as-required wpcf7-text wpcf7-validates-as-tel\" aria-required=\"true\" aria-invalid=\"false\" value=\"\" type=\"tel\" name=\"tel-74\" \/><\/span>\n\t\t<\/p>\n\t<\/div>\n\t<div class=\"column_03\">\n\t\t<h6>Morada<span style=\"color:#db0a19\">*<\/span>\n\t\t<\/h6>\n\t\t<p><span class=\"wpcf7-form-control-wrap\" data-name=\"text-335\"><input size=\"40\" maxlength=\"400\" class=\"wpcf7-form-control wpcf7-text wpcf7-validates-as-required\" aria-required=\"true\" aria-invalid=\"false\" value=\"\" type=\"text\" name=\"text-335\" \/><\/span>\n\t\t<\/p>\n\t<\/div>\n<\/div>\n<div class=\"full\">\n\n\t<p><input class=\"wpcf7-form-control wpcf7-submit has-spinner\" type=\"submit\" value=\"Submeter\" \/>\n\t<\/p>\n<\/div><div class=\"wpcf7-response-output\" aria-hidden=\"true\"><\/div>\n<\/form>\n<\/div>\n[\/vc_column][\/vc_row]\n<\/div>","protected":false},"excerpt":{"rendered":"<p>[vc_row row_type=&#8221;row&#8221; text_align=&#8221;left&#8221; css_animation=&#8221;&#8221;][vc_column css=&#8221;.vc_custom_1403185499435{margin-top: 60px !important;margin-bottom: 30px !important;}&#8221;][vc_column_text] A Anima precisa de volunt\u00e1rios que sejam capazes de ajudar a organiza\u00e7\u00e3o em diversas \u00e1reas. Sendo volunt\u00e1rio na Anima ou em casa \u00e9 muito importante para n\u00f3s. Os formul\u00e1rios de inscri\u00e7\u00e3o submetidos s\u00f3 ser\u00e3o aceites quando as pessoas inscritas tiverem idade superior a dezoito anos (18 anos n\u00e3o est\u00e3o inclu\u00eddos). Os volunt\u00e1rios s\u00e3o uma ajuda preciosa porque, primeiro, ir\u00e3o agregar as suas ideias e esfor\u00e7os \u00e0 nossa Associa\u00e7\u00e3o, ajudando-nos a ver outras opini\u00f5es ou outras realidades que n\u00e3o conseguimos ver quando estamos focados no nosso trabalho di\u00e1rio. Em segundo lugar, porque n\u00e3o temos condi\u00e7\u00f5es nem de efetuar pagamentos nem de obter recursos humanos. Precisamos realmente de melhorar muito o nosso trabalho em prol dos animais e da comunidade. Terceiro, porque um volunt\u00e1rio \u00e9 como uma fonte de nova luz, uma nova brisa para todos n\u00f3s, que&#8230;<\/p>\n","protected":false},"author":1,"featured_media":0,"parent":0,"menu_order":0,"comment_status":"closed","ping_status":"closed","template":"","meta":{"_acf_changed":false,"footnotes":""},"class_list":["post-22941","page","type-page","status-publish","hentry"],"acf":[],"_links":{"self":[{"href":"https:\/\/www.animamacau.org\/pt-pt\/wp-json\/wp\/v2\/pages\/22941","targetHints":{"allow":["GET"]}}],"collection":[{"href":"https:\/\/www.animamacau.org\/pt-pt\/wp-json\/wp\/v2\/pages"}],"about":[{"href":"https:\/\/www.animamacau.org\/pt-pt\/wp-json\/wp\/v2\/types\/page"}],"author":[{"embeddable":true,"href":"https:\/\/www.animamacau.org\/pt-pt\/wp-json\/wp\/v2\/users\/1"}],"replies":[{"embeddable":true,"href":"https:\/\/www.animamacau.org\/pt-pt\/wp-json\/wp\/v2\/comments?post=22941"}],"version-history":[{"count":6,"href":"https:\/\/www.animamacau.org\/pt-pt\/wp-json\/wp\/v2\/pages\/22941\/revisions"}],"predecessor-version":[{"id":154126,"href":"https:\/\/www.animamacau.org\/pt-pt\/wp-json\/wp\/v2\/pages\/22941\/revisions\/154126"}],"wp:attachment":[{"href":"https:\/\/www.animamacau.org\/pt-pt\/wp-json\/wp\/v2\/media?parent=22941"}],"curies":[{"name":"wp","href":"https:\/\/api.w.org\/{rel}","templated":true}]}}