{"id":22943,"date":"2013-10-16T12:05:38","date_gmt":"2013-10-16T12:05:38","guid":{"rendered":"http:\/\/animamacau.org\/\/contact-2\/"},"modified":"2021-11-10T08:04:30","modified_gmt":"2021-11-10T08:04:30","slug":"contact","status":"publish","type":"page","link":"https:\/\/www.animamacau.org\/pt-pt\/contact\/","title":{"rendered":"Contacte-nos"},"content":{"rendered":"<div class=\"wpb-content-wrapper\">[vc_row row_type=&#8221;row&#8221; text_align=&#8221;left&#8221; css_animation=&#8221;&#8221;][vc_column width=&#8221;1\/2&#8243;][vc_separator type=&#8221;transparent&#8221;][vc_separator type=&#8221;transparent&#8221;][vc_separator type=&#8221;transparent&#8221;][vc_separator type=&#8221;transparent&#8221;][vc_column_text]\n<h5 style=\"text-align: left\">Para\u00edso dos Gatos<\/h5>\n<p style=\"text-align: left\">Morada:<br \/>\nEstrada do Campo, No.16 R\/C,<br \/>\nColoane,<br \/>\nMacau, SAR (China)<\/p>\n<p style=\"text-align: left\"><strong><span style=\"color: #db0a19\">Tel<\/span> <span style=\"color: #000000\">(<\/span>+853) 68802 908<br \/>\n<span style=\"color: #db0a19\">Tel<\/span> <\/strong><span style=\"color: #000000\">(<\/span>+853) 63018 784<\/p>\n<h5 style=\"text-align: left\">Hor\u00e1rio de Abertura aos Visitantes<\/h5>\n<p style=\"text-align: left\">Todos os dias (incluindo fim-de-semana e feriados):<br \/>\n12:00 \u00e0s 13:00<br \/>\n14:30 \u00e0s 17:30<\/p>\n[\/vc_column_text][vc_column_text]\n<h5>Endere\u00e7os Eletr\u00f3nicos<\/h5>\n<p><a href=\"mailto:info@animamacau.org\">info@animamacau.org<br \/>\n<\/a><\/p>\n<p><a href=\"mailto:anima@macau.ctm.net\">anima@macau.ctm.net<\/a>[\/vc_column_text][\/vc_column][vc_column width=&#8221;1\/2&#8243;][vc_separator type=&#8221;transparent&#8221;][vc_separator type=&#8221;transparent&#8221;][vc_separator type=&#8221;transparent&#8221;][vc_separator type=&#8221;transparent&#8221;][vc_column_text]\n<h5 style=\"text-align: left\">Abrigo dos C\u00e3es<\/h5>\n<p style=\"text-align: left\">Morada:<br \/>\nEstrada do Altinho de K\u00e1 H\u00f3,<br \/>\nColoane,<br \/>\nMacau, SAR (China)<\/p>\n<p style=\"text-align: left\"><strong><span style=\"color: #db0a19\">Tel\/Fax<\/span> (+853) 28715 732<\/strong><br \/>\n<span style=\"color: #db0a19\">Tel<\/span> (+853) 28703 224<\/p>\n<h5 style=\"text-align: left\">Hor\u00e1rio de Abertura aos Visitantes<\/h5>\n<p style=\"text-align: left\">Todos os dias (incluindo fim-de-semana e feriados):<br \/>\n12:00 \u00e0s 13:00<br \/>\n14:30 \u00e0s 17:30<a href=\"mailto:info@animamacau.org\"><br \/>\n<\/a><\/p>\n[\/vc_column_text][vc_separator type=&#8221;transparent&#8221; up=&#8221;0&#8243; down=&#8221;25&#8243;][vc_separator type=&#8221;transparent&#8221;][\/vc_column][\/vc_row][vc_row row_type=&#8221;row&#8221; text_align=&#8221;left&#8221; css_animation=&#8221;&#8221;][vc_column width=&#8221;1\/2&#8243;][vc_column_text]\n<h5 style=\"text-align: center\">Localiza\u00e7\u00e3o do Para\u00edso dos Gatos:<\/h5>\n[\/vc_column_text][vc_gmaps link=&#8221;#E-8_JTNDaWZyYW1lJTIwc3JjJTNEJTIyaHR0cHMlM0ElMkYlMkZ3d3cuZ29vZ2xlLmNvbSUyRm1hcHMlMkZlbWJlZCUzRnBiJTNEJTIxMW0xOCUyMTFtMTIlMjExbTMlMjExZDIzMS4wMTIxODc3MzQ5NjUzJTIxMmQxMTMuNTUyNTU0MDIzMzYyMjklMjEzZDIyLjExODUzOTUxNzAyOTM5JTIxMm0zJTIxMWYwJTIxMmYwJTIxM2YwJTIxM20yJTIxMWkxMDI0JTIxMmk3NjglMjE0ZjEzLjElMjEzbTMlMjExbTIlMjExczB4MzQwMTdiNjViYTQ5M2E4NyUyNTNBMHg1NmE5NTY2MjEwOGEwMWVjJTIxMno1cjZ6NlphQTVvU2I2SzIzNVl1VjU0bXA1WTJVNXB5RExlaXlrLWFvZ3VXY2tnJTIxNWUwJTIxM20yJTIxMXNlbiUyMTJzJTIxNHYxNjE4NDc3NzYzNTg5JTIxNW0yJTIxMXNlbiUyMTJzJTIyJTIwd2lkdGglM0QlMjI2MDAlMjIlMjBoZWlnaHQlM0QlMjI0NTAlMjIlMjBzdHlsZSUzRCUyMmJvcmRlciUzQTAlM0IlMjIlMjBhbGxvd2Z1bGxzY3JlZW4lM0QlMjIlMjIlMjBsb2FkaW5nJTNEJTIybGF6eSUyMiUzRSUzQyUyRmlmcmFtZSUzRQ==&#8221;][\/vc_column][vc_column width=&#8221;1\/2&#8243;][vc_column_text]\n<h5 style=\"text-align: center\">Localiza\u00e7\u00e3o do Abrigo dos C\u00e3es:<\/h5>\n[\/vc_column_text][vc_gmaps link=&#8221;#E-8_JTNDaWZyYW1lJTIwc3JjJTNEJTIyaHR0cHMlM0ElMkYlMkZ3d3cuZ29vZ2xlLmNvbSUyRm1hcHMlMkZlbWJlZCUzRnBiJTNEJTIxMW0xOCUyMTFtMTIlMjExbTMlMjExZDkyMy45NTQ4MjY2NzcyODI5JTIxMmQxMTMuNTY2ODEzMzE3MDI4MTIlMjEzZDIyLjEzMjg2NDA2ODUwNTM1NiUyMTJtMyUyMTFmMCUyMTJmMCUyMTNmMCUyMTNtMiUyMTFpMTAyNCUyMTJpNzY4JTIxNGYxMy4xJTIxM20zJTIxMW0yJTIxMXMweDM0MDE3MDIxOGFkNWUxYmQlMjUzQTB4NmIzYWU4OWE2NTQ3N2YlMjEyc1NvY2lldHklMjUyMGZvciUyNTIwdGhlJTI1MjBBbmltYWwlMjUyMFByb3RlY3Rpb24lMjUyMGluJTI1MjBNYWNhdSUyMTVlMCUyMTNtMiUyMTFzZW4lMjEycyUyMTR2MTYxODQ3NzgwMTIyMCUyMTVtMiUyMTFzZW4lMjEycyUyMiUyMHdpZHRoJTNEJTIyNjAwJTIyJTIwaGVpZ2h0JTNEJTIyNDUwJTIyJTIwc3R5bGUlM0QlMjJib3JkZXIlM0EwJTNCJTIyJTIwYWxsb3dmdWxsc2NyZWVuJTNEJTIyJTIyJTIwbG9hZGluZyUzRCUyMmxhenklMjIlM0UlM0MlMkZpZnJhbWUlM0U=&#8221;][\/vc_column][\/vc_row][vc_row row_type=&#8221;row&#8221; text_align=&#8221;left&#8221; css_animation=&#8221;&#8221;][vc_column][vc_separator type=&#8221;transparent&#8221;][\/vc_column][\/vc_row]\n<\/div>","protected":false},"excerpt":{"rendered":"<p>[vc_row row_type=&#8221;row&#8221; text_align=&#8221;left&#8221; css_animation=&#8221;&#8221;][vc_column width=&#8221;1\/2&#8243;][vc_separator type=&#8221;transparent&#8221;][vc_separator type=&#8221;transparent&#8221;][vc_separator type=&#8221;transparent&#8221;][vc_separator type=&#8221;transparent&#8221;][vc_column_text] Para\u00edso dos Gatos Morada: Estrada do Campo, No.16 R\/C, Coloane, Macau, SAR (China) Tel (+853) 68802 908 Tel (+853) 63018 784 Hor\u00e1rio de Abertura aos Visitantes Todos os dias (incluindo fim-de-semana e feriados): 12:00 \u00e0s 13:00 14:30 \u00e0s 17:30 [\/vc_column_text][vc_column_text] Endere\u00e7os Eletr\u00f3nicos info@animamacau.org anima@macau.ctm.net[\/vc_column_text][\/vc_column][vc_column width=&#8221;1\/2&#8243;][vc_separator type=&#8221;transparent&#8221;][vc_separator type=&#8221;transparent&#8221;][vc_separator type=&#8221;transparent&#8221;][vc_separator type=&#8221;transparent&#8221;][vc_column_text] Abrigo dos C\u00e3es Morada: Estrada do Altinho de K\u00e1 H\u00f3, Coloane, Macau, SAR (China) Tel\/Fax (+853) 28715 732 Tel (+853) 28703 224 Hor\u00e1rio de Abertura aos Visitantes Todos os dias (incluindo fim-de-semana e feriados): 12:00 \u00e0s 13:00 14:30 \u00e0s 17:30 [\/vc_column_text][vc_separator type=&#8221;transparent&#8221; up=&#8221;0&#8243; down=&#8221;25&#8243;][vc_separator type=&#8221;transparent&#8221;][\/vc_column][\/vc_row][vc_row row_type=&#8221;row&#8221; text_align=&#8221;left&#8221; css_animation=&#8221;&#8221;][vc_column width=&#8221;1\/2&#8243;][vc_column_text] Localiza\u00e7\u00e3o do Para\u00edso dos Gatos: [\/vc_column_text][vc_gmaps link=&#8221;#E-8_JTNDaWZyYW1lJTIwc3JjJTNEJTIyaHR0cHMlM0ElMkYlMkZ3d3cuZ29vZ2xlLmNvbSUyRm1hcHMlMkZlbWJlZCUzRnBiJTNEJTIxMW0xOCUyMTFtMTIlMjExbTMlMjExZDIzMS4wMTIxODc3MzQ5NjUzJTIxMmQxMTMuNTUyNTU0MDIzMzYyMjklMjEzZDIyLjExODUzOTUxNzAyOTM5JTIxMm0zJTIxMWYwJTIxMmYwJTIxM2YwJTIxM20yJTIxMWkxMDI0JTIxMmk3NjglMjE0ZjEzLjElMjEzbTMlMjExbTIlMjExczB4MzQwMTdiNjViYTQ5M2E4NyUyNTNBMHg1NmE5NTY2MjEwOGEwMWVjJTIxMno1cjZ6NlphQTVvU2I2SzIzNVl1VjU0bXA1WTJVNXB5RExlaXlrLWFvZ3VXY2tnJTIxNWUwJTIxM20yJTIxMXNlbiUyMTJzJTIxNHYxNjE4NDc3NzYzNTg5JTIxNW0yJTIxMXNlbiUyMTJzJTIyJTIwd2lkdGglM0QlMjI2MDAlMjIlMjBoZWlnaHQlM0QlMjI0NTAlMjIlMjBzdHlsZSUzRCUyMmJvcmRlciUzQTAlM0IlMjIlMjBhbGxvd2Z1bGxzY3JlZW4lM0QlMjIlMjIlMjBsb2FkaW5nJTNEJTIybGF6eSUyMiUzRSUzQyUyRmlmcmFtZSUzRQ==&#8221;][\/vc_column][vc_column width=&#8221;1\/2&#8243;][vc_column_text] Localiza\u00e7\u00e3o do Abrigo dos C\u00e3es: [\/vc_column_text][vc_gmaps link=&#8221;#E-8_JTNDaWZyYW1lJTIwc3JjJTNEJTIyaHR0cHMlM0ElMkYlMkZ3d3cuZ29vZ2xlLmNvbSUyRm1hcHMlMkZlbWJlZCUzRnBiJTNEJTIxMW0xOCUyMTFtMTIlMjExbTMlMjExZDkyMy45NTQ4MjY2NzcyODI5JTIxMmQxMTMuNTY2ODEzMzE3MDI4MTIlMjEzZDIyLjEzMjg2NDA2ODUwNTM1NiUyMTJtMyUyMTFmMCUyMTJmMCUyMTNmMCUyMTNtMiUyMTFpMTAyNCUyMTJpNzY4JTIxNGYxMy4xJTIxM20zJTIxMW0yJTIxMXMweDM0MDE3MDIxOGFkNWUxYmQlMjUzQTB4NmIzYWU4OWE2NTQ3N2YlMjEyc1NvY2lldHklMjUyMGZvciUyNTIwdGhlJTI1MjBBbmltYWwlMjUyMFByb3RlY3Rpb24lMjUyMGluJTI1MjBNYWNhdSUyMTVlMCUyMTNtMiUyMTFzZW4lMjEycyUyMTR2MTYxODQ3NzgwMTIyMCUyMTVtMiUyMTFzZW4lMjEycyUyMiUyMHdpZHRoJTNEJTIyNjAwJTIyJTIwaGVpZ2h0JTNEJTIyNDUwJTIyJTIwc3R5bGUlM0QlMjJib3JkZXIlM0EwJTNCJTIyJTIwYWxsb3dmdWxsc2NyZWVuJTNEJTIyJTIyJTIwbG9hZGluZyUzRCUyMmxhenklMjIlM0UlM0MlMkZpZnJhbWUlM0U=&#8221;][\/vc_column][\/vc_row][vc_row row_type=&#8221;row&#8221; text_align=&#8221;left&#8221; css_animation=&#8221;&#8221;][vc_column][vc_separator type=&#8221;transparent&#8221;][\/vc_column][\/vc_row]<\/p>\n","protected":false},"author":1,"featured_media":0,"parent":0,"menu_order":0,"comment_status":"open","ping_status":"open","template":"","meta":{"_acf_changed":false,"footnotes":""},"class_list":["post-22943","page","type-page","status-publish","hentry"],"acf":[],"_links":{"self":[{"href":"https:\/\/www.animamacau.org\/pt-pt\/wp-json\/wp\/v2\/pages\/22943","targetHints":{"allow":["GET"]}}],"collection":[{"href":"https:\/\/www.animamacau.org\/pt-pt\/wp-json\/wp\/v2\/pages"}],"about":[{"href":"https:\/\/www.animamacau.org\/pt-pt\/wp-json\/wp\/v2\/types\/page"}],"author":[{"embeddable":true,"href":"https:\/\/www.animamacau.org\/pt-pt\/wp-json\/wp\/v2\/users\/1"}],"replies":[{"embeddable":true,"href":"https:\/\/www.animamacau.org\/pt-pt\/wp-json\/wp\/v2\/comments?post=22943"}],"version-history":[{"count":6,"href":"https:\/\/www.animamacau.org\/pt-pt\/wp-json\/wp\/v2\/pages\/22943\/revisions"}],"predecessor-version":[{"id":126335,"href":"https:\/\/www.animamacau.org\/pt-pt\/wp-json\/wp\/v2\/pages\/22943\/revisions\/126335"}],"wp:attachment":[{"href":"https:\/\/www.animamacau.org\/pt-pt\/wp-json\/wp\/v2\/media?parent=22943"}],"curies":[{"name":"wp","href":"https:\/\/api.w.org\/{rel}","templated":true}]}}